{"id":99,"date":"2008-12-03T15:31:18","date_gmt":"2008-12-03T14:31:18","guid":{"rendered":"http:\/\/blog-bobika.eu\/?page_id=99"},"modified":"2015-08-28T13:51:29","modified_gmt":"2015-08-28T11:51:29","slug":"dwa-psy","status":"publish","type":"page","link":"https:\/\/blog-bobika.eu\/?page_id=99","title":{"rendered":"Dwa psy"},"content":{"rendered":"<p>Jeden pies, p\u0119dziwiatr,<br \/>\nbez obciach\u00f3w zgarnia\u0142 \u015bwiat,<br \/>\nbieg\u0142 przez Francje i Japonie,<br \/>\nrzadko sobie na ogonie<br \/>\nsiad\u0142.<\/p>\n<p>Drugi pies, sm\u0119tny zwierz,<br \/>\nw \u015bwiecie czu\u0142 si\u0119 niczym wesz<br \/>\npo ulicach, po granicach,<br \/>\njaki\u015b niesw\u00f3j si\u0119 przemyca\u0142,<br \/>\no \u017cesz!<\/p>\n<p>Jeden pies, sprytny czart,<br \/>\nwachlarz mia\u0142 bankowych kart,<br \/>\nSzopen wierzb\u0105 mu nie grozi\u0142,<br \/>\na po mie\u015bcie go obwozi\u0142<br \/>\nSmart.<\/p>\n<p>Drugi pies po\u015br\u00f3d s\u0142\u00f3w,<br \/>\nco \u017c\u0142obi\u0142y w g\u0142owie r\u00f3w,<br \/>\nw snach schowan\u0105 dziwn\u0105 mow\u0105<br \/>\ndawne dawa\u0142 rzeczy s\u0142owo<br \/>\nzn\u00f3w.<\/p>\n<p>komu \u015bwiat, komu sny,<br \/>\npatrz\u0105 w lustro oba psy:<br \/>\nczy to schizofrenia jest?<br \/>\nJa i on to jeden pies.<br \/>\nYes.<\/p>\n","protected":false},"excerpt":{"rendered":"<p>Jeden pies, p\u0119dziwiatr, bez obciach\u00f3w zgarnia\u0142 \u015bwiat, bieg\u0142 przez Francje i Japonie, rzadko sobie na ogonie siad\u0142. Drugi pies, sm\u0119tny zwierz, w \u015bwiecie czu\u0142 si\u0119 niczym wesz po ulicach, po granicach, jaki\u015b niesw\u00f3j si\u0119 przemyca\u0142, o \u017cesz! Jeden pies, sprytny czart, wachlarz mia\u0142 bankowych kart, Szopen wierzb\u0105 mu nie grozi\u0142, a po mie\u015bcie go obwozi\u0142 Smart. Drugi pies po\u015br\u00f3d s\u0142\u00f3w, co \u017c\u0142obi\u0142y w g\u0142owie r\u00f3w, w snach schowan\u0105 dziwn\u0105 mow\u0105 dawne dawa\u0142 rzeczy s\u0142owo zn\u00f3w. komu \u015bwiat, komu sny, patrz\u0105 w lustro oba psy: czy to schizofrenia jest? Ja i on to jeden pies. Yes.<\/p>\n","protected":false},"author":274,"featured_media":0,"parent":2563,"menu_order":0,"comment_status":"open","ping_status":"open","template":"wiersze_PSB.php","meta":{"footnotes":""},"class_list":["post-99","page","type-page","status-publish","hentry"],"_links":{"self":[{"href":"https:\/\/blog-bobika.eu\/index.php?rest_route=\/wp\/v2\/pages\/99","targetHints":{"allow":["GET"]}}],"collection":[{"href":"https:\/\/blog-bobika.eu\/index.php?rest_route=\/wp\/v2\/pages"}],"about":[{"href":"https:\/\/blog-bobika.eu\/index.php?rest_route=\/wp\/v2\/types\/page"}],"author":[{"embeddable":true,"href":"https:\/\/blog-bobika.eu\/index.php?rest_route=\/wp\/v2\/users\/274"}],"replies":[{"embeddable":true,"href":"https:\/\/blog-bobika.eu\/index.php?rest_route=%2Fwp%2Fv2%2Fcomments&post=99"}],"version-history":[{"count":1,"href":"https:\/\/blog-bobika.eu\/index.php?rest_route=\/wp\/v2\/pages\/99\/revisions"}],"predecessor-version":[{"id":2584,"href":"https:\/\/blog-bobika.eu\/index.php?rest_route=\/wp\/v2\/pages\/99\/revisions\/2584"}],"up":[{"embeddable":true,"href":"https:\/\/blog-bobika.eu\/index.php?rest_route=\/wp\/v2\/pages\/2563"}],"wp:attachment":[{"href":"https:\/\/blog-bobika.eu\/index.php?rest_route=%2Fwp%2Fv2%2Fmedia&parent=99"}],"curies":[{"name":"wp","href":"https:\/\/api.w.org\/{rel}","templated":true}]}}