{"id":80,"date":"2008-11-03T14:33:33","date_gmt":"2008-11-03T13:33:33","guid":{"rendered":"http:\/\/www.wowil.coldlight.pl\/bobik\/?page_id=80"},"modified":"2015-08-28T19:11:51","modified_gmt":"2015-08-28T17:11:51","slug":"chopin","status":"publish","type":"page","link":"https:\/\/blog-bobika.eu\/?page_id=80","title":{"rendered":"Chopin"},"content":{"rendered":"<p>Siedzi Chopin pod wierzb\u0105,<br \/>\n\u0142ezka z oka mu ciurka,<br \/>\nnawet mu si\u0119 ju\u017c nie chce<br \/>\nskomponowa\u0107 mazurka.<\/p>\n<p>Kto \u017cyw sobie nim g\u0119b\u0119<br \/>\noraz palce wyciera,<br \/>\nciotka, plotka i vodka &#8211;<br \/>\nmo\u017ce wzi\u0105\u0107 ju\u017c cholera!<\/p>\n<p>Komuch mia\u0142 go za swego,<br \/>\nteraz Radio Maryja.<br \/>\nSiedzi Chopin i sm\u0119tnie<br \/>\npolonaise&#8217;a popija&#8230;<\/p>\n","protected":false},"excerpt":{"rendered":"<p>Siedzi Chopin pod wierzb\u0105, \u0142ezka z oka mu ciurka, nawet mu si\u0119 ju\u017c nie chce skomponowa\u0107 mazurka. Kto \u017cyw sobie nim g\u0119b\u0119 oraz palce wyciera, ciotka, plotka i vodka &#8211; mo\u017ce wzi\u0105\u0107 ju\u017c cholera! Komuch mia\u0142 go za swego, teraz Radio Maryja. Siedzi Chopin i sm\u0119tnie polonaise&#8217;a popija&#8230;<\/p>\n","protected":false},"author":274,"featured_media":0,"parent":2571,"menu_order":0,"comment_status":"open","ping_status":"open","template":"wiersze_muzyczne.php","meta":{"footnotes":""},"class_list":["post-80","page","type-page","status-publish","hentry"],"_links":{"self":[{"href":"https:\/\/blog-bobika.eu\/index.php?rest_route=\/wp\/v2\/pages\/80","targetHints":{"allow":["GET"]}}],"collection":[{"href":"https:\/\/blog-bobika.eu\/index.php?rest_route=\/wp\/v2\/pages"}],"about":[{"href":"https:\/\/blog-bobika.eu\/index.php?rest_route=\/wp\/v2\/types\/page"}],"author":[{"embeddable":true,"href":"https:\/\/blog-bobika.eu\/index.php?rest_route=\/wp\/v2\/users\/274"}],"replies":[{"embeddable":true,"href":"https:\/\/blog-bobika.eu\/index.php?rest_route=%2Fwp%2Fv2%2Fcomments&post=80"}],"version-history":[{"count":1,"href":"https:\/\/blog-bobika.eu\/index.php?rest_route=\/wp\/v2\/pages\/80\/revisions"}],"predecessor-version":[{"id":2617,"href":"https:\/\/blog-bobika.eu\/index.php?rest_route=\/wp\/v2\/pages\/80\/revisions\/2617"}],"up":[{"embeddable":true,"href":"https:\/\/blog-bobika.eu\/index.php?rest_route=\/wp\/v2\/pages\/2571"}],"wp:attachment":[{"href":"https:\/\/blog-bobika.eu\/index.php?rest_route=%2Fwp%2Fv2%2Fmedia&parent=80"}],"curies":[{"name":"wp","href":"https:\/\/api.w.org\/{rel}","templated":true}]}}