{"id":79,"date":"2008-11-03T14:31:41","date_gmt":"2008-11-03T13:31:41","guid":{"rendered":"http:\/\/www.wowil.coldlight.pl\/bobik\/?page_id=79"},"modified":"2015-08-28T14:27:30","modified_gmt":"2015-08-28T12:27:30","slug":"pan-piesek-byl-chory","status":"publish","type":"page","link":"https:\/\/blog-bobika.eu\/?page_id=79","title":{"rendered":"Pan Piesek by\u0142 chory"},"content":{"rendered":"<p>Pan Piesek by\u0142 chory. Gdy le\u017ca\u0142 w bar\u0142ogu,<br \/>\nzabroni\u0142 Pan Doktor mu klepa\u0107 na blogu<br \/>\ni dziwy mu prawi\u0142: \u017ce pisa\u0142 za du\u017co,<br \/>\n\u017ce pieskom te blogi to wcale nie s\u0142u\u017c\u0105,<br \/>\n\u017ce wirus, gdy tylko okazj\u0119 gdzie\u015b zoczy,<br \/>\nto z kompa na pieska bez trudu przeskoczy,<br \/>\ndlatego dyjeta od s\u0142\u00f3wek wskazana<br \/>\ni nawet surowsza dla psa, ni\u017c dla pana.<br \/>\n&#8222;A kr\u00f3tki rzeczownik? &#8211; zapyta\u0142 pieseczek &#8211;<br \/>\nlub partykularnych cho\u0107 kilka cz\u0105steczek?&#8221;<br \/>\n&#8222;Ni dudu! &#8211; rzek\u0142 Doktor &#8211; ni jednej litery,<br \/>\nbo wirus w ni\u0105 wlezie jak dwa a dwa cztery!&#8221;<br \/>\n&#8222;Nie b\u0119d\u0119!&#8221; zaskomli\u0142 pieseczek \u017ca\u0142o\u015bnie,<br \/>\na my\u015bla\u0142: &#8222;ju\u017c pr\u0119dzej mi kaktus wyro\u015bnie!&#8221;<br \/>\nGdy wyszed\u0142 Pan Doktor, pieseczek do kompa,<br \/>\na tam co\u015b dziwnego po kompie mu st\u0105pa,<br \/>\nni \u017cywe, ni martwe, ni z mi\u0119sa, ni z pierza,<br \/>\nlecz st\u0105pa i jakby si\u0119 nawet wyszczerza,<br \/>\na w tym wyszczerzeniu podtek\u015bcik jest dra\u0144ski,<br \/>\npodst\u0119pny, jak gdyby to ko\u0144 by\u0142 troja\u0144ski,<br \/>\nwyrostki to dziwne ma, trzy nibyn\u00f3\u017cki,<br \/>\nna ko\u0144cu za\u015b ka\u017cdej co\u015b niby okruszki,<br \/>\ni z kilku segment\u00f3w z\u0142ych wie\u015bci si\u0119 sk\u0142ada!<br \/>\n&#8222;Auuu! &#8211; zawy\u0142 pieseczek &#8211; to wirus! Ach, biada!<br \/>\nPrzeze mnie komputer m\u00f3j tak\u017ce zachorza\u0142!&#8221;<br \/>\nMysz cisn\u0105\u0142 i szybko da\u0142 dyla do \u0142o\u017ca.<\/p>\n<p>Dziatki, wam te\u017c si\u0119 mo\u017ce to zdarza\u0107 czasami,<br \/>\nuwa\u017cajcie wi\u0119c z blogami!<\/p>\n","protected":false},"excerpt":{"rendered":"<p>Pan Piesek by\u0142 chory. Gdy le\u017ca\u0142 w bar\u0142ogu, zabroni\u0142 Pan Doktor mu klepa\u0107 na blogu i dziwy mu prawi\u0142: \u017ce pisa\u0142 za du\u017co, \u017ce pieskom te blogi to wcale nie s\u0142u\u017c\u0105, \u017ce wirus, gdy tylko okazj\u0119 gdzie\u015b zoczy, to z kompa na pieska bez trudu przeskoczy, dlatego dyjeta od s\u0142\u00f3wek wskazana i nawet surowsza dla psa, ni\u017c dla pana. &#8222;A kr\u00f3tki rzeczownik? &#8211; zapyta\u0142 pieseczek &#8211; lub partykularnych cho\u0107 kilka cz\u0105steczek?&#8221; &#8222;Ni dudu! &#8211; rzek\u0142 Doktor &#8211; ni jednej litery, bo wirus w ni\u0105 wlezie jak dwa a dwa cztery!&#8221; &#8222;Nie b\u0119d\u0119!&#8221; zaskomli\u0142 pieseczek \u017ca\u0142o\u015bnie, a my\u015bla\u0142: &#8222;ju\u017c pr\u0119dzej mi [&hellip;]<\/p>\n","protected":false},"author":274,"featured_media":0,"parent":2563,"menu_order":0,"comment_status":"open","ping_status":"open","template":"wiersze_PSB.php","meta":{"footnotes":""},"class_list":["post-79","page","type-page","status-publish","hentry"],"_links":{"self":[{"href":"https:\/\/blog-bobika.eu\/index.php?rest_route=\/wp\/v2\/pages\/79","targetHints":{"allow":["GET"]}}],"collection":[{"href":"https:\/\/blog-bobika.eu\/index.php?rest_route=\/wp\/v2\/pages"}],"about":[{"href":"https:\/\/blog-bobika.eu\/index.php?rest_route=\/wp\/v2\/types\/page"}],"author":[{"embeddable":true,"href":"https:\/\/blog-bobika.eu\/index.php?rest_route=\/wp\/v2\/users\/274"}],"replies":[{"embeddable":true,"href":"https:\/\/blog-bobika.eu\/index.php?rest_route=%2Fwp%2Fv2%2Fcomments&post=79"}],"version-history":[{"count":2,"href":"https:\/\/blog-bobika.eu\/index.php?rest_route=\/wp\/v2\/pages\/79\/revisions"}],"predecessor-version":[{"id":2067,"href":"https:\/\/blog-bobika.eu\/index.php?rest_route=\/wp\/v2\/pages\/79\/revisions\/2067"}],"up":[{"embeddable":true,"href":"https:\/\/blog-bobika.eu\/index.php?rest_route=\/wp\/v2\/pages\/2563"}],"wp:attachment":[{"href":"https:\/\/blog-bobika.eu\/index.php?rest_route=%2Fwp%2Fv2%2Fmedia&parent=79"}],"curies":[{"name":"wp","href":"https:\/\/api.w.org\/{rel}","templated":true}]}}