{"id":62,"date":"2008-10-29T19:51:57","date_gmt":"2008-10-29T18:51:57","guid":{"rendered":"http:\/\/www.wowil.coldlight.pl\/bobik\/?page_id=62"},"modified":"2015-08-28T18:58:32","modified_gmt":"2015-08-28T16:58:32","slug":"kurs-ziania","status":"publish","type":"page","link":"https:\/\/blog-bobika.eu\/?page_id=62","title":{"rendered":"Kurs ziajania"},"content":{"rendered":"<p>Najpierw ozorek con amore<br \/>\nwysun\u0105\u0107 wprost w upaln\u0105 por\u0119,<br \/>\nwci\u0105gn\u0105\u0107 powietrza haust (O Bo\u017ce!<br \/>\nChyba ju\u017c gorzej by\u0107 nie mo\u017ce!),<br \/>\nale z rozmachem, jak Sarmata,<br \/>\ntak by si\u0119 poruszy\u0142a klata!<br \/>\nTeraz ten \u0142yk lotnego wrz\u0105tku<br \/>\nprzytrzyma\u0107 jaki\u015b czas w \u017co\u0142\u0105dku<br \/>\n(podczas gdy my\u015bl ulata chmur\u0105<br \/>\nku \u015bnie\u017cnym i lodowym g\u00f3rom),<br \/>\na gdy ju\u017c sch\u0142odzi si\u0119 o stopie\u0144,<br \/>\nwytchn\u0105\u0107 (to jakby przeci\u0105\u0107 ropie\u0144)<br \/>\nwydaj\u0105c odg\u0142os: he, he, he, he!<br \/>\nI to by wszystko by\u0142o w dech\u0119,<br \/>\ngdyby nie fakt, \u017ce za sekund\u0119<br \/>\ntrzeba powt\u00f3rzy\u0107 ca\u0142\u0105 rund\u0119. \ud83d\ude41<br \/>\nWi\u0119c nim decyzj\u0119 si\u0119 podejmie<br \/>\nziajania, prosz\u0119 ja uprzejmie<br \/>\n\u017ceby przemy\u015ble\u0107 dobrze problem,<br \/>\nbo nawet obdarzeni Noblem<br \/>\nnie zawsze ziaj\u0105 po mistrzowsku,<br \/>\njak pierwszy lepszy pies w Pokrowsku,<br \/>\na gdy rzecz ma by\u0107 spartaczona,<br \/>\nto lepiej wle\u017a\u0107 ju\u017c na skorpiona!<\/p>\n","protected":false},"excerpt":{"rendered":"<p>Najpierw ozorek con amore wysun\u0105\u0107 wprost w upaln\u0105 por\u0119, wci\u0105gn\u0105\u0107 powietrza haust (O Bo\u017ce! Chyba ju\u017c gorzej by\u0107 nie mo\u017ce!), ale z rozmachem, jak Sarmata, tak by si\u0119 poruszy\u0142a klata! Teraz ten \u0142yk lotnego wrz\u0105tku przytrzyma\u0107 jaki\u015b czas w \u017co\u0142\u0105dku (podczas gdy my\u015bl ulata chmur\u0105 ku \u015bnie\u017cnym i lodowym g\u00f3rom), a gdy ju\u017c sch\u0142odzi si\u0119 o stopie\u0144, wytchn\u0105\u0107 (to jakby przeci\u0105\u0107 ropie\u0144) wydaj\u0105c odg\u0142os: he, he, he, he! I to by wszystko by\u0142o w dech\u0119, gdyby nie fakt, \u017ce za sekund\u0119 trzeba powt\u00f3rzy\u0107 ca\u0142\u0105 rund\u0119. \ud83d\ude41 Wi\u0119c nim decyzj\u0119 si\u0119 podejmie ziajania, prosz\u0119 ja uprzejmie \u017ceby przemy\u015ble\u0107 dobrze problem, bo [&hellip;]<\/p>\n","protected":false},"author":274,"featured_media":0,"parent":2563,"menu_order":0,"comment_status":"open","ping_status":"open","template":"wiersze_PSB.php","meta":{"footnotes":""},"class_list":["post-62","page","type-page","status-publish","hentry"],"_links":{"self":[{"href":"https:\/\/blog-bobika.eu\/index.php?rest_route=\/wp\/v2\/pages\/62","targetHints":{"allow":["GET"]}}],"collection":[{"href":"https:\/\/blog-bobika.eu\/index.php?rest_route=\/wp\/v2\/pages"}],"about":[{"href":"https:\/\/blog-bobika.eu\/index.php?rest_route=\/wp\/v2\/types\/page"}],"author":[{"embeddable":true,"href":"https:\/\/blog-bobika.eu\/index.php?rest_route=\/wp\/v2\/users\/274"}],"replies":[{"embeddable":true,"href":"https:\/\/blog-bobika.eu\/index.php?rest_route=%2Fwp%2Fv2%2Fcomments&post=62"}],"version-history":[{"count":2,"href":"https:\/\/blog-bobika.eu\/index.php?rest_route=\/wp\/v2\/pages\/62\/revisions"}],"predecessor-version":[{"id":2612,"href":"https:\/\/blog-bobika.eu\/index.php?rest_route=\/wp\/v2\/pages\/62\/revisions\/2612"}],"up":[{"embeddable":true,"href":"https:\/\/blog-bobika.eu\/index.php?rest_route=\/wp\/v2\/pages\/2563"}],"wp:attachment":[{"href":"https:\/\/blog-bobika.eu\/index.php?rest_route=%2Fwp%2Fv2%2Fmedia&parent=62"}],"curies":[{"name":"wp","href":"https:\/\/api.w.org\/{rel}","templated":true}]}}