{"id":58,"date":"2008-10-29T19:46:57","date_gmt":"2008-10-29T18:46:57","guid":{"rendered":"http:\/\/www.wowil.coldlight.pl\/bobik\/?page_id=58"},"modified":"2019-12-08T17:56:05","modified_gmt":"2019-12-08T16:56:05","slug":"noble","status":"publish","type":"page","link":"https:\/\/blog-bobika.eu\/?page_id=58","title":{"rendered":"Noble"},"content":{"rendered":"<p>Pies do Sztokholmu zjecha\u0142 raz,<br \/>\nwyhasa\u0142 si\u0119 na grobli,<br \/>\npo czym rzek\u0142: ch\u0119tnie bym raz wlaz\u0142<br \/>\nna to rozdanie Nobli.<\/p>\n<p>Lecz na przeszkodzie fraka brak<br \/>\nsta\u0142 oraz wzrost nikczemny,<br \/>\npies wi\u0119c pomy\u015bla\u0142 sobie tak<br \/>\n(bo wcale nie by\u0142 ciemny):<\/p>\n<p>ludzie pozor\u00f3w lubi\u0105 gr\u0119,<br \/>\ndostojno\u015b\u0107 z n\u00f3g ich \u015bcina,<br \/>\nwi\u0119c w konia zrobi\u0119 ich i si\u0119<br \/>\nprzebior\u0119 za pingwina.<\/p>\n<p>Tak zrobi\u0142. W\u0142asny wygl\u0105d wnet<br \/>\ngo nad\u0105\u0142 i o\u015bmieli\u0142<br \/>\nwi\u0119c na noblowski bankiet wszed\u0142<br \/>\nbez zb\u0119dnych ceregieli.<\/p>\n<p>A tam ordery, szyk, ho-ho,<br \/>\nkrewetki i \u0142ososie<br \/>\na nade wszystko zapach, co<br \/>\ntak s\u0142odko wierci w nosie.<\/p>\n<p>Pies si\u0119 rozgl\u0105da, m\u0119sko-dam-<br \/>\nskim milieu si\u0119 zachwyca,<br \/>\nale ten zapach&#8230; &#8222;Zaraz&#8230; mam!<br \/>\nto z foie gras pol\u0119dwica!<\/p>\n<p>Ach, c\u00f3\u017c mi zawiedzionych stres<br \/>\ni g\u0142adkich m\u00f3w aksamit?&#8221;<br \/>\n\u0106wier\u0107 mi\u0119sa w z\u0119by porwa\u0142 pies<br \/>\ni zwia\u0142 tylnymi drzwiami!<\/p>\n<p>Kr\u00f3lowa si\u0119 zachwia\u0142a, a<br \/>\nkr\u00f3l si\u0119 za g\u0142ow\u0119 chwyci\u0142<br \/>\nlecz c\u00f3\u017c to obchodzi\u0142o psa?<br \/>\nOn przecie\u017c si\u0119 nasyci\u0142&#8230;<\/p>\n<p>Ko\u0142o mora\u0142u warto by<br \/>\nobecnie si\u0119 zakrz\u0105tn\u0105\u0107:<br \/>\nW Sztokholmie zawsze mo\u017ce ci<br \/>\nkto\u015b co\u015b sprzed nosa sprz\u0105tn\u0105\u0107! \ud83d\ude09<\/p>\n","protected":false},"excerpt":{"rendered":"<p>Pies do Sztokholmu zjecha\u0142 raz, wyhasa\u0142 si\u0119 na grobli, po czym rzek\u0142: ch\u0119tnie bym raz wlaz\u0142 na to rozdanie Nobli. Lecz na przeszkodzie fraka brak sta\u0142 oraz wzrost nikczemny, pies wi\u0119c pomy\u015bla\u0142 sobie tak (bo wcale nie by\u0142 ciemny): ludzie pozor\u00f3w lubi\u0105 gr\u0119, dostojno\u015b\u0107 z n\u00f3g ich \u015bcina, wi\u0119c w konia zrobi\u0119 ich i si\u0119 przebior\u0119 za pingwina. Tak zrobi\u0142. W\u0142asny wygl\u0105d wnet go nad\u0105\u0142 i o\u015bmieli\u0142 wi\u0119c na noblowski bankiet wszed\u0142 bez zb\u0119dnych ceregieli. A tam ordery, szyk, ho-ho, krewetki i \u0142ososie a nade wszystko zapach, co tak s\u0142odko wierci w nosie. Pies si\u0119 rozgl\u0105da, m\u0119sko-dam- skim milieu si\u0119 [&hellip;]<\/p>\n","protected":false},"author":274,"featured_media":0,"parent":2563,"menu_order":0,"comment_status":"open","ping_status":"open","template":"wiersze_PSB.php","meta":{"footnotes":""},"class_list":["post-58","page","type-page","status-publish","hentry"],"_links":{"self":[{"href":"https:\/\/blog-bobika.eu\/index.php?rest_route=\/wp\/v2\/pages\/58","targetHints":{"allow":["GET"]}}],"collection":[{"href":"https:\/\/blog-bobika.eu\/index.php?rest_route=\/wp\/v2\/pages"}],"about":[{"href":"https:\/\/blog-bobika.eu\/index.php?rest_route=\/wp\/v2\/types\/page"}],"author":[{"embeddable":true,"href":"https:\/\/blog-bobika.eu\/index.php?rest_route=\/wp\/v2\/users\/274"}],"replies":[{"embeddable":true,"href":"https:\/\/blog-bobika.eu\/index.php?rest_route=%2Fwp%2Fv2%2Fcomments&post=58"}],"version-history":[{"count":3,"href":"https:\/\/blog-bobika.eu\/index.php?rest_route=\/wp\/v2\/pages\/58\/revisions"}],"predecessor-version":[{"id":3412,"href":"https:\/\/blog-bobika.eu\/index.php?rest_route=\/wp\/v2\/pages\/58\/revisions\/3412"}],"up":[{"embeddable":true,"href":"https:\/\/blog-bobika.eu\/index.php?rest_route=\/wp\/v2\/pages\/2563"}],"wp:attachment":[{"href":"https:\/\/blog-bobika.eu\/index.php?rest_route=%2Fwp%2Fv2%2Fmedia&parent=58"}],"curies":[{"name":"wp","href":"https:\/\/api.w.org\/{rel}","templated":true}]}}