{"id":57,"date":"2008-10-29T19:45:56","date_gmt":"2008-10-29T18:45:56","guid":{"rendered":"http:\/\/www.wowil.coldlight.pl\/bobik\/?page_id=57"},"modified":"2015-08-28T13:14:45","modified_gmt":"2015-08-28T11:14:45","slug":"owad-song","status":"publish","type":"page","link":"https:\/\/blog-bobika.eu\/?page_id=57","title":{"rendered":"Owad-song"},"content":{"rendered":"<p class=\"MsoPlainText\"><span>Zakwit\u0142 bzzz<br \/>\ni owad bluesa czuje<br \/>\nzakwit\u0142 bzzz<br \/>\ni wszystko si\u0119 rymuje<br \/>\nz k\u0105\u015bliwym<br \/>\nruchliwym<br \/>\nskrzydlato- natarczywym<br \/>\nbzzz<br \/>\nbzzz<br \/>\nbzzzzzzz!<\/span><\/p>\n<p>Zakwit\u0142 bzzz<br \/>\ni ga\u0142y pies wytrzeszcza:<br \/>\njak tu by<br \/>\nspod pachy wygry\u017a\u0107 kleszcza?<br \/>\nkomara<br \/>\nw szuwarach<br \/>\njak ustrzec si\u0119 od zaraz?<br \/>\nBzzz,<br \/>\nbzzz,<br \/>\nbzzzzzzz!<\/p>\n<p>Zakwit\u0142 bzzz<br \/>\ni mi\u0142y ka\u017cdy grzeszek,<br \/>\nzw\u0142aszcza gdy<br \/>\ndoko\u0142a roje meszek.<br \/>\nPo \u0142apie<br \/>\nsi\u0119 drapi\u0119<br \/>\ni tarzam po kanapie,<br \/>\nwrrr,<br \/>\nwrrr,<br \/>\nwrrrrrrrr!<\/p>\n<p>Zakwit\u0142 bzzz,<br \/>\npobiega\u0142bym po \u0142\u0105ce,<br \/>\nlecz tam tkwi<br \/>\nuparcie to bzycz\u0105ce.<br \/>\nWi\u0119c mo\u017ce<br \/>\nw komorze<br \/>\nna \u0142o\u017ce si\u0119 po\u0142o\u017c\u0119 &#8211;<br \/>\nchrrr,<br \/>\nchrrr<br \/>\n<span>chrrrrrrrr!<\/span><\/p>\n","protected":false},"excerpt":{"rendered":"<p>Zakwit\u0142 bzzz i owad bluesa czuje zakwit\u0142 bzzz i wszystko si\u0119 rymuje z k\u0105\u015bliwym ruchliwym skrzydlato- natarczywym bzzz bzzz bzzzzzzz! Zakwit\u0142 bzzz i ga\u0142y pies wytrzeszcza: jak tu by spod pachy wygry\u017a\u0107 kleszcza? komara w szuwarach jak ustrzec si\u0119 od zaraz? Bzzz, bzzz, bzzzzzzz! Zakwit\u0142 bzzz i mi\u0142y ka\u017cdy grzeszek, zw\u0142aszcza gdy doko\u0142a roje meszek. Po \u0142apie si\u0119 drapi\u0119 i tarzam po kanapie, wrrr, wrrr, wrrrrrrrr! Zakwit\u0142 bzzz, pobiega\u0142bym po \u0142\u0105ce, lecz tam tkwi uparcie to bzycz\u0105ce. Wi\u0119c mo\u017ce w komorze na \u0142o\u017ce si\u0119 po\u0142o\u017c\u0119 &#8211; chrrr, chrrr chrrrrrrrr!<\/p>\n","protected":false},"author":274,"featured_media":0,"parent":2567,"menu_order":0,"comment_status":"open","ping_status":"open","template":"wiersze_animalia.php","meta":{"footnotes":""},"class_list":["post-57","page","type-page","status-publish","hentry"],"_links":{"self":[{"href":"https:\/\/blog-bobika.eu\/index.php?rest_route=\/wp\/v2\/pages\/57","targetHints":{"allow":["GET"]}}],"collection":[{"href":"https:\/\/blog-bobika.eu\/index.php?rest_route=\/wp\/v2\/pages"}],"about":[{"href":"https:\/\/blog-bobika.eu\/index.php?rest_route=\/wp\/v2\/types\/page"}],"author":[{"embeddable":true,"href":"https:\/\/blog-bobika.eu\/index.php?rest_route=\/wp\/v2\/users\/274"}],"replies":[{"embeddable":true,"href":"https:\/\/blog-bobika.eu\/index.php?rest_route=%2Fwp%2Fv2%2Fcomments&post=57"}],"version-history":[{"count":1,"href":"https:\/\/blog-bobika.eu\/index.php?rest_route=\/wp\/v2\/pages\/57\/revisions"}],"predecessor-version":[{"id":2577,"href":"https:\/\/blog-bobika.eu\/index.php?rest_route=\/wp\/v2\/pages\/57\/revisions\/2577"}],"up":[{"embeddable":true,"href":"https:\/\/blog-bobika.eu\/index.php?rest_route=\/wp\/v2\/pages\/2567"}],"wp:attachment":[{"href":"https:\/\/blog-bobika.eu\/index.php?rest_route=%2Fwp%2Fv2%2Fmedia&parent=57"}],"curies":[{"name":"wp","href":"https:\/\/api.w.org\/{rel}","templated":true}]}}