{"id":54,"date":"2008-10-29T19:41:24","date_gmt":"2008-10-29T18:41:24","guid":{"rendered":"http:\/\/www.wowil.coldlight.pl\/bobik\/?page_id=54"},"modified":"2008-10-29T19:41:24","modified_gmt":"2008-10-29T18:41:24","slug":"tort-na-setke","status":"publish","type":"page","link":"https:\/\/blog-bobika.eu\/?page_id=54","title":{"rendered":"Tort na setk\u0119"},"content":{"rendered":"<p class=\"MsoPlainText\"><span>Tort na setk\u0119? Nic prostszego &#8211;<br \/>\nprzygotowa\u0107 pi\u0119\u0107dziesi\u0105tk\u0119<br \/>\n(to w zasadze nic trudnego,<br \/>\njak uporasz si\u0119 z \u0142ab\u0105dkiem)*,<br \/>\nchlupn\u0105\u0107 w trzewia, krzykn\u0105\u0107 &#8222;huhu!&#8221;,<br \/>\nda\u0107 si\u0119 przeszy\u0107 ciep\u0142ym dreszczem,<br \/>\npo czym, dalej w tym\u017ce duchu,<br \/>\nczynno\u015b\u0107 raz powt\u00f3rzy\u0107 jeszcze.<br \/>\nKiedy podk\u0142ad ju\u017c gotowy<br \/>\nstarczy torcik na\u0144 po\u0142o\u017cy\u0107.<br \/>\nJa polecam tort \u015bledziowy,<br \/>\nlecz oferty mo\u017cna mno\u017cy\u0107&#8230; \ud83d\ude00<\/p>\n<p><\/span><span>*Kto nie wie, co to jest \u0142ab\u0105dek i do czego s\u0142u\u017cy, powinien spr\u00f3bowa\u0107 prze\u017cy\u0107 \u017cycie ponownie.<\/span><\/p>\n","protected":false},"excerpt":{"rendered":"<p>Tort na setk\u0119? Nic prostszego &#8211; przygotowa\u0107 pi\u0119\u0107dziesi\u0105tk\u0119 (to w zasadze nic trudnego, jak uporasz si\u0119 z \u0142ab\u0105dkiem)*, chlupn\u0105\u0107 w trzewia, krzykn\u0105\u0107 &#8222;huhu!&#8221;, da\u0107 si\u0119 przeszy\u0107 ciep\u0142ym dreszczem, po czym, dalej w tym\u017ce duchu, czynno\u015b\u0107 raz powt\u00f3rzy\u0107 jeszcze. Kiedy podk\u0142ad ju\u017c gotowy starczy torcik na\u0144 po\u0142o\u017cy\u0107. Ja polecam tort \u015bledziowy, lecz oferty mo\u017cna mno\u017cy\u0107&#8230; \ud83d\ude00 *Kto nie wie, co to jest \u0142ab\u0105dek i do czego s\u0142u\u017cy, powinien spr\u00f3bowa\u0107 prze\u017cy\u0107 \u017cycie ponownie.<\/p>\n","protected":false},"author":274,"featured_media":0,"parent":3,"menu_order":0,"comment_status":"open","ping_status":"open","template":"wiersze1.php","meta":{"footnotes":""},"class_list":["post-54","page","type-page","status-publish","hentry"],"_links":{"self":[{"href":"https:\/\/blog-bobika.eu\/index.php?rest_route=\/wp\/v2\/pages\/54","targetHints":{"allow":["GET"]}}],"collection":[{"href":"https:\/\/blog-bobika.eu\/index.php?rest_route=\/wp\/v2\/pages"}],"about":[{"href":"https:\/\/blog-bobika.eu\/index.php?rest_route=\/wp\/v2\/types\/page"}],"author":[{"embeddable":true,"href":"https:\/\/blog-bobika.eu\/index.php?rest_route=\/wp\/v2\/users\/274"}],"replies":[{"embeddable":true,"href":"https:\/\/blog-bobika.eu\/index.php?rest_route=%2Fwp%2Fv2%2Fcomments&post=54"}],"version-history":[{"count":0,"href":"https:\/\/blog-bobika.eu\/index.php?rest_route=\/wp\/v2\/pages\/54\/revisions"}],"up":[{"embeddable":true,"href":"https:\/\/blog-bobika.eu\/index.php?rest_route=\/wp\/v2\/pages\/3"}],"wp:attachment":[{"href":"https:\/\/blog-bobika.eu\/index.php?rest_route=%2Fwp%2Fv2%2Fmedia&parent=54"}],"curies":[{"name":"wp","href":"https:\/\/api.w.org\/{rel}","templated":true}]}}