{"id":53,"date":"2008-10-29T19:38:56","date_gmt":"2008-10-29T18:38:56","guid":{"rendered":"http:\/\/www.wowil.coldlight.pl\/bobik\/?page_id=53"},"modified":"2009-06-16T16:50:16","modified_gmt":"2009-06-16T14:50:16","slug":"tofu","status":"publish","type":"page","link":"https:\/\/blog-bobika.eu\/?page_id=53","title":{"rendered":"Tofu"},"content":{"rendered":"<p class=\"MsoPlainText\"><span>Niekt\u00f3rzy lubi\u0105 tofu.<br \/>\nNo, bywa &#8211;<br \/>\nde gustibus&#8230;<br \/>\nLecz dla mnie<br \/>\nrzecz to obrzydliwa.<br \/>\nZe ma zdrowotne walory?<br \/>\nTe\u017c co\u015b!<br \/>\nNie u\u017cywam<br \/>\ni nie jestem od tego chory.<br \/>\nCho\u0107 wiem, \u017ce ceni\u0105 je w Chinach,<br \/>\nw Japonii,<br \/>\nnawet w USA,<br \/>\nto mnie na widok tofu<br \/>\nnie cieknie \u015blina,<br \/>\njako\u015b w nim brak<br \/>\ntego, no&#8230;<br \/>\ngustibusa.<br \/>\nWi\u0119c gdy tofu handlarzy<br \/>\nzatrzyma si\u0119 we wsi bus,<br \/>\no tym, \u017cebym ja kupi\u0142<br \/>\nnie mog\u0105 nawet marzy\u0107.<br \/>\nSorry &#8211;<br \/>\n<\/span><span>nie m\u00f3j gustibus! <\/span><\/p>\n","protected":false},"excerpt":{"rendered":"<p>Niekt\u00f3rzy lubi\u0105 tofu. No, bywa &#8211; de gustibus&#8230; Lecz dla mnie rzecz to obrzydliwa. Ze ma zdrowotne walory? Te\u017c co\u015b! Nie u\u017cywam i nie jestem od tego chory. Cho\u0107 wiem, \u017ce ceni\u0105 je w Chinach, w Japonii, nawet w USA, to mnie na widok tofu nie cieknie \u015blina, jako\u015b w nim brak tego, no&#8230; gustibusa. Wi\u0119c gdy tofu handlarzy zatrzyma si\u0119 we wsi bus, o tym, \u017cebym ja kupi\u0142 nie mog\u0105 nawet marzy\u0107. Sorry &#8211; nie m\u00f3j gustibus!<\/p>\n","protected":false},"author":274,"featured_media":0,"parent":3,"menu_order":0,"comment_status":"open","ping_status":"open","template":"wiersze1.php","meta":{"footnotes":""},"class_list":["post-53","page","type-page","status-publish","hentry"],"_links":{"self":[{"href":"https:\/\/blog-bobika.eu\/index.php?rest_route=\/wp\/v2\/pages\/53","targetHints":{"allow":["GET"]}}],"collection":[{"href":"https:\/\/blog-bobika.eu\/index.php?rest_route=\/wp\/v2\/pages"}],"about":[{"href":"https:\/\/blog-bobika.eu\/index.php?rest_route=\/wp\/v2\/types\/page"}],"author":[{"embeddable":true,"href":"https:\/\/blog-bobika.eu\/index.php?rest_route=\/wp\/v2\/users\/274"}],"replies":[{"embeddable":true,"href":"https:\/\/blog-bobika.eu\/index.php?rest_route=%2Fwp%2Fv2%2Fcomments&post=53"}],"version-history":[{"count":0,"href":"https:\/\/blog-bobika.eu\/index.php?rest_route=\/wp\/v2\/pages\/53\/revisions"}],"up":[{"embeddable":true,"href":"https:\/\/blog-bobika.eu\/index.php?rest_route=\/wp\/v2\/pages\/3"}],"wp:attachment":[{"href":"https:\/\/blog-bobika.eu\/index.php?rest_route=%2Fwp%2Fv2%2Fmedia&parent=53"}],"curies":[{"name":"wp","href":"https:\/\/api.w.org\/{rel}","templated":true}]}}