{"id":52,"date":"2008-10-29T19:37:52","date_gmt":"2008-10-29T18:37:52","guid":{"rendered":"http:\/\/www.wowil.coldlight.pl\/bobik\/?page_id=52"},"modified":"2008-10-29T19:40:14","modified_gmt":"2008-10-29T18:40:14","slug":"52","status":"publish","type":"page","link":"https:\/\/blog-bobika.eu\/?page_id=52","title":{"rendered":"Sushy"},"content":{"rendered":"<p>Japo\u0144czyk w wodzie, Polak w w\u00f3dzie:<br \/>\nw r\u00f3\u017cnych si\u0119 rzeczach mocz\u0105 ludzie.<br \/>\nLecz woda r\u00f3wnie\u017c polskiej duszy<br \/>\njest bliska, gdy po w\u00f3dzie &#8211; sushy.<\/p>\n","protected":false},"excerpt":{"rendered":"<p>Japo\u0144czyk w wodzie, Polak w w\u00f3dzie: w r\u00f3\u017cnych si\u0119 rzeczach mocz\u0105 ludzie. Lecz woda r\u00f3wnie\u017c polskiej duszy jest bliska, gdy po w\u00f3dzie &#8211; sushy.<\/p>\n","protected":false},"author":274,"featured_media":0,"parent":3,"menu_order":0,"comment_status":"open","ping_status":"open","template":"wiersze1.php","meta":{"footnotes":""},"class_list":["post-52","page","type-page","status-publish","hentry"],"_links":{"self":[{"href":"https:\/\/blog-bobika.eu\/index.php?rest_route=\/wp\/v2\/pages\/52","targetHints":{"allow":["GET"]}}],"collection":[{"href":"https:\/\/blog-bobika.eu\/index.php?rest_route=\/wp\/v2\/pages"}],"about":[{"href":"https:\/\/blog-bobika.eu\/index.php?rest_route=\/wp\/v2\/types\/page"}],"author":[{"embeddable":true,"href":"https:\/\/blog-bobika.eu\/index.php?rest_route=\/wp\/v2\/users\/274"}],"replies":[{"embeddable":true,"href":"https:\/\/blog-bobika.eu\/index.php?rest_route=%2Fwp%2Fv2%2Fcomments&post=52"}],"version-history":[{"count":0,"href":"https:\/\/blog-bobika.eu\/index.php?rest_route=\/wp\/v2\/pages\/52\/revisions"}],"up":[{"embeddable":true,"href":"https:\/\/blog-bobika.eu\/index.php?rest_route=\/wp\/v2\/pages\/3"}],"wp:attachment":[{"href":"https:\/\/blog-bobika.eu\/index.php?rest_route=%2Fwp%2Fv2%2Fmedia&parent=52"}],"curies":[{"name":"wp","href":"https:\/\/api.w.org\/{rel}","templated":true}]}}