{"id":51,"date":"2008-10-29T19:35:44","date_gmt":"2008-10-29T18:35:44","guid":{"rendered":"http:\/\/www.wowil.coldlight.pl\/bobik\/?page_id=51"},"modified":"2009-12-03T15:12:42","modified_gmt":"2009-12-03T14:12:42","slug":"poezja-lyzkowa","status":"publish","type":"page","link":"https:\/\/blog-bobika.eu\/?page_id=51","title":{"rendered":"Poezja \u0142y\u017ckowa"},"content":{"rendered":"<p class=\"MsoPlainText\"><span>Poezja \u0142y\u017ckowa &#8211; pachn\u0105ca roso\u0142em,<br \/>\npawan\u0119 z kotletem ta\u0144cz\u0105ca nad sto\u0142em,<br \/>\nz do\u0142eczkiem na brzegu pieroga zalotnym,<br \/>\ndni smutne pomaga rozja\u015bnia\u0107 markotnym.<br \/>\nDo miski na\u0142o\u017cy dla psa albo kota,<br \/>\nwywarem z jarzyny okadzi, omota,<br \/>\nkrupnikiem zawieje, zaprosi do \u017curku,<br \/>\njest z nami, gdy uch\u0119 podjada nam turku\u0107,<br \/>\ngdy oko ziemniacze spogl\u0105da z talerza,<br \/>\ngdy kto\u015b z nami\u0119tno\u015bci do mlecznej si\u0119 zwierza,<br \/>\ngdy \u015bmieje si\u0119 seler, gdy p\u0142acze marchewka,<br \/>\ngdy pi\u0105ta dolewka to ju\u017c nie przelewka,<br \/>\ngdy drugie daleko, gdy deser niepewny,<br \/>\nto ona zachwyca znajomych i krewnych<br \/>\ni czar og\u00f3rkowej przybli\u017ca ich ustom.<br \/>\nJest z nami gdy chudo, jest z nami gdy t\u0142usto,<br \/>\nniezmiennie do d\u017awi\u0119ku i brz\u0119ku gotowa,<br \/>\nkapi\u0105ca na obrus poezja \u0142y\u017ckowa.<\/span><\/p>\n","protected":false},"excerpt":{"rendered":"<p>Poezja \u0142y\u017ckowa &#8211; pachn\u0105ca roso\u0142em, pawan\u0119 z kotletem ta\u0144cz\u0105ca nad sto\u0142em, z do\u0142eczkiem na brzegu pieroga zalotnym, dni smutne pomaga rozja\u015bnia\u0107 markotnym. Do miski na\u0142o\u017cy dla psa albo kota, wywarem z jarzyny okadzi, omota, krupnikiem zawieje, zaprosi do \u017curku, jest z nami, gdy uch\u0119 podjada nam turku\u0107, gdy oko ziemniacze spogl\u0105da z talerza, gdy kto\u015b z nami\u0119tno\u015bci do mlecznej si\u0119 zwierza, gdy \u015bmieje si\u0119 seler, gdy p\u0142acze marchewka, gdy pi\u0105ta dolewka to ju\u017c nie przelewka, gdy drugie daleko, gdy deser niepewny, to ona zachwyca znajomych i krewnych i czar og\u00f3rkowej przybli\u017ca ich ustom. Jest z nami gdy chudo, jest z [&hellip;]<\/p>\n","protected":false},"author":274,"featured_media":0,"parent":3,"menu_order":0,"comment_status":"open","ping_status":"open","template":"wiersze1.php","meta":{"footnotes":""},"class_list":["post-51","page","type-page","status-publish","hentry"],"_links":{"self":[{"href":"https:\/\/blog-bobika.eu\/index.php?rest_route=\/wp\/v2\/pages\/51","targetHints":{"allow":["GET"]}}],"collection":[{"href":"https:\/\/blog-bobika.eu\/index.php?rest_route=\/wp\/v2\/pages"}],"about":[{"href":"https:\/\/blog-bobika.eu\/index.php?rest_route=\/wp\/v2\/types\/page"}],"author":[{"embeddable":true,"href":"https:\/\/blog-bobika.eu\/index.php?rest_route=\/wp\/v2\/users\/274"}],"replies":[{"embeddable":true,"href":"https:\/\/blog-bobika.eu\/index.php?rest_route=%2Fwp%2Fv2%2Fcomments&post=51"}],"version-history":[{"count":0,"href":"https:\/\/blog-bobika.eu\/index.php?rest_route=\/wp\/v2\/pages\/51\/revisions"}],"up":[{"embeddable":true,"href":"https:\/\/blog-bobika.eu\/index.php?rest_route=\/wp\/v2\/pages\/3"}],"wp:attachment":[{"href":"https:\/\/blog-bobika.eu\/index.php?rest_route=%2Fwp%2Fv2%2Fmedia&parent=51"}],"curies":[{"name":"wp","href":"https:\/\/api.w.org\/{rel}","templated":true}]}}