{"id":50,"date":"2008-10-29T19:34:47","date_gmt":"2008-10-29T18:34:47","guid":{"rendered":"http:\/\/www.wowil.coldlight.pl\/bobik\/?page_id=50"},"modified":"2008-10-29T19:34:47","modified_gmt":"2008-10-29T18:34:47","slug":"oda-do-piwa","status":"publish","type":"page","link":"https:\/\/blog-bobika.eu\/?page_id=50","title":{"rendered":"Oda do piwa"},"content":{"rendered":"<p class=\"MsoPlainText\"><span>O, ty, co ci\u0119 nie mam pod r\u0119k\u0105,<br \/>\nchocia\u017c mi oz\u00f3r przysycha!<br \/>\nO, ty, co\u015b tak straszn\u0105 jest m\u0119k\u0105,<br \/>\nkiedy do ciebie si\u0119 wzdycha!<br \/>\nO, z pian\u0105, ty, albo bez piany,<br \/>\nbyle z lod\u00f3wki czelu\u015bci!<br \/>\nW dzie\u0144 taki, jak sauna rozgrzany,<br \/>\nochota na ciebie nie pu\u015bci,<br \/>\nwi\u0119c by nie zdj\u0119\u0142o szale\u0144stwo<br \/>\nrozpalonego czerepu,<br \/>\ndecyzj\u0119 podj\u0105\u0107 trza m\u0119sk\u0105<br \/>\ni podra\u0142owa\u0107 do sklepu!<br \/>\n<\/span><\/p>\n","protected":false},"excerpt":{"rendered":"<p>O, ty, co ci\u0119 nie mam pod r\u0119k\u0105, chocia\u017c mi oz\u00f3r przysycha! O, ty, co\u015b tak straszn\u0105 jest m\u0119k\u0105, kiedy do ciebie si\u0119 wzdycha! O, z pian\u0105, ty, albo bez piany, byle z lod\u00f3wki czelu\u015bci! W dzie\u0144 taki, jak sauna rozgrzany, ochota na ciebie nie pu\u015bci, wi\u0119c by nie zdj\u0119\u0142o szale\u0144stwo rozpalonego czerepu, decyzj\u0119 podj\u0105\u0107 trza m\u0119sk\u0105 i podra\u0142owa\u0107 do sklepu!<\/p>\n","protected":false},"author":274,"featured_media":0,"parent":3,"menu_order":0,"comment_status":"open","ping_status":"open","template":"wiersze1.php","meta":{"footnotes":""},"class_list":["post-50","page","type-page","status-publish","hentry"],"_links":{"self":[{"href":"https:\/\/blog-bobika.eu\/index.php?rest_route=\/wp\/v2\/pages\/50","targetHints":{"allow":["GET"]}}],"collection":[{"href":"https:\/\/blog-bobika.eu\/index.php?rest_route=\/wp\/v2\/pages"}],"about":[{"href":"https:\/\/blog-bobika.eu\/index.php?rest_route=\/wp\/v2\/types\/page"}],"author":[{"embeddable":true,"href":"https:\/\/blog-bobika.eu\/index.php?rest_route=\/wp\/v2\/users\/274"}],"replies":[{"embeddable":true,"href":"https:\/\/blog-bobika.eu\/index.php?rest_route=%2Fwp%2Fv2%2Fcomments&post=50"}],"version-history":[{"count":0,"href":"https:\/\/blog-bobika.eu\/index.php?rest_route=\/wp\/v2\/pages\/50\/revisions"}],"up":[{"embeddable":true,"href":"https:\/\/blog-bobika.eu\/index.php?rest_route=\/wp\/v2\/pages\/3"}],"wp:attachment":[{"href":"https:\/\/blog-bobika.eu\/index.php?rest_route=%2Fwp%2Fv2%2Fmedia&parent=50"}],"curies":[{"name":"wp","href":"https:\/\/api.w.org\/{rel}","templated":true}]}}