{"id":47,"date":"2008-10-29T19:32:22","date_gmt":"2008-10-29T18:32:22","guid":{"rendered":"http:\/\/www.wowil.coldlight.pl\/bobik\/?page_id=47"},"modified":"2008-10-29T19:32:22","modified_gmt":"2008-10-29T18:32:22","slug":"omlet","status":"publish","type":"page","link":"https:\/\/blog-bobika.eu\/?page_id=47","title":{"rendered":"Omlet"},"content":{"rendered":"<p class=\"MsoPlainText\"><span>Wielk\u0105 wydaje si\u0119 to sztuk\u0105,<br \/>\nby zrobi\u0107 omlet jaj nie t\u0142uk\u0105c,<br \/>\nlecz z jaj st\u0142uczonych, droga dziatwo,<br \/>\nte\u017c zrobi\u0107 omlet nie tak \u0142atwo.<br \/>\nProblem\u00f3w taki jest pocz\u0105tek:<br \/>\ndla ilu omlet jest zwierz\u0105tek?<br \/>\nPo ile jaj na \u0142eb przypada<br \/>\ni kto w og\u00f3le jaj nie jada?<br \/>\nKto boi si\u0119 cholesterolu,<br \/>\na kto okropny jest samolub<br \/>\ni sam chce zgarn\u0105\u0107 ca\u0142\u0105 pul\u0119?<br \/>\nKto ma podstolim by\u0107, kto kr\u00f3lem,<br \/>\ngdy przyjdzie zasi\u0105\u015b\u0107 do posi\u0142ku?<br \/>\nKto zaczerwieni si\u0119 z wysi\u0142ku<br \/>\ngdy ubijanie jaj si\u0119 zacznie,<br \/>\na kto w tym czasie u\u015bnie smacznie?<br \/>\nOmletu jaka ma \u015brednica<br \/>\nby\u0107, by si\u0119 ka\u017cdy ni\u0105 zachwyca\u0142?<br \/>\nJakiej patelnia ma by\u0107 rasy?<br \/>\nDodawa\u0107 trufli, czy kie\u0142basy?<br \/>\nBi\u0107 albo nie bi\u0107? Wstrz\u0105sn\u0105\u0107 z lekka?<br \/>\nCzy ma to by\u0107 smakoszy Mekka,<br \/>\nczy Cz\u0119stochowa? Czy oliwa<br \/>\nznacznie na smak omletu wp\u0142ywa,<br \/>\nczy te\u017c nic nie ma do gadania?<br \/>\nGdy si\u0119 przeczyta te pytania,<br \/>\nto wniosek jasny jest jak s\u0142o\u0144ce,<br \/>\n\u017ce \u0142atwiej zwi\u0105za\u0107 koniec z ko\u0144cem,<br \/>\nni\u017c zrobi\u0107 omlet. Wi\u0119c si\u0119 chwal\u0119:<br \/>\nja nawet nie pr\u00f3buj\u0119 wcale!<\/span><\/p>\n","protected":false},"excerpt":{"rendered":"<p>Wielk\u0105 wydaje si\u0119 to sztuk\u0105, by zrobi\u0107 omlet jaj nie t\u0142uk\u0105c, lecz z jaj st\u0142uczonych, droga dziatwo, te\u017c zrobi\u0107 omlet nie tak \u0142atwo. Problem\u00f3w taki jest pocz\u0105tek: dla ilu omlet jest zwierz\u0105tek? Po ile jaj na \u0142eb przypada i kto w og\u00f3le jaj nie jada? Kto boi si\u0119 cholesterolu, a kto okropny jest samolub i sam chce zgarn\u0105\u0107 ca\u0142\u0105 pul\u0119? Kto ma podstolim by\u0107, kto kr\u00f3lem, gdy przyjdzie zasi\u0105\u015b\u0107 do posi\u0142ku? Kto zaczerwieni si\u0119 z wysi\u0142ku gdy ubijanie jaj si\u0119 zacznie, a kto w tym czasie u\u015bnie smacznie? Omletu jaka ma \u015brednica by\u0107, by si\u0119 ka\u017cdy ni\u0105 zachwyca\u0142? Jakiej patelnia [&hellip;]<\/p>\n","protected":false},"author":274,"featured_media":0,"parent":3,"menu_order":0,"comment_status":"open","ping_status":"open","template":"wiersze1.php","meta":{"footnotes":""},"class_list":["post-47","page","type-page","status-publish","hentry"],"_links":{"self":[{"href":"https:\/\/blog-bobika.eu\/index.php?rest_route=\/wp\/v2\/pages\/47","targetHints":{"allow":["GET"]}}],"collection":[{"href":"https:\/\/blog-bobika.eu\/index.php?rest_route=\/wp\/v2\/pages"}],"about":[{"href":"https:\/\/blog-bobika.eu\/index.php?rest_route=\/wp\/v2\/types\/page"}],"author":[{"embeddable":true,"href":"https:\/\/blog-bobika.eu\/index.php?rest_route=\/wp\/v2\/users\/274"}],"replies":[{"embeddable":true,"href":"https:\/\/blog-bobika.eu\/index.php?rest_route=%2Fwp%2Fv2%2Fcomments&post=47"}],"version-history":[{"count":0,"href":"https:\/\/blog-bobika.eu\/index.php?rest_route=\/wp\/v2\/pages\/47\/revisions"}],"up":[{"embeddable":true,"href":"https:\/\/blog-bobika.eu\/index.php?rest_route=\/wp\/v2\/pages\/3"}],"wp:attachment":[{"href":"https:\/\/blog-bobika.eu\/index.php?rest_route=%2Fwp%2Fv2%2Fmedia&parent=47"}],"curies":[{"name":"wp","href":"https:\/\/api.w.org\/{rel}","templated":true}]}}