{"id":46,"date":"2008-10-29T19:31:25","date_gmt":"2008-10-29T18:31:25","guid":{"rendered":"http:\/\/www.wowil.coldlight.pl\/bobik\/?page_id=46"},"modified":"2012-01-02T13:53:23","modified_gmt":"2012-01-02T12:53:23","slug":"ogorek","status":"publish","type":"page","link":"https:\/\/blog-bobika.eu\/?page_id=46","title":{"rendered":"Og\u00f3rek"},"content":{"rendered":"<p>Og\u00f3rka Bojowego strze\u017c si\u0119 w dzie\u0144 i w nocy!<br \/>\nNie z\u0142apiesz go na w\u0119dk\u0119, nie ustrzelisz z procy,<br \/>\nnie zatrujesz go gazem i bomb\u0105 nie trza\u015bniesz,<br \/>\ncho\u0107by\u015b bomb\u0119 pod r\u0119k\u0105 mia\u0142 stosown\u0105 w\u0142a\u015bnie-\u017c,<br \/>\nbo ka\u017cdy z tych sposob\u00f3w, kt\u00f3rych si\u0119 nie zliczy,<br \/>\nprzydatno\u015b\u0107 do konsumpcji znacznie ograniczy.<br \/>\nW walce z takim og\u00f3rkiem (licz si\u0119 z tym, niebo\u017c\u0119!)<br \/>\nsprawdza si\u0119 tylko ostre starcie wr\u0119cz &#8211; na no\u017ce! <\/p>\n","protected":false},"excerpt":{"rendered":"<p>Og\u00f3rka Bojowego strze\u017c si\u0119 w dzie\u0144 i w nocy! Nie z\u0142apiesz go na w\u0119dk\u0119, nie ustrzelisz z procy, nie zatrujesz go gazem i bomb\u0105 nie trza\u015bniesz, cho\u0107by\u015b bomb\u0119 pod r\u0119k\u0105 mia\u0142 stosown\u0105 w\u0142a\u015bnie-\u017c, bo ka\u017cdy z tych sposob\u00f3w, kt\u00f3rych si\u0119 nie zliczy, przydatno\u015b\u0107 do konsumpcji znacznie ograniczy. W walce z takim og\u00f3rkiem (licz si\u0119 z tym, niebo\u017c\u0119!) sprawdza si\u0119 tylko ostre starcie wr\u0119cz &#8211; na no\u017ce!<\/p>\n","protected":false},"author":274,"featured_media":0,"parent":3,"menu_order":0,"comment_status":"open","ping_status":"open","template":"wiersze1.php","meta":{"footnotes":""},"class_list":["post-46","page","type-page","status-publish","hentry"],"_links":{"self":[{"href":"https:\/\/blog-bobika.eu\/index.php?rest_route=\/wp\/v2\/pages\/46","targetHints":{"allow":["GET"]}}],"collection":[{"href":"https:\/\/blog-bobika.eu\/index.php?rest_route=\/wp\/v2\/pages"}],"about":[{"href":"https:\/\/blog-bobika.eu\/index.php?rest_route=\/wp\/v2\/types\/page"}],"author":[{"embeddable":true,"href":"https:\/\/blog-bobika.eu\/index.php?rest_route=\/wp\/v2\/users\/274"}],"replies":[{"embeddable":true,"href":"https:\/\/blog-bobika.eu\/index.php?rest_route=%2Fwp%2Fv2%2Fcomments&post=46"}],"version-history":[{"count":2,"href":"https:\/\/blog-bobika.eu\/index.php?rest_route=\/wp\/v2\/pages\/46\/revisions"}],"predecessor-version":[{"id":966,"href":"https:\/\/blog-bobika.eu\/index.php?rest_route=\/wp\/v2\/pages\/46\/revisions\/966"}],"up":[{"embeddable":true,"href":"https:\/\/blog-bobika.eu\/index.php?rest_route=\/wp\/v2\/pages\/3"}],"wp:attachment":[{"href":"https:\/\/blog-bobika.eu\/index.php?rest_route=%2Fwp%2Fv2%2Fmedia&parent=46"}],"curies":[{"name":"wp","href":"https:\/\/api.w.org\/{rel}","templated":true}]}}