{"id":45,"date":"2008-10-29T18:54:57","date_gmt":"2008-10-29T17:54:57","guid":{"rendered":"http:\/\/www.wowil.coldlight.pl\/bobik\/?page_id=45"},"modified":"2012-01-02T13:51:48","modified_gmt":"2012-01-02T12:51:48","slug":"oberzyna","status":"publish","type":"page","link":"https:\/\/blog-bobika.eu\/?page_id=45","title":{"rendered":"Ober\u017cyna"},"content":{"rendered":"<p>Ach, jak\u017ce \u017cal mi ober\u017cyny,<br \/>\nza ka\u017cdym razem, gdy j\u0105 spotkam<br \/>\nMa fioletowe odle\u017cyny<br \/>\ni mi\u0105\u017csz rozpiera j\u0105 od \u015brodka. <\/p>\n<p>Lecz szepn\u0105\u0142 jeden mi z Nak\u0142a Jean,<br \/>\n\u017ce mo\u017cna ul\u017cy\u0107 tej jarzynie:<br \/>\nnazwijmy tylko j\u0105 bak\u0142a\u017can<br \/>\ni z miejsca ju\u017c po odle\u017cynie!<\/p>\n<p>A jak raz jeszcze nazw\u0119 zmieni\u0107,<br \/>\nna przyk\u0142ad na mi\u0142osn\u0105 gruszk\u0119,<br \/>\nwarzywo a\u017c si\u0119 rozpromieni,<br \/>\npo czym za\u015bpiewa nam czastuszk\u0119! <\/p>\n","protected":false},"excerpt":{"rendered":"<p>Ach, jak\u017ce \u017cal mi ober\u017cyny, za ka\u017cdym razem, gdy j\u0105 spotkam Ma fioletowe odle\u017cyny i mi\u0105\u017csz rozpiera j\u0105 od \u015brodka. Lecz szepn\u0105\u0142 jeden mi z Nak\u0142a Jean, \u017ce mo\u017cna ul\u017cy\u0107 tej jarzynie: nazwijmy tylko j\u0105 bak\u0142a\u017can i z miejsca ju\u017c po odle\u017cynie! A jak raz jeszcze nazw\u0119 zmieni\u0107, na przyk\u0142ad na mi\u0142osn\u0105 gruszk\u0119, warzywo a\u017c si\u0119 rozpromieni, po czym za\u015bpiewa nam czastuszk\u0119!<\/p>\n","protected":false},"author":274,"featured_media":0,"parent":3,"menu_order":0,"comment_status":"open","ping_status":"open","template":"wiersze1.php","meta":{"footnotes":""},"class_list":["post-45","page","type-page","status-publish","hentry"],"_links":{"self":[{"href":"https:\/\/blog-bobika.eu\/index.php?rest_route=\/wp\/v2\/pages\/45","targetHints":{"allow":["GET"]}}],"collection":[{"href":"https:\/\/blog-bobika.eu\/index.php?rest_route=\/wp\/v2\/pages"}],"about":[{"href":"https:\/\/blog-bobika.eu\/index.php?rest_route=\/wp\/v2\/types\/page"}],"author":[{"embeddable":true,"href":"https:\/\/blog-bobika.eu\/index.php?rest_route=\/wp\/v2\/users\/274"}],"replies":[{"embeddable":true,"href":"https:\/\/blog-bobika.eu\/index.php?rest_route=%2Fwp%2Fv2%2Fcomments&post=45"}],"version-history":[{"count":1,"href":"https:\/\/blog-bobika.eu\/index.php?rest_route=\/wp\/v2\/pages\/45\/revisions"}],"predecessor-version":[{"id":964,"href":"https:\/\/blog-bobika.eu\/index.php?rest_route=\/wp\/v2\/pages\/45\/revisions\/964"}],"up":[{"embeddable":true,"href":"https:\/\/blog-bobika.eu\/index.php?rest_route=\/wp\/v2\/pages\/3"}],"wp:attachment":[{"href":"https:\/\/blog-bobika.eu\/index.php?rest_route=%2Fwp%2Fv2%2Fmedia&parent=45"}],"curies":[{"name":"wp","href":"https:\/\/api.w.org\/{rel}","templated":true}]}}