{"id":44,"date":"2008-10-29T18:53:51","date_gmt":"2008-10-29T17:53:51","guid":{"rendered":"http:\/\/www.wowil.coldlight.pl\/bobik\/?page_id=44"},"modified":"2009-03-31T14:58:42","modified_gmt":"2009-03-31T12:58:42","slug":"monsieur-de-ser","status":"publish","type":"page","link":"https:\/\/blog-bobika.eu\/?page_id=44","title":{"rendered":"Monsieur de Ser"},"content":{"rendered":"<p class=\"MsoPlainText\"><span>Monsieur de Ser, gdy wzi\u0105\u0142 go spleen,<br \/>\nw pieczarze si\u0119 zamyka\u0142,<br \/>\ngdzie ogrom swych rozwa\u017ca\u0142 win<br \/>\ni jak zegarek tyka\u0142.<\/p>\n<p>I \u015bpiewa\u0142 tam o ple\u015bni pie\u015b\u0144<br \/>\n(niech dr\u017cy, kto nie zna ple\u015bni!),<br \/>\na echo g\u0142os nosi\u0142o gdzie\u015b<br \/>\ndo S\u0142upska i do Wrze\u015bni.<\/p>\n<p>A gdy ju\u017c dojrza\u0142 dziwak ten<br \/>\ndo wyj\u015bcia na \u015bwiat bo\u017cy,<br \/>\nto zamiast w \u0142\u00f3\u017cku zapa\u015b\u0107 w sen,<br \/>\n<\/span><span>na stole si\u0119 po\u0142o\u017cy\u0142!<\/span><\/p>\n","protected":false},"excerpt":{"rendered":"<p>Monsieur de Ser, gdy wzi\u0105\u0142 go spleen, w pieczarze si\u0119 zamyka\u0142, gdzie ogrom swych rozwa\u017ca\u0142 win i jak zegarek tyka\u0142. I \u015bpiewa\u0142 tam o ple\u015bni pie\u015b\u0144 (niech dr\u017cy, kto nie zna ple\u015bni!), a echo g\u0142os nosi\u0142o gdzie\u015b do S\u0142upska i do Wrze\u015bni. A gdy ju\u017c dojrza\u0142 dziwak ten do wyj\u015bcia na \u015bwiat bo\u017cy, to zamiast w \u0142\u00f3\u017cku zapa\u015b\u0107 w sen, na stole si\u0119 po\u0142o\u017cy\u0142!<\/p>\n","protected":false},"author":274,"featured_media":0,"parent":3,"menu_order":0,"comment_status":"open","ping_status":"open","template":"wiersze1.php","meta":{"footnotes":""},"class_list":["post-44","page","type-page","status-publish","hentry"],"_links":{"self":[{"href":"https:\/\/blog-bobika.eu\/index.php?rest_route=\/wp\/v2\/pages\/44","targetHints":{"allow":["GET"]}}],"collection":[{"href":"https:\/\/blog-bobika.eu\/index.php?rest_route=\/wp\/v2\/pages"}],"about":[{"href":"https:\/\/blog-bobika.eu\/index.php?rest_route=\/wp\/v2\/types\/page"}],"author":[{"embeddable":true,"href":"https:\/\/blog-bobika.eu\/index.php?rest_route=\/wp\/v2\/users\/274"}],"replies":[{"embeddable":true,"href":"https:\/\/blog-bobika.eu\/index.php?rest_route=%2Fwp%2Fv2%2Fcomments&post=44"}],"version-history":[{"count":0,"href":"https:\/\/blog-bobika.eu\/index.php?rest_route=\/wp\/v2\/pages\/44\/revisions"}],"up":[{"embeddable":true,"href":"https:\/\/blog-bobika.eu\/index.php?rest_route=\/wp\/v2\/pages\/3"}],"wp:attachment":[{"href":"https:\/\/blog-bobika.eu\/index.php?rest_route=%2Fwp%2Fv2%2Fmedia&parent=44"}],"curies":[{"name":"wp","href":"https:\/\/api.w.org\/{rel}","templated":true}]}}