{"id":43,"date":"2008-10-29T18:53:00","date_gmt":"2008-10-29T17:53:00","guid":{"rendered":"http:\/\/www.wowil.coldlight.pl\/bobik\/?page_id=43"},"modified":"2008-10-29T18:53:00","modified_gmt":"2008-10-29T17:53:00","slug":"marynat-czar","status":"publish","type":"page","link":"https:\/\/blog-bobika.eu\/?page_id=43","title":{"rendered":"Marynat czar"},"content":{"rendered":"<p class=\"MsoPlainText\"><span>Zamocz Pietrze wieprza w winie,<br \/>\n\u0142agodz\u0105co na\u0144 to wp\u0142ynie.<br \/>\nNiemoczony czasem zacznie<br \/>\nzachowywa\u0107 si\u0119 niesmacznie:<br \/>\nmo\u017ce ci z brytfanny nawia\u0107,<br \/>\nlub \u017c\u0105dania zacznie stawia\u0107,<br \/>\n\u017ce chce by\u0107 pieczeni\u0105 z dzika.<br \/>\nW piekarniku mo\u017ce bryka\u0107,<br \/>\nzapryskuj\u0105c t\u0142uszczem ruszta,<br \/>\na\u017c w\u0119gierska zadr\u017cy puszta.<br \/>\nMo\u017ce, dla zmylenia trop\u00f3w,<br \/>\nzasmarowa\u0107 peryskopu<br \/>\noko, \u015bpiewa\u0107 g\u0142osem ptaka,<br \/>\nlub napuszy\u0107 si\u0119 i kwaka\u0107,<br \/>\nmo\u017ce drzemk\u0119 w chi\u0144skim sosie<br \/>\nuci\u0105\u0107 sobie (zdarza to si\u0119),<br \/>\ngorzej, mo\u017ce fukn\u0105\u0107 hardo<br \/>\nwzi\u0105\u0107 i upiec si\u0119 na twardo.<br \/>\nNie licz, Pietrze, \u017ce s\u00f3l z pieprzem<br \/>\nfochy wieprza ci odeprze &#8211;<br \/>\nTylko k\u0105piel w dobrym szato<br \/>\n<\/span><span>jest lekarstwem pewnym na to.<\/span><\/p>\n","protected":false},"excerpt":{"rendered":"<p>Zamocz Pietrze wieprza w winie, \u0142agodz\u0105co na\u0144 to wp\u0142ynie. Niemoczony czasem zacznie zachowywa\u0107 si\u0119 niesmacznie: mo\u017ce ci z brytfanny nawia\u0107, lub \u017c\u0105dania zacznie stawia\u0107, \u017ce chce by\u0107 pieczeni\u0105 z dzika. W piekarniku mo\u017ce bryka\u0107, zapryskuj\u0105c t\u0142uszczem ruszta, a\u017c w\u0119gierska zadr\u017cy puszta. Mo\u017ce, dla zmylenia trop\u00f3w, zasmarowa\u0107 peryskopu oko, \u015bpiewa\u0107 g\u0142osem ptaka, lub napuszy\u0107 si\u0119 i kwaka\u0107, mo\u017ce drzemk\u0119 w chi\u0144skim sosie uci\u0105\u0107 sobie (zdarza to si\u0119), gorzej, mo\u017ce fukn\u0105\u0107 hardo wzi\u0105\u0107 i upiec si\u0119 na twardo. Nie licz, Pietrze, \u017ce s\u00f3l z pieprzem fochy wieprza ci odeprze &#8211; Tylko k\u0105piel w dobrym szato jest lekarstwem pewnym na to.<\/p>\n","protected":false},"author":274,"featured_media":0,"parent":3,"menu_order":0,"comment_status":"open","ping_status":"open","template":"wiersze1.php","meta":{"footnotes":""},"class_list":["post-43","page","type-page","status-publish","hentry"],"_links":{"self":[{"href":"https:\/\/blog-bobika.eu\/index.php?rest_route=\/wp\/v2\/pages\/43","targetHints":{"allow":["GET"]}}],"collection":[{"href":"https:\/\/blog-bobika.eu\/index.php?rest_route=\/wp\/v2\/pages"}],"about":[{"href":"https:\/\/blog-bobika.eu\/index.php?rest_route=\/wp\/v2\/types\/page"}],"author":[{"embeddable":true,"href":"https:\/\/blog-bobika.eu\/index.php?rest_route=\/wp\/v2\/users\/274"}],"replies":[{"embeddable":true,"href":"https:\/\/blog-bobika.eu\/index.php?rest_route=%2Fwp%2Fv2%2Fcomments&post=43"}],"version-history":[{"count":0,"href":"https:\/\/blog-bobika.eu\/index.php?rest_route=\/wp\/v2\/pages\/43\/revisions"}],"up":[{"embeddable":true,"href":"https:\/\/blog-bobika.eu\/index.php?rest_route=\/wp\/v2\/pages\/3"}],"wp:attachment":[{"href":"https:\/\/blog-bobika.eu\/index.php?rest_route=%2Fwp%2Fv2%2Fmedia&parent=43"}],"curies":[{"name":"wp","href":"https:\/\/api.w.org\/{rel}","templated":true}]}}