{"id":41,"date":"2008-10-29T18:51:16","date_gmt":"2008-10-29T17:51:16","guid":{"rendered":"http:\/\/www.wowil.coldlight.pl\/bobik\/?page_id=41"},"modified":"2012-01-02T13:45:22","modified_gmt":"2012-01-02T12:45:22","slug":"kanibal","status":"publish","type":"page","link":"https:\/\/blog-bobika.eu\/?page_id=41","title":{"rendered":"Kanibal"},"content":{"rendered":"<p class=\"MsoPlainText\"><span>By\u0142 raz pewien kanibal w D\u017cakarcie,<br \/>\nkt\u00f3ry ludzko\u015b\u0107 mi\u0142owa\u0142 za\u017carcie.<br \/>\n&#8222;ach, jakich szczyt\u00f3w dosi\u0119ga<br \/>\nm\u00f3zgu ludzkiego pot\u0119ga&#8221; &#8211;<br \/>\n<\/span><span>mlaska\u0142, gdy mia\u0142 m\u00f3\u017cd\u017cek w da\u0144 karcie.<\/span><\/p>\n","protected":false},"excerpt":{"rendered":"<p>By\u0142 raz pewien kanibal w D\u017cakarcie, kt\u00f3ry ludzko\u015b\u0107 mi\u0142owa\u0142 za\u017carcie. &#8222;ach, jakich szczyt\u00f3w dosi\u0119ga m\u00f3zgu ludzkiego pot\u0119ga&#8221; &#8211; mlaska\u0142, gdy mia\u0142 m\u00f3\u017cd\u017cek w da\u0144 karcie.<\/p>\n","protected":false},"author":274,"featured_media":0,"parent":3,"menu_order":0,"comment_status":"open","ping_status":"open","template":"wiersze1.php","meta":{"footnotes":""},"class_list":["post-41","page","type-page","status-publish","hentry"],"_links":{"self":[{"href":"https:\/\/blog-bobika.eu\/index.php?rest_route=\/wp\/v2\/pages\/41","targetHints":{"allow":["GET"]}}],"collection":[{"href":"https:\/\/blog-bobika.eu\/index.php?rest_route=\/wp\/v2\/pages"}],"about":[{"href":"https:\/\/blog-bobika.eu\/index.php?rest_route=\/wp\/v2\/types\/page"}],"author":[{"embeddable":true,"href":"https:\/\/blog-bobika.eu\/index.php?rest_route=\/wp\/v2\/users\/274"}],"replies":[{"embeddable":true,"href":"https:\/\/blog-bobika.eu\/index.php?rest_route=%2Fwp%2Fv2%2Fcomments&post=41"}],"version-history":[{"count":1,"href":"https:\/\/blog-bobika.eu\/index.php?rest_route=\/wp\/v2\/pages\/41\/revisions"}],"predecessor-version":[{"id":962,"href":"https:\/\/blog-bobika.eu\/index.php?rest_route=\/wp\/v2\/pages\/41\/revisions\/962"}],"up":[{"embeddable":true,"href":"https:\/\/blog-bobika.eu\/index.php?rest_route=\/wp\/v2\/pages\/3"}],"wp:attachment":[{"href":"https:\/\/blog-bobika.eu\/index.php?rest_route=%2Fwp%2Fv2%2Fmedia&parent=41"}],"curies":[{"name":"wp","href":"https:\/\/api.w.org\/{rel}","templated":true}]}}