{"id":39,"date":"2008-10-29T18:49:49","date_gmt":"2008-10-29T17:49:49","guid":{"rendered":"http:\/\/www.wowil.coldlight.pl\/bobik\/?page_id=39"},"modified":"2008-10-29T19:29:21","modified_gmt":"2008-10-29T18:29:21","slug":"jadlospis-magdaleny","status":"publish","type":"page","link":"https:\/\/blog-bobika.eu\/?page_id=39","title":{"rendered":"Jad\u0142ospis kawosza"},"content":{"rendered":"<p class=\"MsoPlainText\"><span>Sardynki w kawowym sosie,<br \/>\nw jus de cafe chrapy \u0142osie,<br \/>\ncafe au lait w beszamelu,<br \/>\nsa\u0142atka z kaw r\u00f3\u017cnych wielu,<br \/>\nszmalec-Kaffee, w ch\u0142opskim gu\u015bcie<br \/>\ni cynaderki w robu\u015bcie.<br \/>\nZa\u015b dla wykwintnych podniebie\u0144<br \/>\nw espresso koguci grzebie\u0144,<br \/>\nz kaw\u0105 ziarnist\u0105 ba\u017cant<br \/>\nz mielon\u0105 za\u015b vol-au-vent.<br \/>\nZamyka jad\u0142ospis ten<br \/>\nmocca de poule au gratin<br \/>\nplus deser: z dwudziestu jaj<br \/>\n<\/span><span>i kawy &#8211; big coffee pie.<\/span><\/p>\n","protected":false},"excerpt":{"rendered":"<p>Sardynki w kawowym sosie, w jus de cafe chrapy \u0142osie, cafe au lait w beszamelu, sa\u0142atka z kaw r\u00f3\u017cnych wielu, szmalec-Kaffee, w ch\u0142opskim gu\u015bcie i cynaderki w robu\u015bcie. Za\u015b dla wykwintnych podniebie\u0144 w espresso koguci grzebie\u0144, z kaw\u0105 ziarnist\u0105 ba\u017cant z mielon\u0105 za\u015b vol-au-vent. Zamyka jad\u0142ospis ten mocca de poule au gratin plus deser: z dwudziestu jaj i kawy &#8211; big coffee pie.<\/p>\n","protected":false},"author":274,"featured_media":0,"parent":3,"menu_order":0,"comment_status":"open","ping_status":"open","template":"wiersze1.php","meta":{"footnotes":""},"class_list":["post-39","page","type-page","status-publish","hentry"],"_links":{"self":[{"href":"https:\/\/blog-bobika.eu\/index.php?rest_route=\/wp\/v2\/pages\/39","targetHints":{"allow":["GET"]}}],"collection":[{"href":"https:\/\/blog-bobika.eu\/index.php?rest_route=\/wp\/v2\/pages"}],"about":[{"href":"https:\/\/blog-bobika.eu\/index.php?rest_route=\/wp\/v2\/types\/page"}],"author":[{"embeddable":true,"href":"https:\/\/blog-bobika.eu\/index.php?rest_route=\/wp\/v2\/users\/274"}],"replies":[{"embeddable":true,"href":"https:\/\/blog-bobika.eu\/index.php?rest_route=%2Fwp%2Fv2%2Fcomments&post=39"}],"version-history":[{"count":0,"href":"https:\/\/blog-bobika.eu\/index.php?rest_route=\/wp\/v2\/pages\/39\/revisions"}],"up":[{"embeddable":true,"href":"https:\/\/blog-bobika.eu\/index.php?rest_route=\/wp\/v2\/pages\/3"}],"wp:attachment":[{"href":"https:\/\/blog-bobika.eu\/index.php?rest_route=%2Fwp%2Fv2%2Fmedia&parent=39"}],"curies":[{"name":"wp","href":"https:\/\/api.w.org\/{rel}","templated":true}]}}