{"id":38,"date":"2008-10-29T18:48:50","date_gmt":"2008-10-29T17:48:50","guid":{"rendered":"http:\/\/www.wowil.coldlight.pl\/bobik\/?page_id=38"},"modified":"2008-10-29T18:48:50","modified_gmt":"2008-10-29T17:48:50","slug":"golabki","status":"publish","type":"page","link":"https:\/\/blog-bobika.eu\/?page_id=38","title":{"rendered":"Go\u0142\u0105bki"},"content":{"rendered":"<p class=\"MsoPlainText\"><span>Spotka\u0142y si\u0119 go\u0142\u0105bki dwa<br \/>\nw sto\u0142\u00f3wce, na talerzu,<br \/>\nsk\u0105pane w sosie a\u017c do dna,<br \/>\nw kapu\u015bcie, a nie w pierzu.<\/p>\n<p>Widelc\u00f3w ignoruj\u0105c szcz\u0119k<br \/>\nzacz\u0119\u0142y do si\u0119 grucha\u0107.<br \/>\nAch, jaki czar w tym by\u0142 i wdzi\u0119k,<br \/>\na\u017c mi\u0142o by\u0142o s\u0142ucha\u0107!<\/p>\n<p>Los nawet si\u0119 zas\u0142ucha\u0142 te\u017c,<br \/>\nzatopi\u0142 si\u0119 w tym gruchu<br \/>\ni nie rozdzieli\u0142 ich, ach gdzie\u017c &#8211;<br \/>\nspocz\u0119\u0142y w jednym brzuchu.<\/p>\n<p>Mora\u0142 z ballady p\u0142yn\u0105\u0107 mia\u0142,<br \/>\nlecz do sto\u0142\u00f3wki nawia\u0142!<br \/>\nPodobno przy okienku sta\u0142 &#8211;<br \/>\n<\/span><span>zgadnijcie, co zamawia\u0142? \ud83d\ude06<\/span><\/p>\n","protected":false},"excerpt":{"rendered":"<p>Spotka\u0142y si\u0119 go\u0142\u0105bki dwa w sto\u0142\u00f3wce, na talerzu, sk\u0105pane w sosie a\u017c do dna, w kapu\u015bcie, a nie w pierzu. Widelc\u00f3w ignoruj\u0105c szcz\u0119k zacz\u0119\u0142y do si\u0119 grucha\u0107. Ach, jaki czar w tym by\u0142 i wdzi\u0119k, a\u017c mi\u0142o by\u0142o s\u0142ucha\u0107! Los nawet si\u0119 zas\u0142ucha\u0142 te\u017c, zatopi\u0142 si\u0119 w tym gruchu i nie rozdzieli\u0142 ich, ach gdzie\u017c &#8211; spocz\u0119\u0142y w jednym brzuchu. Mora\u0142 z ballady p\u0142yn\u0105\u0107 mia\u0142, lecz do sto\u0142\u00f3wki nawia\u0142! Podobno przy okienku sta\u0142 &#8211; zgadnijcie, co zamawia\u0142? \ud83d\ude06<\/p>\n","protected":false},"author":274,"featured_media":0,"parent":3,"menu_order":0,"comment_status":"open","ping_status":"open","template":"wiersze1.php","meta":{"footnotes":""},"class_list":["post-38","page","type-page","status-publish","hentry"],"_links":{"self":[{"href":"https:\/\/blog-bobika.eu\/index.php?rest_route=\/wp\/v2\/pages\/38","targetHints":{"allow":["GET"]}}],"collection":[{"href":"https:\/\/blog-bobika.eu\/index.php?rest_route=\/wp\/v2\/pages"}],"about":[{"href":"https:\/\/blog-bobika.eu\/index.php?rest_route=\/wp\/v2\/types\/page"}],"author":[{"embeddable":true,"href":"https:\/\/blog-bobika.eu\/index.php?rest_route=\/wp\/v2\/users\/274"}],"replies":[{"embeddable":true,"href":"https:\/\/blog-bobika.eu\/index.php?rest_route=%2Fwp%2Fv2%2Fcomments&post=38"}],"version-history":[{"count":0,"href":"https:\/\/blog-bobika.eu\/index.php?rest_route=\/wp\/v2\/pages\/38\/revisions"}],"up":[{"embeddable":true,"href":"https:\/\/blog-bobika.eu\/index.php?rest_route=\/wp\/v2\/pages\/3"}],"wp:attachment":[{"href":"https:\/\/blog-bobika.eu\/index.php?rest_route=%2Fwp%2Fv2%2Fmedia&parent=38"}],"curies":[{"name":"wp","href":"https:\/\/api.w.org\/{rel}","templated":true}]}}