{"id":37,"date":"2008-10-29T18:48:09","date_gmt":"2008-10-29T17:48:09","guid":{"rendered":"http:\/\/www.wowil.coldlight.pl\/bobik\/?page_id=37"},"modified":"2008-10-29T18:48:09","modified_gmt":"2008-10-29T17:48:09","slug":"figa","status":"publish","type":"page","link":"https:\/\/blog-bobika.eu\/?page_id=37","title":{"rendered":"Figa"},"content":{"rendered":"<p class=\"MsoPlainText\"><span>\u0141za cz\u0119sto oko moje za\u0107mi,<br \/>\ngdy fig\u0119 dobry cz\u0142ek chce da\u0107 mi,<br \/>\nbo zaraz taki mam dylemat:<br \/>\nta figa jest, czy te\u017c jej nie ma?<\/p>\n<p>Pewnym dowodem figi braku<br \/>\nna og\u00f3\u0142 jest dodatek maku,<br \/>\nlecz i bez maku (my\u015bl upiorna!)<br \/>\nsprawa istnienia fig jest sporna.<\/p>\n<p>Gdy wchodzi w gr\u0119 zagadka bytu,<br \/>\nto filozofa trzeba by tu &#8211;<br \/>\nniech problem przejdzie w jego gesti\u0119.<br \/>\nJe\u015bli rozpl\u0105ta\u0107 zdo\u0142a kwesti\u0119<br \/>\nzawi\u0142ej ontologii fig,<br \/>\nw nagrod\u0119 fig\u0119 dam mu w mig!<\/span><\/p>\n","protected":false},"excerpt":{"rendered":"<p>\u0141za cz\u0119sto oko moje za\u0107mi, gdy fig\u0119 dobry cz\u0142ek chce da\u0107 mi, bo zaraz taki mam dylemat: ta figa jest, czy te\u017c jej nie ma? Pewnym dowodem figi braku na og\u00f3\u0142 jest dodatek maku, lecz i bez maku (my\u015bl upiorna!) sprawa istnienia fig jest sporna. Gdy wchodzi w gr\u0119 zagadka bytu, to filozofa trzeba by tu &#8211; niech problem przejdzie w jego gesti\u0119. Je\u015bli rozpl\u0105ta\u0107 zdo\u0142a kwesti\u0119 zawi\u0142ej ontologii fig, w nagrod\u0119 fig\u0119 dam mu w mig!<\/p>\n","protected":false},"author":274,"featured_media":0,"parent":3,"menu_order":0,"comment_status":"open","ping_status":"open","template":"wiersze1.php","meta":{"footnotes":""},"class_list":["post-37","page","type-page","status-publish","hentry"],"_links":{"self":[{"href":"https:\/\/blog-bobika.eu\/index.php?rest_route=\/wp\/v2\/pages\/37","targetHints":{"allow":["GET"]}}],"collection":[{"href":"https:\/\/blog-bobika.eu\/index.php?rest_route=\/wp\/v2\/pages"}],"about":[{"href":"https:\/\/blog-bobika.eu\/index.php?rest_route=\/wp\/v2\/types\/page"}],"author":[{"embeddable":true,"href":"https:\/\/blog-bobika.eu\/index.php?rest_route=\/wp\/v2\/users\/274"}],"replies":[{"embeddable":true,"href":"https:\/\/blog-bobika.eu\/index.php?rest_route=%2Fwp%2Fv2%2Fcomments&post=37"}],"version-history":[{"count":0,"href":"https:\/\/blog-bobika.eu\/index.php?rest_route=\/wp\/v2\/pages\/37\/revisions"}],"up":[{"embeddable":true,"href":"https:\/\/blog-bobika.eu\/index.php?rest_route=\/wp\/v2\/pages\/3"}],"wp:attachment":[{"href":"https:\/\/blog-bobika.eu\/index.php?rest_route=%2Fwp%2Fv2%2Fmedia&parent=37"}],"curies":[{"name":"wp","href":"https:\/\/api.w.org\/{rel}","templated":true}]}}