{"id":35,"date":"2008-10-29T18:47:28","date_gmt":"2008-10-29T17:47:28","guid":{"rendered":"http:\/\/www.wowil.coldlight.pl\/bobik\/?page_id=35"},"modified":"2008-11-27T17:59:20","modified_gmt":"2008-11-27T16:59:20","slug":"carpaccio","status":"publish","type":"page","link":"https:\/\/blog-bobika.eu\/?page_id=35","title":{"rendered":"Carpaccio"},"content":{"rendered":"<p class=\"MsoPlainText\"><span>Carpaccio brzmi jak aria,<br \/>\nalbo opery tytu\u0142.<br \/>\nPomi\u0144my kulinaria,<br \/>\njest dosy\u0107 do zachwytu<br \/>\npowod\u00f3w, a po primo,<br \/>\njest olio di oliva,<br \/>\nco czasem uczestnikiem<br \/>\nnadmiernie tajnym bywa,<br \/>\npo drugie parmigiano,<br \/>\nco nie jest totumfackim,<br \/>\nlecz deux ex machina<br \/>\n(przyznajmy: nader grackim)<br \/>\ntopikiem, ma non troppo,<br \/>\ni tu z teori\u0105 koniec,<br \/>\nbo jeszcze jest s\u00f3l z pieprzem,<br \/>\nco ka\u017cdy wie zaskroniec<br \/>\nbezczelna wo\u0144 bazylii<br \/>\ni cytryn udzia\u0142 skromny,<br \/>\nco ka\u017cdy W\u0142och potwierdzi,<br \/>\nbogaty czy bezdomny,<br \/>\ni basta! Ach, wys\u0142uchaj<br \/>\ni w programie wypatrz j\u0105<br \/>\noper\u0119 z bohaterem,<br \/>\nco zowie si\u0119 carpaccio!<\/span><\/p>\n","protected":false},"excerpt":{"rendered":"<p>Carpaccio brzmi jak aria, albo opery tytu\u0142. Pomi\u0144my kulinaria, jest dosy\u0107 do zachwytu powod\u00f3w, a po primo, jest olio di oliva, co czasem uczestnikiem nadmiernie tajnym bywa, po drugie parmigiano, co nie jest totumfackim, lecz deux ex machina (przyznajmy: nader grackim) topikiem, ma non troppo, i tu z teori\u0105 koniec, bo jeszcze jest s\u00f3l z pieprzem, co ka\u017cdy wie zaskroniec bezczelna wo\u0144 bazylii i cytryn udzia\u0142 skromny, co ka\u017cdy W\u0142och potwierdzi, bogaty czy bezdomny, i basta! Ach, wys\u0142uchaj i w programie wypatrz j\u0105 oper\u0119 z bohaterem, co zowie si\u0119 carpaccio!<\/p>\n","protected":false},"author":274,"featured_media":0,"parent":3,"menu_order":0,"comment_status":"open","ping_status":"open","template":"wiersze1.php","meta":{"footnotes":""},"class_list":["post-35","page","type-page","status-publish","hentry"],"_links":{"self":[{"href":"https:\/\/blog-bobika.eu\/index.php?rest_route=\/wp\/v2\/pages\/35","targetHints":{"allow":["GET"]}}],"collection":[{"href":"https:\/\/blog-bobika.eu\/index.php?rest_route=\/wp\/v2\/pages"}],"about":[{"href":"https:\/\/blog-bobika.eu\/index.php?rest_route=\/wp\/v2\/types\/page"}],"author":[{"embeddable":true,"href":"https:\/\/blog-bobika.eu\/index.php?rest_route=\/wp\/v2\/users\/274"}],"replies":[{"embeddable":true,"href":"https:\/\/blog-bobika.eu\/index.php?rest_route=%2Fwp%2Fv2%2Fcomments&post=35"}],"version-history":[{"count":0,"href":"https:\/\/blog-bobika.eu\/index.php?rest_route=\/wp\/v2\/pages\/35\/revisions"}],"up":[{"embeddable":true,"href":"https:\/\/blog-bobika.eu\/index.php?rest_route=\/wp\/v2\/pages\/3"}],"wp:attachment":[{"href":"https:\/\/blog-bobika.eu\/index.php?rest_route=%2Fwp%2Fv2%2Fmedia&parent=35"}],"curies":[{"name":"wp","href":"https:\/\/api.w.org\/{rel}","templated":true}]}}