{"id":34,"date":"2008-10-29T18:46:36","date_gmt":"2008-10-29T17:46:36","guid":{"rendered":"http:\/\/www.wowil.coldlight.pl\/bobik\/?page_id=34"},"modified":"2008-10-29T18:46:36","modified_gmt":"2008-10-29T17:46:36","slug":"szparag","status":"publish","type":"page","link":"https:\/\/blog-bobika.eu\/?page_id=34","title":{"rendered":"Szparag"},"content":{"rendered":"<p class=\"MsoPlainText\"><span>Gdybym by\u0142 szparagiem,<br \/>\nbia\u0142ym lub zielonym,<br \/>\nnie tkwi\u0142bym na polu<br \/>\nfoli\u0105 zaciemnionym.<\/p>\n<p>Uciek\u0142bym ja z pola<br \/>\ntam, gdzie pieprz wyrasta,<br \/>\nza mn\u0105 chmura kurzu<br \/>\nsz\u0142aby ogromniasta.<\/p>\n<p>Pot\u0119g\u0105 bym smaku<br \/>\nprzed \u015bwiatem si\u0119 chwali\u0142,<br \/>\nhula\u0142bym, swawoli\u0142<br \/>\ni lulki bym pali\u0142.<\/p>\n<p>W ekscesach bym przebi\u0142<br \/>\nka\u017cd\u0105 cyganeri\u0119,<br \/>\nstale bym najdziksze<br \/>\nwyczynia\u0142 brewerie.<\/p>\n<p>Nie sia\u0142bym, nie ora\u0142,<br \/>\nnauk nie pobiera\u0142,<br \/>\nprzy paso\u017cytniczym<br \/>\n\u017cyciu si\u0119 upiera\u0142,<\/p>\n<p>g\u0142\u00f3wki nie k\u0142opota\u0142-<br \/>\nbym codzienn\u0105 trosk\u0105.<br \/>\nGdybym by\u0142 szparagiem<br \/>\nby\u0142oby mi bosko!<\/span><\/p>\n","protected":false},"excerpt":{"rendered":"<p>Gdybym by\u0142 szparagiem, bia\u0142ym lub zielonym, nie tkwi\u0142bym na polu foli\u0105 zaciemnionym. Uciek\u0142bym ja z pola tam, gdzie pieprz wyrasta, za mn\u0105 chmura kurzu sz\u0142aby ogromniasta. Pot\u0119g\u0105 bym smaku przed \u015bwiatem si\u0119 chwali\u0142, hula\u0142bym, swawoli\u0142 i lulki bym pali\u0142. W ekscesach bym przebi\u0142 ka\u017cd\u0105 cyganeri\u0119, stale bym najdziksze wyczynia\u0142 brewerie. Nie sia\u0142bym, nie ora\u0142, nauk nie pobiera\u0142, przy paso\u017cytniczym \u017cyciu si\u0119 upiera\u0142, g\u0142\u00f3wki nie k\u0142opota\u0142- bym codzienn\u0105 trosk\u0105. Gdybym by\u0142 szparagiem by\u0142oby mi bosko!<\/p>\n","protected":false},"author":274,"featured_media":0,"parent":3,"menu_order":0,"comment_status":"open","ping_status":"open","template":"wiersze1.php","meta":{"footnotes":""},"class_list":["post-34","page","type-page","status-publish","hentry"],"_links":{"self":[{"href":"https:\/\/blog-bobika.eu\/index.php?rest_route=\/wp\/v2\/pages\/34","targetHints":{"allow":["GET"]}}],"collection":[{"href":"https:\/\/blog-bobika.eu\/index.php?rest_route=\/wp\/v2\/pages"}],"about":[{"href":"https:\/\/blog-bobika.eu\/index.php?rest_route=\/wp\/v2\/types\/page"}],"author":[{"embeddable":true,"href":"https:\/\/blog-bobika.eu\/index.php?rest_route=\/wp\/v2\/users\/274"}],"replies":[{"embeddable":true,"href":"https:\/\/blog-bobika.eu\/index.php?rest_route=%2Fwp%2Fv2%2Fcomments&post=34"}],"version-history":[{"count":0,"href":"https:\/\/blog-bobika.eu\/index.php?rest_route=\/wp\/v2\/pages\/34\/revisions"}],"up":[{"embeddable":true,"href":"https:\/\/blog-bobika.eu\/index.php?rest_route=\/wp\/v2\/pages\/3"}],"wp:attachment":[{"href":"https:\/\/blog-bobika.eu\/index.php?rest_route=%2Fwp%2Fv2%2Fmedia&parent=34"}],"curies":[{"name":"wp","href":"https:\/\/api.w.org\/{rel}","templated":true}]}}