{"id":33,"date":"2008-10-29T18:45:41","date_gmt":"2008-10-29T17:45:41","guid":{"rendered":"http:\/\/www.wowil.coldlight.pl\/bobik\/?page_id=33"},"modified":"2008-10-29T18:45:41","modified_gmt":"2008-10-29T17:45:41","slug":"barszczyk","status":"publish","type":"page","link":"https:\/\/blog-bobika.eu\/?page_id=33","title":{"rendered":"Barszczyk"},"content":{"rendered":"<p class=\"MsoPlainText\"><span>Nad czystym barszczem<br \/>\nnosa nie marszcz\u0119,<br \/>\npyta\u0144 nie stawiam.<br \/>\nPostronnych sp\u0142awiam<br \/>\ni do talerza<br \/>\nlub kubka zmierzam<br \/>\nprosto jak w dym,<br \/>\nby kubkom swym<br \/>\nda\u0107 ol\u015bni\u0107 si\u0119.<br \/>\nI szcz\u0119\u015bciem zw\u0119<br \/>\nten dreszcz, ten prztyczek,<br \/>\ngdy si\u0119 j\u0119zyczek<br \/>\njak w\u0105\u017c wyd\u0142u\u017ca<br \/>\ni broda nurza<br \/>\nw pachn\u0105cej cieczy.<br \/>\nTeraz do rzeczy:<br \/>\nw barszczyku ceni\u0119<br \/>\nw\u0142a\u015bnie ol\u015bnienie,<br \/>\na mniam czy ch\u0142ep?<br \/>\n<\/span><span>Nie m\u00f3j w tym \u0142eb! <\/span><\/p>\n","protected":false},"excerpt":{"rendered":"<p>Nad czystym barszczem nosa nie marszcz\u0119, pyta\u0144 nie stawiam. Postronnych sp\u0142awiam i do talerza lub kubka zmierzam prosto jak w dym, by kubkom swym da\u0107 ol\u015bni\u0107 si\u0119. I szcz\u0119\u015bciem zw\u0119 ten dreszcz, ten prztyczek, gdy si\u0119 j\u0119zyczek jak w\u0105\u017c wyd\u0142u\u017ca i broda nurza w pachn\u0105cej cieczy. Teraz do rzeczy: w barszczyku ceni\u0119 w\u0142a\u015bnie ol\u015bnienie, a mniam czy ch\u0142ep? Nie m\u00f3j w tym \u0142eb!<\/p>\n","protected":false},"author":274,"featured_media":0,"parent":3,"menu_order":0,"comment_status":"open","ping_status":"open","template":"wiersze1.php","meta":{"footnotes":""},"class_list":["post-33","page","type-page","status-publish","hentry"],"_links":{"self":[{"href":"https:\/\/blog-bobika.eu\/index.php?rest_route=\/wp\/v2\/pages\/33","targetHints":{"allow":["GET"]}}],"collection":[{"href":"https:\/\/blog-bobika.eu\/index.php?rest_route=\/wp\/v2\/pages"}],"about":[{"href":"https:\/\/blog-bobika.eu\/index.php?rest_route=\/wp\/v2\/types\/page"}],"author":[{"embeddable":true,"href":"https:\/\/blog-bobika.eu\/index.php?rest_route=\/wp\/v2\/users\/274"}],"replies":[{"embeddable":true,"href":"https:\/\/blog-bobika.eu\/index.php?rest_route=%2Fwp%2Fv2%2Fcomments&post=33"}],"version-history":[{"count":0,"href":"https:\/\/blog-bobika.eu\/index.php?rest_route=\/wp\/v2\/pages\/33\/revisions"}],"up":[{"embeddable":true,"href":"https:\/\/blog-bobika.eu\/index.php?rest_route=\/wp\/v2\/pages\/3"}],"wp:attachment":[{"href":"https:\/\/blog-bobika.eu\/index.php?rest_route=%2Fwp%2Fv2%2Fmedia&parent=33"}],"curies":[{"name":"wp","href":"https:\/\/api.w.org\/{rel}","templated":true}]}}