{"id":289,"date":"2010-01-18T23:07:17","date_gmt":"2010-01-18T22:07:17","guid":{"rendered":"http:\/\/blog-bobika.eu\/?page_id=289"},"modified":"2015-08-28T14:44:25","modified_gmt":"2015-08-28T12:44:25","slug":"bitwa","status":"publish","type":"page","link":"https:\/\/blog-bobika.eu\/?page_id=289","title":{"rendered":"Bitwa"},"content":{"rendered":"<p>Zoczywszy, \u017ce mu Bobik pogoni\u0142 kurczaki,<br \/>\ngospodarz nadbieg\u0142 wrzeszcz\u0105c: paszo\u0142 ty won w krzaki!<br \/>\nKrzaki? Jest to idea pieskowi nieobca,<br \/>\nprawd\u0119 m\u00f3wi\u0105c ka\u017cdego wabi psiego ch\u0142opca,<br \/>\nbo w krzakach mog\u0105 zdarzy\u0107 si\u0119 rzeczy ciekawe&#8230;<br \/>\n\u017be wy\u0142o\u017c\u0119 dok\u0142adnie tu kaw\u0119 na \u0142aw\u0119,<br \/>\nmo\u017ce w tych krzakach suczki pojawi\u0107 si\u0119 cia\u0142o,<br \/>\nco dla psa nie jest spraw\u0105 b\u0142ah\u0105 ani ma\u0142\u0105.<br \/>\nA jeszcze gdy z zapachu jest ona pon\u0119tna,<br \/>\nodpowiedniego wzrostu, do zabawy ch\u0119tna,<br \/>\nnieskr\u0119powana smycz\u0105 oraz bez dozoru,<br \/>\nto zawsze warto dla niej uda\u0107 si\u0119 do boru.<br \/>\nTak wi\u0119c Bobik za krzaczki podyrda\u0142 po cichu,<br \/>\nurwawszy si\u0119 przemy\u015blnie psiemu towarzychu,<br \/>\n(bo konkurencja nie \u015bpi, pies stary czy m\u0142ody<br \/>\nzaraz by z nim spr\u00f3bowa\u0142 pospieszy\u0107 w zawody),<br \/>\na znalaz\u0142szy si\u0119 wreszcie pod jak\u0105\u015b kalin\u0105,<br \/>\nza futrzan\u0105 si\u0119 zacz\u0105\u0142 rozgl\u0105da\u0107 dziewczyn\u0105.<br \/>\nLecz co to&#8230; zza s\u0105siedniej wierzby, jak zza tarczy,<br \/>\nwygl\u0105da \u0142eb kud\u0142aty i okropnie warczy.<br \/>\nBiada! Foksterier pod\u0142y d\u0105\u017cy\u0142 jego tropem!<br \/>\nJu\u017c lepiej by si\u0119 by\u0142o spotka\u0107 z praczem szopem,<br \/>\nni\u017c z t\u0105 besti\u0105 zaci\u0119t\u0105, w\u0119sz\u0105c\u0105 za \u015bladem<br \/>\nka\u017cdego, komu tylko da si\u0119 wej\u015b\u0107 w parad\u0119.<br \/>\nLecz nie z Bobikiem te numery, foksterierze,<br \/>\nwiadomo wszak, \u017ce z niego jest bojowe zwierz\u0119,<br \/>\nco nie czekaj\u0105c znik\u0105d zach\u0119ty do draki<br \/>\nna wroga rzuca si\u0119 i wpija w jego k\u0142aki.<\/p>\n<p>Ju\u017c bitwa si\u0119 zaczyna, nie ust\u0105pi \u017caden,<br \/>\nach, tego nie opisa\u0142by Bandrowski-Kaden:<br \/>\nfruwaj\u0105 k\u0142\u0119by kud\u0142\u00f3w, b\u0142yskaj\u0105 z\u0119biska,<br \/>\ndar\u0144 spod \u0142ap rozjuszonych kawa\u0142ami pryska,<br \/>\na nad owym \u017cywio\u0142\u00f3w dzikich rozp\u0119taniem<br \/>\nrozlega si\u0119 straszliwe, gromkie ujadanie.<br \/>\nKrew si\u0119 z rozdartych usz\u00f3w leje potokami,<br \/>\nfoksterier z lewej strony atakuje k\u0142ami,<br \/>\na z prawej usi\u0142uje zahaczy\u0107 pazurem,<br \/>\nwzniecaj\u0105c przy tym kurzu niebotyczn\u0105 chmur\u0119.<br \/>\nBobik, cho\u0107 nieco mniejszy, chocia\u017c raczej drobny,<br \/>\nprzy walce do tygrysa robi si\u0119 podobny,<br \/>\nw ogon si\u0119 przeciwnika wgryza i nie puszcza,<br \/>\na\u017c wrzask us\u0142yszy taki, jak st\u0105d a\u017c do T\u0142uszcza,<br \/>\na i wtedy zawzi\u0119cie, sposobem buldoga,<br \/>\nw z\u0119bach dzier\u017cy wra\u017cliwy ten kawa\u0142ek wroga,<br \/>\ndop\u00f3ki nie zobaczy, \u017ce \u00f3w z si\u0142 opadnie,<br \/>\nzawyje, \u0142eb opu\u015bci i podda si\u0119 snadnie.<br \/>\nTaki\u017c i foksteriera by\u0142 koniec \u017ca\u0142osny &#8211;<br \/>\nza to, \u017ce chcia\u0142 przeszkodzi\u0107 w zapa\u0142ach mi\u0142osnych,<br \/>\nmusia\u0142 z pola potyczki czmychn\u0105\u0107 zawstydzony,<br \/>\nwlok\u0105c sm\u0119tnie za sob\u0105 ogon wystrz\u0119piony.<\/p>\n<p>Natenczas Bobik chwyci\u0142 le\u017c\u0105cy na trawie<br \/>\npatyczek i beztroskiej odda\u0142 si\u0119 zabawie,<br \/>\na \u017ce \u017cadna psia dama w tym le\u015bnym zak\u0105tku<br \/>\nzjawi\u0107 si\u0119 nie raczy\u0142a, rzek\u0142 w ko\u0144cu: w porz\u0105dku,<br \/>\nwidz\u0119, \u017ce si\u0119 ksiutami dzisiaj nie naciesz\u0119,<br \/>\nsikn\u0119 wi\u0119c i si\u0119 udam w domowe pielesze.<\/p>\n","protected":false},"excerpt":{"rendered":"<p>Zoczywszy, \u017ce mu Bobik pogoni\u0142 kurczaki, gospodarz nadbieg\u0142 wrzeszcz\u0105c: paszo\u0142 ty won w krzaki! Krzaki? Jest to idea pieskowi nieobca, prawd\u0119 m\u00f3wi\u0105c ka\u017cdego wabi psiego ch\u0142opca, bo w krzakach mog\u0105 zdarzy\u0107 si\u0119 rzeczy ciekawe&#8230; \u017be wy\u0142o\u017c\u0119 dok\u0142adnie tu kaw\u0119 na \u0142aw\u0119, mo\u017ce w tych krzakach suczki pojawi\u0107 si\u0119 cia\u0142o, co dla psa nie jest spraw\u0105 b\u0142ah\u0105 ani ma\u0142\u0105. A jeszcze gdy z zapachu jest ona pon\u0119tna, odpowiedniego wzrostu, do zabawy ch\u0119tna, nieskr\u0119powana smycz\u0105 oraz bez dozoru, to zawsze warto dla niej uda\u0107 si\u0119 do boru. Tak wi\u0119c Bobik za krzaczki podyrda\u0142 po cichu, urwawszy si\u0119 przemy\u015blnie psiemu towarzychu, (bo konkurencja [&hellip;]<\/p>\n","protected":false},"author":274,"featured_media":0,"parent":2565,"menu_order":0,"comment_status":"open","ping_status":"open","template":"wiersze_wypisy.php","meta":{"footnotes":""},"class_list":["post-289","page","type-page","status-publish","hentry"],"_links":{"self":[{"href":"https:\/\/blog-bobika.eu\/index.php?rest_route=\/wp\/v2\/pages\/289","targetHints":{"allow":["GET"]}}],"collection":[{"href":"https:\/\/blog-bobika.eu\/index.php?rest_route=\/wp\/v2\/pages"}],"about":[{"href":"https:\/\/blog-bobika.eu\/index.php?rest_route=\/wp\/v2\/types\/page"}],"author":[{"embeddable":true,"href":"https:\/\/blog-bobika.eu\/index.php?rest_route=\/wp\/v2\/users\/274"}],"replies":[{"embeddable":true,"href":"https:\/\/blog-bobika.eu\/index.php?rest_route=%2Fwp%2Fv2%2Fcomments&post=289"}],"version-history":[{"count":1,"href":"https:\/\/blog-bobika.eu\/index.php?rest_route=\/wp\/v2\/pages\/289\/revisions"}],"predecessor-version":[{"id":2588,"href":"https:\/\/blog-bobika.eu\/index.php?rest_route=\/wp\/v2\/pages\/289\/revisions\/2588"}],"up":[{"embeddable":true,"href":"https:\/\/blog-bobika.eu\/index.php?rest_route=\/wp\/v2\/pages\/2565"}],"wp:attachment":[{"href":"https:\/\/blog-bobika.eu\/index.php?rest_route=%2Fwp%2Fv2%2Fmedia&parent=289"}],"curies":[{"name":"wp","href":"https:\/\/api.w.org\/{rel}","templated":true}]}}