{"id":2859,"date":"2015-09-19T10:05:28","date_gmt":"2015-09-19T08:05:28","guid":{"rendered":"http:\/\/blog-bobika.eu\/?page_id=2859"},"modified":"2015-09-19T10:05:28","modified_gmt":"2015-09-19T08:05:28","slug":"kierowniczka-na-ukrainie","status":"publish","type":"page","link":"https:\/\/blog-bobika.eu\/?page_id=2859","title":{"rendered":"Kierowniczka na Ukrainie"},"content":{"rendered":"<p>Z ogrodowej altany leci Bobik zdyszany<br \/>\nna Dywanik, z warkotem i trwog\u0105,<br \/>\no\u015bwietliwszy go \u015bwiczk\u0105 patrzy za Kierowniczk\u0105,<br \/>\nszpera, w\u0119szy &#8211; nie znalaz\u0142 nikogo.<\/p>\n<p>W przera\u017ceniu si\u0119 psina zastanawia\u0107 zaczyna,<br \/>\nczo\u0142o marszczy i my\u015bli ma takie:<br \/>\nKierowniczka, nieboga, po bezdro\u017cach i drogach<br \/>\npewnie szlaja si\u0119 z jakim\u015b kozakiem.<\/p>\n<p>Czy on jest z figurami, czy wywija szablami,<br \/>\nczy kapelusz wystawia spod krzaka?<br \/>\nCzy to grzyb, czy to taniec, czy to jaki\u015b pohaniec &#8211;<br \/>\ndiabli wiedz\u0105 go, tego kozaka.<\/p>\n<p>Dywan ca\u0142y st\u0119skniony, alarmowe brzmi\u0105 dzwony,<br \/>\nwojewoda przysy\u0142a pytania,<br \/>\nKto\u015b si\u0119 \u0142zami zalewa, kto\u015b gorza\u0142\u0105 uchlewa,<br \/>\nkto\u015b na \u0142apach kud\u0142atych si\u0119 s\u0142ania&#8230;<\/p>\n<p>Wszystko na nic, niestety. Chocia\u017c mdlej\u0105 kobiety,<br \/>\ncho\u0107 faceci strzelaj\u0105 oczyma,<br \/>\nnie rozwiewa si\u0119 groza &#8211; Kierowniczk\u0119 ten kozak<br \/>\nza co\u015b z\u0142apa\u0142 podobno i trzyma.<\/p>\n<p>Ju\u017c gadaj\u0105 w Kijowie, \u017ce przybyli pos\u0142owie<br \/>\nod Dywanu i okup chc\u0105 wr\u0119czy\u0107,<br \/>\nco\u015b tam krzycz\u0105, \u017ce chryja, \u017ce ten kozak, bestyja,<br \/>\ngot\u00f3w im Kierowniczk\u0119 zam\u0119czy\u0107.<\/p>\n<p>Traktem do \u017bytomierza oficjeli rz\u0105d zmierza,<br \/>\ndoje\u017cd\u017caj\u0105 i robi si\u0119 draka:<br \/>\nnikt nie dzier\u017cy na stronie Kierownictwa w nelsonie,<br \/>\nono to za \u0142eb trzyma kozaka.<\/p>\n<p>Tutaj pos\u0142\u00f3w gromada m\u00f3wi: okup odpada,<br \/>\nKierowniczka, jak wida\u0107, potrafi.<br \/>\nUkraina zielona niech si\u0119 o tym przekona,<br \/>\nmy wracamy do naszej parafii.<\/p>\n<p>Na Dywanu my niwie b\u0119dziem czeka\u0107 cierpliwie,<br \/>\na\u017c przyjedzie, napisze nam n\u00f3wki,<br \/>\nnie urz\u0105dzim rozr\u00f3by, cho\u0107 pop\u0142aczem w czas pr\u00f3by,<br \/>\npoci\u0105gaj\u0105c dyskretnie z piersi\u00f3wki.<\/p>\n<p>Na to rz\u0105d oficjeli rzec si\u0119 nic nie o\u015bmieli\u0142,<br \/>\ncho\u0107by chcia\u0142 zreszt\u0105, nie da\u0142by rady,<br \/>\nbo tromb ca\u0142\u0105 kohort\u0119 kto\u015b napu\u015bci\u0142, by &lt;b&gt;forte&lt;\/b&gt;<br \/>\nda\u0142y zna\u0107, \u017ce ju\u017c koniec ballady.<\/p>\n<p>&nbsp;<\/p>\n<p>&nbsp;<\/p>\n<p>&nbsp;<\/p>\n<p>&nbsp;<\/p>\n","protected":false},"excerpt":{"rendered":"<p>Z ogrodowej altany leci Bobik zdyszany na Dywanik, z warkotem i trwog\u0105, o\u015bwietliwszy go \u015bwiczk\u0105 patrzy za Kierowniczk\u0105, szpera, w\u0119szy &#8211; nie znalaz\u0142 nikogo. W przera\u017ceniu si\u0119 psina zastanawia\u0107 zaczyna, czo\u0142o marszczy i my\u015bli ma takie: Kierowniczka, nieboga, po bezdro\u017cach i drogach pewnie szlaja si\u0119 z jakim\u015b kozakiem. Czy on jest z figurami, czy wywija szablami, czy kapelusz wystawia spod krzaka? Czy to grzyb, czy to taniec, czy to jaki\u015b pohaniec &#8211; diabli wiedz\u0105 go, tego kozaka. Dywan ca\u0142y st\u0119skniony, alarmowe brzmi\u0105 dzwony, wojewoda przysy\u0142a pytania, Kto\u015b si\u0119 \u0142zami zalewa, kto\u015b gorza\u0142\u0105 uchlewa, kto\u015b na \u0142apach kud\u0142atych si\u0119 s\u0142ania&#8230; Wszystko [&hellip;]<\/p>\n","protected":false},"author":274,"featured_media":0,"parent":2571,"menu_order":0,"comment_status":"open","ping_status":"open","template":"wiersze_muzyczne.php","meta":{"footnotes":""},"class_list":["post-2859","page","type-page","status-publish","hentry"],"_links":{"self":[{"href":"https:\/\/blog-bobika.eu\/index.php?rest_route=\/wp\/v2\/pages\/2859","targetHints":{"allow":["GET"]}}],"collection":[{"href":"https:\/\/blog-bobika.eu\/index.php?rest_route=\/wp\/v2\/pages"}],"about":[{"href":"https:\/\/blog-bobika.eu\/index.php?rest_route=\/wp\/v2\/types\/page"}],"author":[{"embeddable":true,"href":"https:\/\/blog-bobika.eu\/index.php?rest_route=\/wp\/v2\/users\/274"}],"replies":[{"embeddable":true,"href":"https:\/\/blog-bobika.eu\/index.php?rest_route=%2Fwp%2Fv2%2Fcomments&post=2859"}],"version-history":[{"count":1,"href":"https:\/\/blog-bobika.eu\/index.php?rest_route=\/wp\/v2\/pages\/2859\/revisions"}],"predecessor-version":[{"id":2860,"href":"https:\/\/blog-bobika.eu\/index.php?rest_route=\/wp\/v2\/pages\/2859\/revisions\/2860"}],"up":[{"embeddable":true,"href":"https:\/\/blog-bobika.eu\/index.php?rest_route=\/wp\/v2\/pages\/2571"}],"wp:attachment":[{"href":"https:\/\/blog-bobika.eu\/index.php?rest_route=%2Fwp%2Fv2%2Fmedia&parent=2859"}],"curies":[{"name":"wp","href":"https:\/\/api.w.org\/{rel}","templated":true}]}}