{"id":2856,"date":"2015-09-19T09:38:43","date_gmt":"2015-09-19T07:38:43","guid":{"rendered":"http:\/\/blog-bobika.eu\/?page_id=2856"},"modified":"2015-09-19T09:38:43","modified_gmt":"2015-09-19T07:38:43","slug":"nie-rzucim","status":"publish","type":"page","link":"https:\/\/blog-bobika.eu\/?page_id=2856","title":{"rendered":"Nie rzucim&#8230;"},"content":{"rendered":"<p>W Gruzji gdzie\u015b le\u017c\u0105 marne posady,<br \/>\nw lasach brykaj\u0105 jelenie,<br \/>\na na Bobika pad\u0142 dzi\u015b strach blady:<br \/>\nwszyscy rzucaj\u0105 palenie.<\/p>\n<p>Broni si\u0119 jeszcze zwierz Alpuhary<br \/>\nz resztk\u0105 dru\u017cyny w okopie,<br \/>\na wok\u00f3\u0142 wsz\u0119dzie szlaban na gary<br \/>\ni krzyki: rzu\u0107\u017ce te\u017c, ch\u0142opie!<\/p>\n<p>O wschodzie s\u0142o\u0144ca ryczy Mordechaj,<br \/>\nsiedz\u0105c przemy\u015blnie na ty\u0142ach:<br \/>\nkto \u017cyw niech \u017cuje i rzuci niechaj,<br \/>\njak moja Stara rzuci\u0142a!<\/p>\n<p>Dalej Monika naciera z flanki<br \/>\na razem z ni\u0105 Andsol bie\u017cy:<br \/>\nu rzucaj\u0105cych bielsze firanki,<br \/>\nt\u0142um but\u00f3w i oddech \u015bwie\u017cy!<\/p>\n<p>Bobik z Klakierem, Zeenem i Wodzem<br \/>\nzebra\u0107 chce resztki odwagi,<br \/>\nale zza w\u0119g\u0142a rani\u0105 go srodze<br \/>\nstrza\u0142y Si\u00f3demki i Agi.<\/p>\n<p>Zasnute serca obro\u0144c\u00f3w kirem,<br \/>\nbo nowy atak nadci\u0105ga,<br \/>\nrakiet\u0105 wali z Lublina Irek,<br \/>\na Kierowniczka z Elbl\u0105ga.<\/p>\n<p>Bobik, nerwowy jakby mu koty<br \/>\nsiad\u0142y na czarnym ogonie,<br \/>\nwrzasn\u0105\u0142 w pop\u0142ochu do swojej roty:<br \/>\nchodu! I zmylmy pogonie!<\/p>\n<p>Spadajmy, bracia, w stron\u0119 Grenady,<br \/>\nnow\u0105 za\u0142\u00f3\u017cmy tam baz\u0119,<br \/>\ntam pu\u015bci\u0107 dymka jeszcze da rady<br \/>\ni kultywowa\u0107 zaraz\u0119.<\/p>\n<p>Brykn\u0119li spo\u0142u w miejsce bezpieczne,<br \/>\ntak, jak to Bobik nakaza\u0142<br \/>\ni od tej pory klepie si\u0119 wiecznie,<br \/>\n\u017ce w tej Grenadzie zaraza.<\/p>\n<p>&nbsp;<\/p>\n<p>&nbsp;<\/p>\n<p>&nbsp;<\/p>\n<p>&nbsp;<\/p>\n<p>&nbsp;<\/p>\n<p>&nbsp;<\/p>\n<p>&nbsp;<\/p>\n<p>&nbsp;<\/p>\n<p>&nbsp;<\/p>\n<p>&nbsp;<\/p>\n","protected":false},"excerpt":{"rendered":"<p>W Gruzji gdzie\u015b le\u017c\u0105 marne posady, w lasach brykaj\u0105 jelenie, a na Bobika pad\u0142 dzi\u015b strach blady: wszyscy rzucaj\u0105 palenie. Broni si\u0119 jeszcze zwierz Alpuhary z resztk\u0105 dru\u017cyny w okopie, a wok\u00f3\u0142 wsz\u0119dzie szlaban na gary i krzyki: rzu\u0107\u017ce te\u017c, ch\u0142opie! O wschodzie s\u0142o\u0144ca ryczy Mordechaj, siedz\u0105c przemy\u015blnie na ty\u0142ach: kto \u017cyw niech \u017cuje i rzuci niechaj, jak moja Stara rzuci\u0142a! Dalej Monika naciera z flanki a razem z ni\u0105 Andsol bie\u017cy: u rzucaj\u0105cych bielsze firanki, t\u0142um but\u00f3w i oddech \u015bwie\u017cy! Bobik z Klakierem, Zeenem i Wodzem zebra\u0107 chce resztki odwagi, ale zza w\u0119g\u0142a rani\u0105 go srodze strza\u0142y Si\u00f3demki i [&hellip;]<\/p>\n","protected":false},"author":274,"featured_media":0,"parent":2565,"menu_order":0,"comment_status":"open","ping_status":"open","template":"wiersze_wypisy.php","meta":{"footnotes":""},"class_list":["post-2856","page","type-page","status-publish","hentry"],"_links":{"self":[{"href":"https:\/\/blog-bobika.eu\/index.php?rest_route=\/wp\/v2\/pages\/2856","targetHints":{"allow":["GET"]}}],"collection":[{"href":"https:\/\/blog-bobika.eu\/index.php?rest_route=\/wp\/v2\/pages"}],"about":[{"href":"https:\/\/blog-bobika.eu\/index.php?rest_route=\/wp\/v2\/types\/page"}],"author":[{"embeddable":true,"href":"https:\/\/blog-bobika.eu\/index.php?rest_route=\/wp\/v2\/users\/274"}],"replies":[{"embeddable":true,"href":"https:\/\/blog-bobika.eu\/index.php?rest_route=%2Fwp%2Fv2%2Fcomments&post=2856"}],"version-history":[{"count":1,"href":"https:\/\/blog-bobika.eu\/index.php?rest_route=\/wp\/v2\/pages\/2856\/revisions"}],"predecessor-version":[{"id":2857,"href":"https:\/\/blog-bobika.eu\/index.php?rest_route=\/wp\/v2\/pages\/2856\/revisions\/2857"}],"up":[{"embeddable":true,"href":"https:\/\/blog-bobika.eu\/index.php?rest_route=\/wp\/v2\/pages\/2565"}],"wp:attachment":[{"href":"https:\/\/blog-bobika.eu\/index.php?rest_route=%2Fwp%2Fv2%2Fmedia&parent=2856"}],"curies":[{"name":"wp","href":"https:\/\/api.w.org\/{rel}","templated":true}]}}