{"id":2848,"date":"2015-09-18T22:25:51","date_gmt":"2015-09-18T20:25:51","guid":{"rendered":"http:\/\/blog-bobika.eu\/?page_id=2848"},"modified":"2015-09-18T22:28:24","modified_gmt":"2015-09-18T20:28:24","slug":"kierowniczka","status":"publish","type":"page","link":"https:\/\/blog-bobika.eu\/?page_id=2848","title":{"rendered":"Kierowniczka"},"content":{"rendered":"<p>Wielki czyn Kierowniczki chc\u0119 opiewa\u0107 ostro,<br \/>\nmow\u0105 w sup\u0142y zwi\u0105zan\u0105, nie \u0142atw\u0105, nie prost\u0105,<br \/>\nnie dla pracuj\u0105cego przeznaczon\u0105 ludu<br \/>\n(bo lud z m\u00f3w nie rozumie i tak ani dudu),<br \/>\nale dla wykszta\u0142ciucha, co nie z soli-roli,<br \/>\ntylko z tego, na ile WordPress mu pozwoli.<br \/>\nTo by\u0142a ksi\u0119ga pierwsza. Ali\u015bci na kompie<br \/>\nwpisa\u0142 mi si\u0119 ci\u0105g dalszy: ja jeszcze nast\u0105pi\u0119! \ud83d\ude42<\/p>\n<p>Walecznej Kierowniczki w jej parciu do zbior\u00f3w<br \/>\nnie powstrzyma\u0142by nawet wywar z muchomor\u00f3w,<br \/>\nniech Zeus przeciwnik\u00f3w jej ma w swej opiece,<br \/>\ngdy zechc\u0105 przeciwstawi\u0107 si\u0119 jej w bibliotece.<br \/>\nPo\u015br\u00f3d szcz\u0119ku czyneli i szyneli pr\u0119\u017cnych<br \/>\nnadludzkich dokonuje ona dzie\u0142 or\u0119\u017cnych,<br \/>\nstraszny pies \u0142a\u0144cutowy z\u0119by na ni\u0105 szczerzy,<br \/>\nlecz ona, nieul\u0119k\u0142a, do archiwum bie\u017cy,<br \/>\nprzebija si\u0119 przez zw\u0142oki cymeli\u00f3w spi\u0119trzone,<br \/>\ni chwyta tarantell\u0119 w d\u0142onie zakrwawione.<br \/>\nO, nie zadr\u017cy jej r\u0119ka ani w\u0142os na g\u0142owie,<br \/>\ngdy o Niderlandczyka koncertach si\u0119 dowie,<br \/>\nni\u017ali \u017cycie jej milszy interes publiczny<br \/>\n( jego g\u0142osem &#8222;Wyborcza&#8221; oraz &#8222;Ruch Muzyczny&#8221;),<br \/>\ni w tej\u017ce s\u0142usznej sprawie rzeczone szparga\u0142y<br \/>\nzas\u0142ania w\u0142asn\u0105 piersi\u0105 oraz cia\u0142em ca\u0142ym,<br \/>\nby o nich opowiedzie\u0107 spragnionym s\u0142uchaczom.<br \/>\nNiechaj\u017ce narodowie w\u017cdy postronni bacz\u0105:<br \/>\nnie zma\u017c\u0105 wrogie kr\u0119gi, ni zazdrosne sitwy,<br \/>\nKierowniczki dokona\u0144 na polu tej bitwy.<br \/>\nA ja, kt\u00f3rym wy\u015bpiewa\u0142 je w blogowej izbie,<br \/>\nb\u0119d\u0119 w s\u0142onku jej chwa\u0142y grza\u0107 si\u0119 tu na przyzbie.<\/p>\n","protected":false},"excerpt":{"rendered":"<p>Wielki czyn Kierowniczki chc\u0119 opiewa\u0107 ostro, mow\u0105 w sup\u0142y zwi\u0105zan\u0105, nie \u0142atw\u0105, nie prost\u0105, nie dla pracuj\u0105cego przeznaczon\u0105 ludu (bo lud z m\u00f3w nie rozumie i tak ani dudu), ale dla wykszta\u0142ciucha, co nie z soli-roli, tylko z tego, na ile WordPress mu pozwoli. To by\u0142a ksi\u0119ga pierwsza. Ali\u015bci na kompie wpisa\u0142 mi si\u0119 ci\u0105g dalszy: ja jeszcze nast\u0105pi\u0119! \ud83d\ude42 Walecznej Kierowniczki w jej parciu do zbior\u00f3w nie powstrzyma\u0142by nawet wywar z muchomor\u00f3w, niech Zeus przeciwnik\u00f3w jej ma w swej opiece, gdy zechc\u0105 przeciwstawi\u0107 si\u0119 jej w bibliotece. Po\u015br\u00f3d szcz\u0119ku czyneli i szyneli pr\u0119\u017cnych nadludzkich dokonuje ona dzie\u0142 or\u0119\u017cnych, straszny [&hellip;]<\/p>\n","protected":false},"author":274,"featured_media":0,"parent":2571,"menu_order":0,"comment_status":"open","ping_status":"open","template":"wiersze_muzyczne.php","meta":{"footnotes":""},"class_list":["post-2848","page","type-page","status-publish","hentry"],"_links":{"self":[{"href":"https:\/\/blog-bobika.eu\/index.php?rest_route=\/wp\/v2\/pages\/2848","targetHints":{"allow":["GET"]}}],"collection":[{"href":"https:\/\/blog-bobika.eu\/index.php?rest_route=\/wp\/v2\/pages"}],"about":[{"href":"https:\/\/blog-bobika.eu\/index.php?rest_route=\/wp\/v2\/types\/page"}],"author":[{"embeddable":true,"href":"https:\/\/blog-bobika.eu\/index.php?rest_route=\/wp\/v2\/users\/274"}],"replies":[{"embeddable":true,"href":"https:\/\/blog-bobika.eu\/index.php?rest_route=%2Fwp%2Fv2%2Fcomments&post=2848"}],"version-history":[{"count":3,"href":"https:\/\/blog-bobika.eu\/index.php?rest_route=\/wp\/v2\/pages\/2848\/revisions"}],"predecessor-version":[{"id":2851,"href":"https:\/\/blog-bobika.eu\/index.php?rest_route=\/wp\/v2\/pages\/2848\/revisions\/2851"}],"up":[{"embeddable":true,"href":"https:\/\/blog-bobika.eu\/index.php?rest_route=\/wp\/v2\/pages\/2571"}],"wp:attachment":[{"href":"https:\/\/blog-bobika.eu\/index.php?rest_route=%2Fwp%2Fv2%2Fmedia&parent=2848"}],"curies":[{"name":"wp","href":"https:\/\/api.w.org\/{rel}","templated":true}]}}