{"id":2846,"date":"2015-09-18T22:24:21","date_gmt":"2015-09-18T20:24:21","guid":{"rendered":"http:\/\/blog-bobika.eu\/?page_id=2846"},"modified":"2015-09-18T22:24:21","modified_gmt":"2015-09-18T20:24:21","slug":"kierowniczka-urodziny-2015","status":"publish","type":"page","link":"https:\/\/blog-bobika.eu\/?page_id=2846","title":{"rendered":"Kierowniczka urodziny 2015"},"content":{"rendered":"<p>Dodaj si\u0142y, Psie Niebieski &#8211;<br \/>\nju\u017c kolejny dzie\u0144 imprezki,<br \/>\nfajerwerki, TROMBY, pienia,<br \/>\nszampan tryska na \u017cyczenia,<br \/>\nkoniak z kaw\u0105 si\u0119 pomiesza\u0142,<br \/>\nod Mozarta jest depesza,<br \/>\n\u017ce winszuje i w og\u00f3le,<br \/>\nBach co\u015b te\u017c napisa\u0142 czule<br \/>\ni duch Kagla gdzie\u015b w za\u015bwiatach<br \/>\nr\u00f3wnie\u017c z d\u0142ugopisem lata.<br \/>\nSt\u00f3\u0142 w dorodnych pomidorach<br \/>\n(to przesy\u0142ka od Igora),<br \/>\nbo w bufecie Kierowniczym<br \/>\nnie ma co na mi\u0119sa liczy\u0107,<br \/>\nFrycek, ozdrowia\u0142y cudem,<br \/>\nna Pleyelu r\u017cnie etiud\u0119,<br \/>\ngra muzyka w ka\u017cdej duszy,<br \/>\na\u017c \u015bci\u0105gaj\u0105 g\u0142usi z g\u0142uszy,<br \/>\nkoty pie\u015bni miaucz\u0105 ch\u00f3rem,<br \/>\ng\u0142o\u015bniej nawet od wiewi\u00f3rek,<br \/>\nFr\u0119dzle, w uroczystych minach,<br \/>\npoch\u0142aniaj\u0105 beczki wina,<br \/>\na gdy tylko kto\u015b co\u015b pola\u0142,<br \/>\nbrzmi\u0105 toasty &#8211; STO LAT! STO LAT! \ud83d\ude06<\/p>\n","protected":false},"excerpt":{"rendered":"<p>Dodaj si\u0142y, Psie Niebieski &#8211; ju\u017c kolejny dzie\u0144 imprezki, fajerwerki, TROMBY, pienia, szampan tryska na \u017cyczenia, koniak z kaw\u0105 si\u0119 pomiesza\u0142, od Mozarta jest depesza, \u017ce winszuje i w og\u00f3le, Bach co\u015b te\u017c napisa\u0142 czule i duch Kagla gdzie\u015b w za\u015bwiatach r\u00f3wnie\u017c z d\u0142ugopisem lata. St\u00f3\u0142 w dorodnych pomidorach (to przesy\u0142ka od Igora), bo w bufecie Kierowniczym nie ma co na mi\u0119sa liczy\u0107, Frycek, ozdrowia\u0142y cudem, na Pleyelu r\u017cnie etiud\u0119, gra muzyka w ka\u017cdej duszy, a\u017c \u015bci\u0105gaj\u0105 g\u0142usi z g\u0142uszy, koty pie\u015bni miaucz\u0105 ch\u00f3rem, g\u0142o\u015bniej nawet od wiewi\u00f3rek, Fr\u0119dzle, w uroczystych minach, poch\u0142aniaj\u0105 beczki wina, a gdy tylko kto\u015b co\u015b [&hellip;]<\/p>\n","protected":false},"author":274,"featured_media":0,"parent":2571,"menu_order":0,"comment_status":"open","ping_status":"open","template":"wiersze_muzyczne.php","meta":{"footnotes":""},"class_list":["post-2846","page","type-page","status-publish","hentry"],"_links":{"self":[{"href":"https:\/\/blog-bobika.eu\/index.php?rest_route=\/wp\/v2\/pages\/2846","targetHints":{"allow":["GET"]}}],"collection":[{"href":"https:\/\/blog-bobika.eu\/index.php?rest_route=\/wp\/v2\/pages"}],"about":[{"href":"https:\/\/blog-bobika.eu\/index.php?rest_route=\/wp\/v2\/types\/page"}],"author":[{"embeddable":true,"href":"https:\/\/blog-bobika.eu\/index.php?rest_route=\/wp\/v2\/users\/274"}],"replies":[{"embeddable":true,"href":"https:\/\/blog-bobika.eu\/index.php?rest_route=%2Fwp%2Fv2%2Fcomments&post=2846"}],"version-history":[{"count":1,"href":"https:\/\/blog-bobika.eu\/index.php?rest_route=\/wp\/v2\/pages\/2846\/revisions"}],"predecessor-version":[{"id":2847,"href":"https:\/\/blog-bobika.eu\/index.php?rest_route=\/wp\/v2\/pages\/2846\/revisions\/2847"}],"up":[{"embeddable":true,"href":"https:\/\/blog-bobika.eu\/index.php?rest_route=\/wp\/v2\/pages\/2571"}],"wp:attachment":[{"href":"https:\/\/blog-bobika.eu\/index.php?rest_route=%2Fwp%2Fv2%2Fmedia&parent=2846"}],"curies":[{"name":"wp","href":"https:\/\/api.w.org\/{rel}","templated":true}]}}