{"id":2844,"date":"2015-09-18T22:23:18","date_gmt":"2015-09-18T20:23:18","guid":{"rendered":"http:\/\/blog-bobika.eu\/?page_id=2844"},"modified":"2015-09-18T22:23:18","modified_gmt":"2015-09-18T20:23:18","slug":"kierowniczka-wszedzie","status":"publish","type":"page","link":"https:\/\/blog-bobika.eu\/?page_id=2844","title":{"rendered":"Kierowniczka wsz\u0119dzie"},"content":{"rendered":"<p>P\u0142acze pi\u0119kny gr\u00f3d Timbuktu i si\u0119 strasznie z\u017cyma,<br \/>\nbo w nim &#8211; cho\u0107 po jedenastej &#8211; Kierowniczki ni ma.<br \/>\nJu\u017c od rana mia\u0142a zjecha\u0107 i ozdabia\u0107 bruk tu,<br \/>\na tymczasem jest dzi\u015b wsz\u0119dzie, tylko nie w Timbuktu.<br \/>\nPary\u017c zdo\u0142a\u0142 j\u0105 przywabi\u0107 kasztanem z Pigalla,<br \/>\ndo Pekinu j\u0105 zanios\u0142a ciekawo\u015bci fala,<br \/>\no Warszawie szkoda gada\u0107, jasna rzecz &#8211; stolyca,<br \/>\nJest w Brukseli, Wiedniu, Gda\u0144sku, nawet w Katowicach,<br \/>\nlecz nie tutaj&#8230; Co si\u0119 sta\u0142o? Czy\u017cby j\u0105 kto\u015b napad\u0142?<br \/>\nE, nie da\u0142aby si\u0119 podej\u015b\u0107, przecie\u017c nie jest gapa.<br \/>\nTo przez zazdro\u015b\u0107! Konkurencja, sama \u0142asa frukt\u00f3w,<br \/>\npodsun\u0119\u0142a jej my\u015bl wredn\u0105: nie jed\u017a do Timbuktu&#8230;<br \/>\nNagle wpada Kierowniczka, z Londka albo z \u0141odzi:<br \/>\nw co jest grane? Szybko, szybko, reck\u0119 musz\u0119 sp\u0142odzi\u0107.<br \/>\nReck\u0119? &#8211; \u017cachnie si\u0119 Timbuktu. &#8211; Pewnie na sw\u0105 stron\u0119?<br \/>\nMiast nade mn\u0105 si\u0119 u\u017cali\u0107, \u017ce tu we \u0142zach ton\u0119?<br \/>\nA tu Kierowniczka ostro: u\u017cala\u0144 nie b\u0119dzie,<br \/>\nchyba wolno mi si\u0119 sp\u00f3\u017ani\u0107, jak musz\u0119 by\u0107 wsz\u0119dzie!<\/p>\n","protected":false},"excerpt":{"rendered":"<p>P\u0142acze pi\u0119kny gr\u00f3d Timbuktu i si\u0119 strasznie z\u017cyma, bo w nim &#8211; cho\u0107 po jedenastej &#8211; Kierowniczki ni ma. Ju\u017c od rana mia\u0142a zjecha\u0107 i ozdabia\u0107 bruk tu, a tymczasem jest dzi\u015b wsz\u0119dzie, tylko nie w Timbuktu. Pary\u017c zdo\u0142a\u0142 j\u0105 przywabi\u0107 kasztanem z Pigalla, do Pekinu j\u0105 zanios\u0142a ciekawo\u015bci fala, o Warszawie szkoda gada\u0107, jasna rzecz &#8211; stolyca, Jest w Brukseli, Wiedniu, Gda\u0144sku, nawet w Katowicach, lecz nie tutaj&#8230; Co si\u0119 sta\u0142o? Czy\u017cby j\u0105 kto\u015b napad\u0142? E, nie da\u0142aby si\u0119 podej\u015b\u0107, przecie\u017c nie jest gapa. To przez zazdro\u015b\u0107! Konkurencja, sama \u0142asa frukt\u00f3w, podsun\u0119\u0142a jej my\u015bl wredn\u0105: nie jed\u017a do Timbuktu&#8230; [&hellip;]<\/p>\n","protected":false},"author":274,"featured_media":0,"parent":2571,"menu_order":0,"comment_status":"open","ping_status":"open","template":"wiersze_muzyczne.php","meta":{"footnotes":""},"class_list":["post-2844","page","type-page","status-publish","hentry"],"_links":{"self":[{"href":"https:\/\/blog-bobika.eu\/index.php?rest_route=\/wp\/v2\/pages\/2844","targetHints":{"allow":["GET"]}}],"collection":[{"href":"https:\/\/blog-bobika.eu\/index.php?rest_route=\/wp\/v2\/pages"}],"about":[{"href":"https:\/\/blog-bobika.eu\/index.php?rest_route=\/wp\/v2\/types\/page"}],"author":[{"embeddable":true,"href":"https:\/\/blog-bobika.eu\/index.php?rest_route=\/wp\/v2\/users\/274"}],"replies":[{"embeddable":true,"href":"https:\/\/blog-bobika.eu\/index.php?rest_route=%2Fwp%2Fv2%2Fcomments&post=2844"}],"version-history":[{"count":1,"href":"https:\/\/blog-bobika.eu\/index.php?rest_route=\/wp\/v2\/pages\/2844\/revisions"}],"predecessor-version":[{"id":2845,"href":"https:\/\/blog-bobika.eu\/index.php?rest_route=\/wp\/v2\/pages\/2844\/revisions\/2845"}],"up":[{"embeddable":true,"href":"https:\/\/blog-bobika.eu\/index.php?rest_route=\/wp\/v2\/pages\/2571"}],"wp:attachment":[{"href":"https:\/\/blog-bobika.eu\/index.php?rest_route=%2Fwp%2Fv2%2Fmedia&parent=2844"}],"curies":[{"name":"wp","href":"https:\/\/api.w.org\/{rel}","templated":true}]}}