{"id":2842,"date":"2015-09-18T22:21:52","date_gmt":"2015-09-18T20:21:52","guid":{"rendered":"http:\/\/blog-bobika.eu\/?page_id=2842"},"modified":"2015-09-18T22:21:52","modified_gmt":"2015-09-18T20:21:52","slug":"kierowniczka-w-poznaniu","status":"publish","type":"page","link":"https:\/\/blog-bobika.eu\/?page_id=2842","title":{"rendered":"Kierowniczka w Poznaniu"},"content":{"rendered":"<p>Kierowniczka, gdy z po\u015bcieli podnios\u0142a si\u0119 rano,<br \/>\npojecha\u0142a do Poznania pierwsz\u0105 lepsz\u0105 ban\u0105,<br \/>\n\u017ce to niby w tym Poznaniu ciekawa muzyka,<br \/>\na naprawd\u0119 tak, to chcia\u0142a si\u0119 nab\u0105ba\u0107 gzika,<br \/>\nbo gzik, pyry, czy redyski to dla Kierowniczki<br \/>\nwi\u0119ksza frajda ni\u017c leberka albo nawet skrzyczki.<br \/>\nBejmy mia\u0142a, bo redakcja daje bez kwynkania,<br \/>\nkiedy kto na delegacj\u0119 jedzie do Poznania,<br \/>\nwi\u0119c jak tylko wysz\u0142a z bany, na kalafie szara,<br \/>\npolecia\u0142a za\u015b do sk\u0142adu, by gzika wymara\u0107,<br \/>\na tam kaszok z maryjank\u0105, ajntopf zawiesisty<br \/>\nfefermyncki i drzuzgowki, szampiter na kisty,<br \/>\nkorbol, plyndze oraz pa\u0142ki, do sznytki obk\u0142ady,<br \/>\nnawet brynda, tylko gzika lajsn\u0105\u0107 nie da rady.<br \/>\nCa\u0142y fyrtel oblecia\u0142a, pyta\u0142a meneli,<br \/>\nczy przypadkiem tego gzika gdziesik nie widzieli,<br \/>\noglajdra\u0142a se katan\u0119, u\u015blumpra\u0142a laczki,<br \/>\ngdyby \u0107mi\u0142a, to by \u0107mik\u00f3w spali\u0142a z p\u00f3\u0142 paczki<br \/>\nz nerw okropnych, bo nerw\u00f3w\u0119 mia\u0142a \u017ce \u0142e jery,<br \/>\njak na szag\u0119 j\u0105 dwa gro\u017ane goni\u0142y kejtery,<br \/>\nz jednej strony szkie\u0142 podchodzi\u0142, z drugiej chytry bamber,<br \/>\na z balkonu jeszcze pazur wystawia\u0142 kociamber.<br \/>\nRychtyk by\u0142a ju\u017c zm\u0119czona, chcia\u0142a si\u0105\u015b\u0107 na ryczce,<br \/>\na tu widzi kolonialk\u0119 gdzie\u015b w bocznej uliczce,<br \/>\nno to sunie do niej migiem, skocznie niczym tancerz,<br \/>\ni szpycuje, a w witrynie le\u017c\u0105 szneki z glancem.<br \/>\nGanc o gziku zapomnia\u0142a, mrygn\u0119\u0142a powiek\u0105<br \/>\ni z rozkosz\u0105, triumfalnie zapcha\u0142a si\u0119 sznek\u0105.<\/p>\n<p>&nbsp;<\/p>\n","protected":false},"excerpt":{"rendered":"<p>Kierowniczka, gdy z po\u015bcieli podnios\u0142a si\u0119 rano, pojecha\u0142a do Poznania pierwsz\u0105 lepsz\u0105 ban\u0105, \u017ce to niby w tym Poznaniu ciekawa muzyka, a naprawd\u0119 tak, to chcia\u0142a si\u0119 nab\u0105ba\u0107 gzika, bo gzik, pyry, czy redyski to dla Kierowniczki wi\u0119ksza frajda ni\u017c leberka albo nawet skrzyczki. Bejmy mia\u0142a, bo redakcja daje bez kwynkania, kiedy kto na delegacj\u0119 jedzie do Poznania, wi\u0119c jak tylko wysz\u0142a z bany, na kalafie szara, polecia\u0142a za\u015b do sk\u0142adu, by gzika wymara\u0107, a tam kaszok z maryjank\u0105, ajntopf zawiesisty fefermyncki i drzuzgowki, szampiter na kisty, korbol, plyndze oraz pa\u0142ki, do sznytki obk\u0142ady, nawet brynda, tylko gzika lajsn\u0105\u0107 nie [&hellip;]<\/p>\n","protected":false},"author":274,"featured_media":0,"parent":2571,"menu_order":0,"comment_status":"open","ping_status":"open","template":"wiersze_muzyczne.php","meta":{"footnotes":""},"class_list":["post-2842","page","type-page","status-publish","hentry"],"_links":{"self":[{"href":"https:\/\/blog-bobika.eu\/index.php?rest_route=\/wp\/v2\/pages\/2842","targetHints":{"allow":["GET"]}}],"collection":[{"href":"https:\/\/blog-bobika.eu\/index.php?rest_route=\/wp\/v2\/pages"}],"about":[{"href":"https:\/\/blog-bobika.eu\/index.php?rest_route=\/wp\/v2\/types\/page"}],"author":[{"embeddable":true,"href":"https:\/\/blog-bobika.eu\/index.php?rest_route=\/wp\/v2\/users\/274"}],"replies":[{"embeddable":true,"href":"https:\/\/blog-bobika.eu\/index.php?rest_route=%2Fwp%2Fv2%2Fcomments&post=2842"}],"version-history":[{"count":1,"href":"https:\/\/blog-bobika.eu\/index.php?rest_route=\/wp\/v2\/pages\/2842\/revisions"}],"predecessor-version":[{"id":2843,"href":"https:\/\/blog-bobika.eu\/index.php?rest_route=\/wp\/v2\/pages\/2842\/revisions\/2843"}],"up":[{"embeddable":true,"href":"https:\/\/blog-bobika.eu\/index.php?rest_route=\/wp\/v2\/pages\/2571"}],"wp:attachment":[{"href":"https:\/\/blog-bobika.eu\/index.php?rest_route=%2Fwp%2Fv2%2Fmedia&parent=2842"}],"curies":[{"name":"wp","href":"https:\/\/api.w.org\/{rel}","templated":true}]}}