{"id":2840,"date":"2015-09-18T22:21:10","date_gmt":"2015-09-18T20:21:10","guid":{"rendered":"http:\/\/blog-bobika.eu\/?page_id=2840"},"modified":"2015-09-18T22:21:10","modified_gmt":"2015-09-18T20:21:10","slug":"kierowniczka-w-paryzu","status":"publish","type":"page","link":"https:\/\/blog-bobika.eu\/?page_id=2840","title":{"rendered":"Kierowniczka w Pary\u017cu"},"content":{"rendered":"<p>Kierowniczka ju\u017c Warszawk\u0105<br \/>\ntroch\u0119 si\u0119 znudzi\u0142a,<br \/>\nwsiad\u0142a zatem na Pegaza,<br \/>\nPary\u017c odwiedzi\u0142a.<\/p>\n<p>Bardzo szybko tam dotar\u0142a<br \/>\nw dwie godziny prawie,<br \/>\na tu TROMBY j\u0105 witaj\u0105 &#8211;<br \/>\nca\u0142kiem jak w Warszawie.<\/p>\n<p>Na dodatek si\u0119 nieszcz\u0119sny<br \/>\nrumak nie posili,<br \/>\nbo tam owies, wbrew przys\u0142owiu<br \/>\nna ry\u017c przerobili.<\/p>\n<p>Ju\u017c my\u015bla\u0142a Kierowniczka,<br \/>\n\u017ce zawr\u00f3ci\u0107 musi,<br \/>\nlecz &#8211; tu serek, tu wineczko,<br \/>\nto n\u0119ci, to kusi&#8230;<\/p>\n<p>Raz si\u0119 \u017cyje! &#8211; zakrzykn\u0119\u0142a<br \/>\ndo Teresy Czekaj.<br \/>\nWol\u0119 serek i wineczko<br \/>\nod ptasiego mleka!<\/p>\n<p>A chabeta niech poezj\u0105<br \/>\nsama si\u0119 wy\u017cywi,<br \/>\nbo nikogo to w przypadku<br \/>\nPegaza nie zdziwi.<\/p>\n<p>Po powrocie b\u0119dzie trzyma\u0107<br \/>\nza mnie ostry dy\u017cur<br \/>\ni relacj\u0119 wierszem zdawa\u0107<br \/>\njak by\u0142o w Pary\u017cu.<\/p>\n","protected":false},"excerpt":{"rendered":"<p>Kierowniczka ju\u017c Warszawk\u0105 troch\u0119 si\u0119 znudzi\u0142a, wsiad\u0142a zatem na Pegaza, Pary\u017c odwiedzi\u0142a. Bardzo szybko tam dotar\u0142a w dwie godziny prawie, a tu TROMBY j\u0105 witaj\u0105 &#8211; ca\u0142kiem jak w Warszawie. Na dodatek si\u0119 nieszcz\u0119sny rumak nie posili, bo tam owies, wbrew przys\u0142owiu na ry\u017c przerobili. Ju\u017c my\u015bla\u0142a Kierowniczka, \u017ce zawr\u00f3ci\u0107 musi, lecz &#8211; tu serek, tu wineczko, to n\u0119ci, to kusi&#8230; Raz si\u0119 \u017cyje! &#8211; zakrzykn\u0119\u0142a do Teresy Czekaj. Wol\u0119 serek i wineczko od ptasiego mleka! A chabeta niech poezj\u0105 sama si\u0119 wy\u017cywi, bo nikogo to w przypadku Pegaza nie zdziwi. Po powrocie b\u0119dzie trzyma\u0107 za mnie ostry dy\u017cur i [&hellip;]<\/p>\n","protected":false},"author":274,"featured_media":0,"parent":2571,"menu_order":0,"comment_status":"open","ping_status":"open","template":"wiersze_muzyczne.php","meta":{"footnotes":""},"class_list":["post-2840","page","type-page","status-publish","hentry"],"_links":{"self":[{"href":"https:\/\/blog-bobika.eu\/index.php?rest_route=\/wp\/v2\/pages\/2840","targetHints":{"allow":["GET"]}}],"collection":[{"href":"https:\/\/blog-bobika.eu\/index.php?rest_route=\/wp\/v2\/pages"}],"about":[{"href":"https:\/\/blog-bobika.eu\/index.php?rest_route=\/wp\/v2\/types\/page"}],"author":[{"embeddable":true,"href":"https:\/\/blog-bobika.eu\/index.php?rest_route=\/wp\/v2\/users\/274"}],"replies":[{"embeddable":true,"href":"https:\/\/blog-bobika.eu\/index.php?rest_route=%2Fwp%2Fv2%2Fcomments&post=2840"}],"version-history":[{"count":1,"href":"https:\/\/blog-bobika.eu\/index.php?rest_route=\/wp\/v2\/pages\/2840\/revisions"}],"predecessor-version":[{"id":2841,"href":"https:\/\/blog-bobika.eu\/index.php?rest_route=\/wp\/v2\/pages\/2840\/revisions\/2841"}],"up":[{"embeddable":true,"href":"https:\/\/blog-bobika.eu\/index.php?rest_route=\/wp\/v2\/pages\/2571"}],"wp:attachment":[{"href":"https:\/\/blog-bobika.eu\/index.php?rest_route=%2Fwp%2Fv2%2Fmedia&parent=2840"}],"curies":[{"name":"wp","href":"https:\/\/api.w.org\/{rel}","templated":true}]}}