{"id":2838,"date":"2015-09-18T22:19:43","date_gmt":"2015-09-18T20:19:43","guid":{"rendered":"http:\/\/blog-bobika.eu\/?page_id=2838"},"modified":"2015-09-18T22:19:43","modified_gmt":"2015-09-18T20:19:43","slug":"kierowniczka-urodziny-2013","status":"publish","type":"page","link":"https:\/\/blog-bobika.eu\/?page_id=2838","title":{"rendered":"Kierowniczka urodziny 2013"},"content":{"rendered":"<p>Wal\u0105 na Dywan Hendrix z Kissinem,<br \/>\nby Kierownictwu \u017cyczy\u0107 stu latek<br \/>\ni pies za nimi, sp\u00f3\u017aniony krzyn\u0119,<br \/>\ntargaj\u0105c w z\u0119bach bezmi\u0119sny kwiatek.<\/p>\n<p>Bo pies z czym\u015b mi\u0119snym do Kierowniczki<br \/>\nnigdy by przybiec si\u0119 nie odwa\u017cy\u0142 &#8211;<br \/>\nwie, \u017ce jej trzeba dawa\u0107 doniczki<br \/>\nz jakim\u015b chaberdziem, lub bukiet z jarzyn.<\/p>\n<p>Pud\u0142o pomadek te\u017c nie zaszkodzi,<br \/>\nani talerzyk z wykwintnym ciastem,<br \/>\nlecz przede wszystkim, w dniu jej urodzin,<br \/>\nzjawi\u0107 wypada si\u0119 tu z toastem:<\/p>\n<p>&lt;i&gt;W g\u00f3r\u0119 serca, trzeba bowiem<br \/>\nKierowniczki wypi\u0107 zdrowie,<br \/>\nniech nam d\u0142ugo b\u0119dzie \u017cywa<br \/>\ni codziennie trzepie Dywan!&lt;\/i&gt; \ud83d\ude00<\/p>\n","protected":false},"excerpt":{"rendered":"<p>Wal\u0105 na Dywan Hendrix z Kissinem, by Kierownictwu \u017cyczy\u0107 stu latek i pies za nimi, sp\u00f3\u017aniony krzyn\u0119, targaj\u0105c w z\u0119bach bezmi\u0119sny kwiatek. Bo pies z czym\u015b mi\u0119snym do Kierowniczki nigdy by przybiec si\u0119 nie odwa\u017cy\u0142 &#8211; wie, \u017ce jej trzeba dawa\u0107 doniczki z jakim\u015b chaberdziem, lub bukiet z jarzyn. Pud\u0142o pomadek te\u017c nie zaszkodzi, ani talerzyk z wykwintnym ciastem, lecz przede wszystkim, w dniu jej urodzin, zjawi\u0107 wypada si\u0119 tu z toastem: &lt;i&gt;W g\u00f3r\u0119 serca, trzeba bowiem Kierowniczki wypi\u0107 zdrowie, niech nam d\u0142ugo b\u0119dzie \u017cywa i codziennie trzepie Dywan!&lt;\/i&gt; \ud83d\ude00<\/p>\n","protected":false},"author":274,"featured_media":0,"parent":2571,"menu_order":0,"comment_status":"open","ping_status":"open","template":"wiersze_muzyczne.php","meta":{"footnotes":""},"class_list":["post-2838","page","type-page","status-publish","hentry"],"_links":{"self":[{"href":"https:\/\/blog-bobika.eu\/index.php?rest_route=\/wp\/v2\/pages\/2838","targetHints":{"allow":["GET"]}}],"collection":[{"href":"https:\/\/blog-bobika.eu\/index.php?rest_route=\/wp\/v2\/pages"}],"about":[{"href":"https:\/\/blog-bobika.eu\/index.php?rest_route=\/wp\/v2\/types\/page"}],"author":[{"embeddable":true,"href":"https:\/\/blog-bobika.eu\/index.php?rest_route=\/wp\/v2\/users\/274"}],"replies":[{"embeddable":true,"href":"https:\/\/blog-bobika.eu\/index.php?rest_route=%2Fwp%2Fv2%2Fcomments&post=2838"}],"version-history":[{"count":1,"href":"https:\/\/blog-bobika.eu\/index.php?rest_route=\/wp\/v2\/pages\/2838\/revisions"}],"predecessor-version":[{"id":2839,"href":"https:\/\/blog-bobika.eu\/index.php?rest_route=\/wp\/v2\/pages\/2838\/revisions\/2839"}],"up":[{"embeddable":true,"href":"https:\/\/blog-bobika.eu\/index.php?rest_route=\/wp\/v2\/pages\/2571"}],"wp:attachment":[{"href":"https:\/\/blog-bobika.eu\/index.php?rest_route=%2Fwp%2Fv2%2Fmedia&parent=2838"}],"curies":[{"name":"wp","href":"https:\/\/api.w.org\/{rel}","templated":true}]}}