{"id":2834,"date":"2015-09-18T22:14:17","date_gmt":"2015-09-18T20:14:17","guid":{"rendered":"http:\/\/blog-bobika.eu\/?page_id=2834"},"modified":"2015-09-18T22:14:17","modified_gmt":"2015-09-18T20:14:17","slug":"kant-opera","status":"publish","type":"page","link":"https:\/\/blog-bobika.eu\/?page_id=2834","title":{"rendered":"Kant-opera"},"content":{"rendered":"<p>Kant:<br \/>\nFilozofa nikt nie s\u0142ucha,<br \/>\ncho\u0107by ci\u0105\u0142 jak giez,<br \/>\nnie przejmuje si\u0119 nim mucha,<br \/>\nani nawet pies,<br \/>\ncho\u0107by pyta\u0142 o b\u00f3gwico,<br \/>\nwci\u0105\u017c tak samo gwiazdy \u015bwic\u0105&#8230;<br \/>\nCzy morale we mnie stale,<br \/>\nczy te\u017c mo\u017ce nie &#8211;<br \/>\ndla publiki to zakalec,<br \/>\nkt\u00f3\u017c to wiedzie\u0107 chce?<\/p>\n<p>Pies:<br \/>\nOj dana, dana,<br \/>\n\u015bpiewka mi znana,<br \/>\na grancik ju\u017c pan ma, prosz\u0119 pana?<\/p>\n<p>Kant:<br \/>\nZ tej strony zawsze dostaj\u0119 w sk\u00f3r\u0119,<br \/>\nbom co\u015b niesk\u0142onny jest do rozbi\u00f3rek,<br \/>\na takie czasy i w tym ma bieda,<br \/>\n\u017ce trudno towar niego\u0142y sprzeda\u0107,<br \/>\nlecz mo\u017ce mi przyznaj\u0105 grant,<br \/>\nkiedy rozbior\u0119 jaki\u015b kant.<br \/>\n&lt;i&gt;(zaczyna rozbiera\u0107 kant sto\u0142u, kt\u00f3ry wskutek tego zostaje w samej bieli\u017anie)&lt;\/i&gt;<\/p>\n<p>Ch\u00f3r:<br \/>\nWreszcie rozebra\u0142 Kant co\u015b, zatem<br \/>\npora za\u015bpiewa\u0107 mu kantat\u0119<br \/>\ni niechaj nikt si\u0119 nie upiera,<br \/>\n\u017ce ta kantata to opera.<\/p>\n<p>Mucha:<br \/>\nTo mo\u017ce przejd\u017amy do ad remu&#8230;<br \/>\nC\u00f3\u017c, ja to widz\u0119 po swojemu,<br \/>\ntote\u017c nie w\u0142\u0105czam si\u0119 do gry,<br \/>\nchrzani\u0119 i lec\u0119 sobie.<br \/>\nBzzzzz!<\/p>\n<p>&nbsp;<\/p>\n","protected":false},"excerpt":{"rendered":"<p>Kant: Filozofa nikt nie s\u0142ucha, cho\u0107by ci\u0105\u0142 jak giez, nie przejmuje si\u0119 nim mucha, ani nawet pies, cho\u0107by pyta\u0142 o b\u00f3gwico, wci\u0105\u017c tak samo gwiazdy \u015bwic\u0105&#8230; Czy morale we mnie stale, czy te\u017c mo\u017ce nie &#8211; dla publiki to zakalec, kt\u00f3\u017c to wiedzie\u0107 chce? Pies: Oj dana, dana, \u015bpiewka mi znana, a grancik ju\u017c pan ma, prosz\u0119 pana? Kant: Z tej strony zawsze dostaj\u0119 w sk\u00f3r\u0119, bom co\u015b niesk\u0142onny jest do rozbi\u00f3rek, a takie czasy i w tym ma bieda, \u017ce trudno towar niego\u0142y sprzeda\u0107, lecz mo\u017ce mi przyznaj\u0105 grant, kiedy rozbior\u0119 jaki\u015b kant. &lt;i&gt;(zaczyna rozbiera\u0107 kant sto\u0142u, kt\u00f3ry wskutek [&hellip;]<\/p>\n","protected":false},"author":274,"featured_media":0,"parent":2571,"menu_order":0,"comment_status":"open","ping_status":"open","template":"wiersze_muzyczne.php","meta":{"footnotes":""},"class_list":["post-2834","page","type-page","status-publish","hentry"],"_links":{"self":[{"href":"https:\/\/blog-bobika.eu\/index.php?rest_route=\/wp\/v2\/pages\/2834","targetHints":{"allow":["GET"]}}],"collection":[{"href":"https:\/\/blog-bobika.eu\/index.php?rest_route=\/wp\/v2\/pages"}],"about":[{"href":"https:\/\/blog-bobika.eu\/index.php?rest_route=\/wp\/v2\/types\/page"}],"author":[{"embeddable":true,"href":"https:\/\/blog-bobika.eu\/index.php?rest_route=\/wp\/v2\/users\/274"}],"replies":[{"embeddable":true,"href":"https:\/\/blog-bobika.eu\/index.php?rest_route=%2Fwp%2Fv2%2Fcomments&post=2834"}],"version-history":[{"count":1,"href":"https:\/\/blog-bobika.eu\/index.php?rest_route=\/wp\/v2\/pages\/2834\/revisions"}],"predecessor-version":[{"id":2835,"href":"https:\/\/blog-bobika.eu\/index.php?rest_route=\/wp\/v2\/pages\/2834\/revisions\/2835"}],"up":[{"embeddable":true,"href":"https:\/\/blog-bobika.eu\/index.php?rest_route=\/wp\/v2\/pages\/2571"}],"wp:attachment":[{"href":"https:\/\/blog-bobika.eu\/index.php?rest_route=%2Fwp%2Fv2%2Fmedia&parent=2834"}],"curies":[{"name":"wp","href":"https:\/\/api.w.org\/{rel}","templated":true}]}}