{"id":2829,"date":"2015-09-18T22:12:23","date_gmt":"2015-09-18T20:12:23","guid":{"rendered":"http:\/\/blog-bobika.eu\/?page_id=2829"},"modified":"2015-09-18T22:12:23","modified_gmt":"2015-09-18T20:12:23","slug":"jubileusz-dywanik-2012","status":"publish","type":"page","link":"https:\/\/blog-bobika.eu\/?page_id=2829","title":{"rendered":"Jubileusz Dywanik 2012"},"content":{"rendered":"<p>Truchta\u0142 kiedy\u015b pies szparko przez medialne chaszcze,<br \/>\nwtem co\u015b zoczy\u0142 i szczekn\u0105\u0142: na to si\u0119 po\u0142aszcz\u0119!<br \/>\nDobrze mi tutaj pachnie, wst\u0119pnie wi\u0119c za\u0142o\u017c\u0119,<br \/>\n\u017ce paszet\u00f3wki kryje si\u0119 tu tajne z\u0142o\u017ce,<br \/>\na ponadto \u017ar\u00f3de\u0142ko circenses et panem.<br \/>\nWskoczy\u0142 wszystkimi \u0142apy na to co\u015b nieznane,<br \/>\nnie sprawdzaj\u0105c przesadnie, kt\u00f3ra \u0142apa myta,<br \/>\nsiad\u0142, a tu Kierowniczka ozwie si\u0119 do\u0144: witam!<br \/>\nrozbrykany\u015b co\u015b, go\u015bciu, ogon ci si\u0119 majda,<br \/>\nwida\u0107, \u017ce dzikie hopki to dla ciebie frajda,<br \/>\nlecz my zwierzyn\u0119 lubim, zosta\u0144 wi\u0119c i kropka &#8211;<br \/>\npozwolimy ci hasa\u0107 w okolicy Chopka.<br \/>\nUcieszy\u0142 si\u0119 niezmiernie szczeniak na te s\u0142owa,<br \/>\na \u017ce jeszcze w\u0119dliny kawa\u0142 zafasowa\u0142<br \/>\ni po brzuchu fachowe, sprawne posmyranie,<br \/>\nnie namy\u015bla\u0142 si\u0119 d\u0142ugo &#8211; zosta\u0142 na Dywanie<br \/>\ni w\u015br\u00f3d Fr\u0119dzelk\u00f3w gnie\u017adzi si\u0119 ju\u017c roczek czwarty.<\/p>\n<p>A teraz chyba pora, \u017ceby zacz\u0105\u0107 party<br \/>\ni \u015bpiewa\u0107, \u017ceby w oczach a\u017c stan\u0119\u0142y \u015bwiczki:<br \/>\nbumtadam, bumtarara, zdrowie Kierowniczki!<\/p>\n","protected":false},"excerpt":{"rendered":"<p>Truchta\u0142 kiedy\u015b pies szparko przez medialne chaszcze, wtem co\u015b zoczy\u0142 i szczekn\u0105\u0142: na to si\u0119 po\u0142aszcz\u0119! Dobrze mi tutaj pachnie, wst\u0119pnie wi\u0119c za\u0142o\u017c\u0119, \u017ce paszet\u00f3wki kryje si\u0119 tu tajne z\u0142o\u017ce, a ponadto \u017ar\u00f3de\u0142ko circenses et panem. Wskoczy\u0142 wszystkimi \u0142apy na to co\u015b nieznane, nie sprawdzaj\u0105c przesadnie, kt\u00f3ra \u0142apa myta, siad\u0142, a tu Kierowniczka ozwie si\u0119 do\u0144: witam! rozbrykany\u015b co\u015b, go\u015bciu, ogon ci si\u0119 majda, wida\u0107, \u017ce dzikie hopki to dla ciebie frajda, lecz my zwierzyn\u0119 lubim, zosta\u0144 wi\u0119c i kropka &#8211; pozwolimy ci hasa\u0107 w okolicy Chopka. Ucieszy\u0142 si\u0119 niezmiernie szczeniak na te s\u0142owa, a \u017ce jeszcze w\u0119dliny kawa\u0142 zafasowa\u0142 [&hellip;]<\/p>\n","protected":false},"author":274,"featured_media":0,"parent":2571,"menu_order":0,"comment_status":"open","ping_status":"open","template":"wiersze_muzyczne.php","meta":{"footnotes":""},"class_list":["post-2829","page","type-page","status-publish","hentry"],"_links":{"self":[{"href":"https:\/\/blog-bobika.eu\/index.php?rest_route=\/wp\/v2\/pages\/2829","targetHints":{"allow":["GET"]}}],"collection":[{"href":"https:\/\/blog-bobika.eu\/index.php?rest_route=\/wp\/v2\/pages"}],"about":[{"href":"https:\/\/blog-bobika.eu\/index.php?rest_route=\/wp\/v2\/types\/page"}],"author":[{"embeddable":true,"href":"https:\/\/blog-bobika.eu\/index.php?rest_route=\/wp\/v2\/users\/274"}],"replies":[{"embeddable":true,"href":"https:\/\/blog-bobika.eu\/index.php?rest_route=%2Fwp%2Fv2%2Fcomments&post=2829"}],"version-history":[{"count":1,"href":"https:\/\/blog-bobika.eu\/index.php?rest_route=\/wp\/v2\/pages\/2829\/revisions"}],"predecessor-version":[{"id":2830,"href":"https:\/\/blog-bobika.eu\/index.php?rest_route=\/wp\/v2\/pages\/2829\/revisions\/2830"}],"up":[{"embeddable":true,"href":"https:\/\/blog-bobika.eu\/index.php?rest_route=\/wp\/v2\/pages\/2571"}],"wp:attachment":[{"href":"https:\/\/blog-bobika.eu\/index.php?rest_route=%2Fwp%2Fv2%2Fmedia&parent=2829"}],"curies":[{"name":"wp","href":"https:\/\/api.w.org\/{rel}","templated":true}]}}