{"id":2827,"date":"2015-09-18T22:11:35","date_gmt":"2015-09-18T20:11:35","guid":{"rendered":"http:\/\/blog-bobika.eu\/?page_id=2827"},"modified":"2015-09-18T22:11:35","modified_gmt":"2015-09-18T20:11:35","slug":"sady","status":"publish","type":"page","link":"https:\/\/blog-bobika.eu\/?page_id=2827","title":{"rendered":"S\u0105dy"},"content":{"rendered":"<p>Jan Sebastian by\u0142 katolik,<br \/>\nMicha\u0142 Anio\u0142 by\u0142 hetero &#8211;<br \/>\ntaka wersja nie zaboli<br \/>\ni spodoba si\u0119 moherom.<\/p>\n<p>Czary-mary nad trumnami<br \/>\ni ju\u017c robi si\u0119 bezpiecznie,<br \/>\na ka\u017cdego, kto nie z nami<br \/>\nos\u0105dzimy ostatecznie.<\/p>\n","protected":false},"excerpt":{"rendered":"<p>Jan Sebastian by\u0142 katolik, Micha\u0142 Anio\u0142 by\u0142 hetero &#8211; taka wersja nie zaboli i spodoba si\u0119 moherom. Czary-mary nad trumnami i ju\u017c robi si\u0119 bezpiecznie, a ka\u017cdego, kto nie z nami os\u0105dzimy ostatecznie.<\/p>\n","protected":false},"author":274,"featured_media":0,"parent":2571,"menu_order":0,"comment_status":"open","ping_status":"open","template":"wiersze_muzyczne.php","meta":{"footnotes":""},"class_list":["post-2827","page","type-page","status-publish","hentry"],"_links":{"self":[{"href":"https:\/\/blog-bobika.eu\/index.php?rest_route=\/wp\/v2\/pages\/2827","targetHints":{"allow":["GET"]}}],"collection":[{"href":"https:\/\/blog-bobika.eu\/index.php?rest_route=\/wp\/v2\/pages"}],"about":[{"href":"https:\/\/blog-bobika.eu\/index.php?rest_route=\/wp\/v2\/types\/page"}],"author":[{"embeddable":true,"href":"https:\/\/blog-bobika.eu\/index.php?rest_route=\/wp\/v2\/users\/274"}],"replies":[{"embeddable":true,"href":"https:\/\/blog-bobika.eu\/index.php?rest_route=%2Fwp%2Fv2%2Fcomments&post=2827"}],"version-history":[{"count":1,"href":"https:\/\/blog-bobika.eu\/index.php?rest_route=\/wp\/v2\/pages\/2827\/revisions"}],"predecessor-version":[{"id":2828,"href":"https:\/\/blog-bobika.eu\/index.php?rest_route=\/wp\/v2\/pages\/2827\/revisions\/2828"}],"up":[{"embeddable":true,"href":"https:\/\/blog-bobika.eu\/index.php?rest_route=\/wp\/v2\/pages\/2571"}],"wp:attachment":[{"href":"https:\/\/blog-bobika.eu\/index.php?rest_route=%2Fwp%2Fv2%2Fmedia&parent=2827"}],"curies":[{"name":"wp","href":"https:\/\/api.w.org\/{rel}","templated":true}]}}