{"id":2821,"date":"2015-09-18T22:06:07","date_gmt":"2015-09-18T20:06:07","guid":{"rendered":"http:\/\/blog-bobika.eu\/?page_id=2821"},"modified":"2015-09-18T22:06:07","modified_gmt":"2015-09-18T20:06:07","slug":"golibroda","status":"publish","type":"page","link":"https:\/\/blog-bobika.eu\/?page_id=2821","title":{"rendered":"Golibroda"},"content":{"rendered":"<p>Gdzie\u015b tam trzeszcz\u0105ce schody<br \/>\nprzy Panteonie s\u0105,<br \/>\ninteres golibrody<br \/>\nmia\u0142 tam siedzib\u0119 sw\u0105.<\/p>\n<p>Co goli\u0142 zacny cz\u0142ek ten,<br \/>\npomi\u0144my mo\u017ce tu,<br \/>\nlecz cieszy\u0142 si\u0119 respektem<br \/>\ni umia\u0142 zrobi\u0107 coup.<\/p>\n<p>Na przyk\u0142ad m\u00f3wi\u0142 jemu:<br \/>\nach, viens ici, Bernard,<br \/>\nna szyi bez problemu<br \/>\nzacisn\u0119 ci foulard.<\/p>\n<p>Ach, p\u00f3jd\u017a\u017ce Bernadetto,<br \/>\nnamawia\u0142 tak\u017ce j\u0105<br \/>\ni nie dziw si\u0119 klozetom &#8211;<br \/>\ns\u0105 takie, jakie s\u0105<\/p>\n<p>bo skromny m\u00f3j zak\u0142adzik<br \/>\nna bazie, mon petit chou,<br \/>\ntradycji si\u0119 prowadzi,<br \/>\nfrancuskiej jusqu&#8217;au bout.<\/p>\n<p>a gdy ju\u017c on i ona<br \/>\nnam\u00f3wi\u0107 dali si\u0119,<br \/>\nnie spad\u0142a im korona,<br \/>\nlecz g\u0142owa? Hmm&#8230; Eh, bien.<\/p>\n<p>Albowiem trzeba doda\u0107,<br \/>\nby w jasne karty gra\u0107,<br \/>\n\u017ce mi\u0142y golibroda<br \/>\nuwielbia\u0142 w szyj\u0119 da\u0107<\/p>\n<p>i sobie, i zwabionym,<br \/>\nbez petite difference,<br \/>\npo dziele za\u015b sko\u0144czonym<br \/>\nobwieszcza\u0142: vive la France!<\/p>\n<p>Niech patriotyzmu buchnie<br \/>\ndzi\u015b p\u0142omie\u0144 z wszystkich g\u0142\u00f3w!<br \/>\nPo czym francusk\u0105 kuchni\u0119<br \/>\nwzbogaca\u0107 szed\u0142 bez s\u0142\u00f3w.<\/p>\n<p>A \u017ce zu\u017cywa\u0142 ca\u0142e<br \/>\ncorps du d\u00e9lit, no to<br \/>\nproblem, co zrobi\u0107 z cia\u0142em<br \/>\nnie dr\u0119czy\u0142 nigdy go.<\/p>\n<p>Sans doute by si\u0119 przyda\u0142o<br \/>\ndoceni\u0107 jego czyn,<br \/>\nbo do dzi\u015b mu niema\u0142o<br \/>\nzawdzi\u0119cza la cuisine<\/p>\n<p>francaise. Gdy si\u0119 nie sili<br \/>\nzanadto by\u0107 nouvelle,<br \/>\nnie wrzuca, moi mili,<br \/>\nniczego do poubelle.<\/p>\n<p>Enfin si\u0119 mora\u0142 zbli\u017ca<br \/>\nw tonacji raczej moll:<br \/>\nniewa\u017cni dla Pary\u017ca<br \/>\nDebussy czy de Gaulle,<\/p>\n<p>bo gdy\u015b przy Panteonie,<br \/>\nto w my\u015blach zaraz m\u00f3zg<br \/>\no golibrodzie tonie,<br \/>\nwydaj\u0105c cichy plusk&#8230;<\/p>\n","protected":false},"excerpt":{"rendered":"<p>Gdzie\u015b tam trzeszcz\u0105ce schody przy Panteonie s\u0105, interes golibrody mia\u0142 tam siedzib\u0119 sw\u0105. Co goli\u0142 zacny cz\u0142ek ten, pomi\u0144my mo\u017ce tu, lecz cieszy\u0142 si\u0119 respektem i umia\u0142 zrobi\u0107 coup. Na przyk\u0142ad m\u00f3wi\u0142 jemu: ach, viens ici, Bernard, na szyi bez problemu zacisn\u0119 ci foulard. Ach, p\u00f3jd\u017a\u017ce Bernadetto, namawia\u0142 tak\u017ce j\u0105 i nie dziw si\u0119 klozetom &#8211; s\u0105 takie, jakie s\u0105 bo skromny m\u00f3j zak\u0142adzik na bazie, mon petit chou, tradycji si\u0119 prowadzi, francuskiej jusqu&#8217;au bout. a gdy ju\u017c on i ona nam\u00f3wi\u0107 dali si\u0119, nie spad\u0142a im korona, lecz g\u0142owa? Hmm&#8230; Eh, bien. Albowiem trzeba doda\u0107, by w jasne karty [&hellip;]<\/p>\n","protected":false},"author":274,"featured_media":0,"parent":2571,"menu_order":0,"comment_status":"open","ping_status":"open","template":"wiersze_muzyczne.php","meta":{"footnotes":""},"class_list":["post-2821","page","type-page","status-publish","hentry"],"_links":{"self":[{"href":"https:\/\/blog-bobika.eu\/index.php?rest_route=\/wp\/v2\/pages\/2821","targetHints":{"allow":["GET"]}}],"collection":[{"href":"https:\/\/blog-bobika.eu\/index.php?rest_route=\/wp\/v2\/pages"}],"about":[{"href":"https:\/\/blog-bobika.eu\/index.php?rest_route=\/wp\/v2\/types\/page"}],"author":[{"embeddable":true,"href":"https:\/\/blog-bobika.eu\/index.php?rest_route=\/wp\/v2\/users\/274"}],"replies":[{"embeddable":true,"href":"https:\/\/blog-bobika.eu\/index.php?rest_route=%2Fwp%2Fv2%2Fcomments&post=2821"}],"version-history":[{"count":1,"href":"https:\/\/blog-bobika.eu\/index.php?rest_route=\/wp\/v2\/pages\/2821\/revisions"}],"predecessor-version":[{"id":2822,"href":"https:\/\/blog-bobika.eu\/index.php?rest_route=\/wp\/v2\/pages\/2821\/revisions\/2822"}],"up":[{"embeddable":true,"href":"https:\/\/blog-bobika.eu\/index.php?rest_route=\/wp\/v2\/pages\/2571"}],"wp:attachment":[{"href":"https:\/\/blog-bobika.eu\/index.php?rest_route=%2Fwp%2Fv2%2Fmedia&parent=2821"}],"curies":[{"name":"wp","href":"https:\/\/api.w.org\/{rel}","templated":true}]}}