{"id":2819,"date":"2015-09-18T22:04:51","date_gmt":"2015-09-18T20:04:51","guid":{"rendered":"http:\/\/blog-bobika.eu\/?page_id=2819"},"modified":"2015-09-18T22:04:51","modified_gmt":"2015-09-18T20:04:51","slug":"giardino-di-amore","status":"publish","type":"page","link":"https:\/\/blog-bobika.eu\/?page_id=2819","title":{"rendered":"Giardino di amore"},"content":{"rendered":"<p>W il giardino di amore<br \/>\nkto\u015b hodowa\u0142 piesk\u00f3w sfor\u0119<br \/>\ni &#8211; dobrego graj\u0105c pana &#8211;<br \/>\nbardzo dba\u0142 o ich organa.<\/p>\n<p>Wci\u0105\u017c podsuwa\u0142 im, jak leci,<br \/>\npar\u00f3weczki prosty flecik,<br \/>\nwci\u0105\u017c serwowa\u0142 co\u015b na z\u0105b,<br \/>\nprzy dostojnych tonach tr\u0105b.<\/p>\n<p>D\u017awi\u0119cznie wdzi\u0119czy\u0142 si\u0119 klawesyn,<br \/>\npieski \u017car\u0142y niczym biesy &#8211;<br \/>\nka\u017cdy t\u0142usty, nie jak patyk,<br \/>\nka\u017cdy wielki, nie skarlaty.<\/p>\n<p>Rajski ogr\u00f3d, rajski \u017cywot,<br \/>\nw miskach zamiast wody piwo,<br \/>\nna \u017cyczenie fis lub ges,<br \/>\nach, jak to uwielbia pies.<\/p>\n<p>Cuda wizja, ale kr\u00f3tka,<br \/>\nnagle krzykn\u0105\u0142 kto\u015b: pobudka!<br \/>\nI &#8211; z niech\u0119ci\u0105, pe\u0142en \u017calu &#8211;<br \/>\npiesek ockn\u0105\u0142 si\u0119 w realu.<\/p>\n","protected":false},"excerpt":{"rendered":"<p>W il giardino di amore kto\u015b hodowa\u0142 piesk\u00f3w sfor\u0119 i &#8211; dobrego graj\u0105c pana &#8211; bardzo dba\u0142 o ich organa. Wci\u0105\u017c podsuwa\u0142 im, jak leci, par\u00f3weczki prosty flecik, wci\u0105\u017c serwowa\u0142 co\u015b na z\u0105b, przy dostojnych tonach tr\u0105b. D\u017awi\u0119cznie wdzi\u0119czy\u0142 si\u0119 klawesyn, pieski \u017car\u0142y niczym biesy &#8211; ka\u017cdy t\u0142usty, nie jak patyk, ka\u017cdy wielki, nie skarlaty. Rajski ogr\u00f3d, rajski \u017cywot, w miskach zamiast wody piwo, na \u017cyczenie fis lub ges, ach, jak to uwielbia pies. Cuda wizja, ale kr\u00f3tka, nagle krzykn\u0105\u0142 kto\u015b: pobudka! I &#8211; z niech\u0119ci\u0105, pe\u0142en \u017calu &#8211; piesek ockn\u0105\u0142 si\u0119 w realu.<\/p>\n","protected":false},"author":274,"featured_media":0,"parent":2571,"menu_order":0,"comment_status":"open","ping_status":"open","template":"wiersze_muzyczne.php","meta":{"footnotes":""},"class_list":["post-2819","page","type-page","status-publish","hentry"],"_links":{"self":[{"href":"https:\/\/blog-bobika.eu\/index.php?rest_route=\/wp\/v2\/pages\/2819","targetHints":{"allow":["GET"]}}],"collection":[{"href":"https:\/\/blog-bobika.eu\/index.php?rest_route=\/wp\/v2\/pages"}],"about":[{"href":"https:\/\/blog-bobika.eu\/index.php?rest_route=\/wp\/v2\/types\/page"}],"author":[{"embeddable":true,"href":"https:\/\/blog-bobika.eu\/index.php?rest_route=\/wp\/v2\/users\/274"}],"replies":[{"embeddable":true,"href":"https:\/\/blog-bobika.eu\/index.php?rest_route=%2Fwp%2Fv2%2Fcomments&post=2819"}],"version-history":[{"count":1,"href":"https:\/\/blog-bobika.eu\/index.php?rest_route=\/wp\/v2\/pages\/2819\/revisions"}],"predecessor-version":[{"id":2820,"href":"https:\/\/blog-bobika.eu\/index.php?rest_route=\/wp\/v2\/pages\/2819\/revisions\/2820"}],"up":[{"embeddable":true,"href":"https:\/\/blog-bobika.eu\/index.php?rest_route=\/wp\/v2\/pages\/2571"}],"wp:attachment":[{"href":"https:\/\/blog-bobika.eu\/index.php?rest_route=%2Fwp%2Fv2%2Fmedia&parent=2819"}],"curies":[{"name":"wp","href":"https:\/\/api.w.org\/{rel}","templated":true}]}}