{"id":2817,"date":"2015-09-18T22:02:17","date_gmt":"2015-09-18T20:02:17","guid":{"rendered":"http:\/\/blog-bobika.eu\/?page_id=2817"},"modified":"2015-09-18T22:02:17","modified_gmt":"2015-09-18T20:02:17","slug":"forte-piano","status":"publish","type":"page","link":"https:\/\/blog-bobika.eu\/?page_id=2817","title":{"rendered":"Forte-piano"},"content":{"rendered":"<p>Bobikowi w \u017c\u0142oby dano<br \/>\nw jednym forte, w drugim piano.<br \/>\nC\u00f3\u017c ma pocz\u0105\u0107 biedna psina?<br \/>\nI na jedno cieknie \u015blina,<br \/>\ni to drugie si\u0119 podoba,<br \/>\nlecz jak zagra\u0107 naraz oba,<br \/>\nlub wys\u0142ucha\u0107 r\u00f3wnocze\u015bnie?<br \/>\nTo si\u0119 uda tylko we \u015bnie,<br \/>\nnie na jawie, co si\u0119 \u0142udzi\u0107.<br \/>\nProsz\u0119 zatem mnie nie budzi\u0107,<br \/>\nbo wieczorem dzi\u015b mam w planie<br \/>\nsenn\u0105 gr\u0119 na forte-pianie.<\/p>\n","protected":false},"excerpt":{"rendered":"<p>Bobikowi w \u017c\u0142oby dano w jednym forte, w drugim piano. C\u00f3\u017c ma pocz\u0105\u0107 biedna psina? I na jedno cieknie \u015blina, i to drugie si\u0119 podoba, lecz jak zagra\u0107 naraz oba, lub wys\u0142ucha\u0107 r\u00f3wnocze\u015bnie? To si\u0119 uda tylko we \u015bnie, nie na jawie, co si\u0119 \u0142udzi\u0107. Prosz\u0119 zatem mnie nie budzi\u0107, bo wieczorem dzi\u015b mam w planie senn\u0105 gr\u0119 na forte-pianie.<\/p>\n","protected":false},"author":274,"featured_media":0,"parent":2571,"menu_order":0,"comment_status":"open","ping_status":"open","template":"wiersze_muzyczne.php","meta":{"footnotes":""},"class_list":["post-2817","page","type-page","status-publish","hentry"],"_links":{"self":[{"href":"https:\/\/blog-bobika.eu\/index.php?rest_route=\/wp\/v2\/pages\/2817","targetHints":{"allow":["GET"]}}],"collection":[{"href":"https:\/\/blog-bobika.eu\/index.php?rest_route=\/wp\/v2\/pages"}],"about":[{"href":"https:\/\/blog-bobika.eu\/index.php?rest_route=\/wp\/v2\/types\/page"}],"author":[{"embeddable":true,"href":"https:\/\/blog-bobika.eu\/index.php?rest_route=\/wp\/v2\/users\/274"}],"replies":[{"embeddable":true,"href":"https:\/\/blog-bobika.eu\/index.php?rest_route=%2Fwp%2Fv2%2Fcomments&post=2817"}],"version-history":[{"count":1,"href":"https:\/\/blog-bobika.eu\/index.php?rest_route=\/wp\/v2\/pages\/2817\/revisions"}],"predecessor-version":[{"id":2818,"href":"https:\/\/blog-bobika.eu\/index.php?rest_route=\/wp\/v2\/pages\/2817\/revisions\/2818"}],"up":[{"embeddable":true,"href":"https:\/\/blog-bobika.eu\/index.php?rest_route=\/wp\/v2\/pages\/2571"}],"wp:attachment":[{"href":"https:\/\/blog-bobika.eu\/index.php?rest_route=%2Fwp%2Fv2%2Fmedia&parent=2817"}],"curies":[{"name":"wp","href":"https:\/\/api.w.org\/{rel}","templated":true}]}}