{"id":2811,"date":"2015-09-18T21:55:14","date_gmt":"2015-09-18T19:55:14","guid":{"rendered":"http:\/\/blog-bobika.eu\/?page_id=2811"},"modified":"2015-09-18T21:55:14","modified_gmt":"2015-09-18T19:55:14","slug":"duch","status":"publish","type":"page","link":"https:\/\/blog-bobika.eu\/?page_id=2811","title":{"rendered":"Duch"},"content":{"rendered":"<p>Ponad wodami lata\u0142 duch,<br \/>\nchwilami sobie za\u0142ka\u0142,<br \/>\nbowiem nie w jednym i nie dw\u00f3ch,<br \/>\nlecz w wielu by\u0142 kawa\u0142kach.<\/p>\n<p>Gdy spyta\u0142 kto\u015b: kt\u00f3\u017c duchu, ci<br \/>\nte szkody zrobi\u0142 wra\u017ce?<br \/>\nduch j\u0119cza\u0142, drapi\u0105c si\u0119 do krwi:<br \/>\nno chyba, \u017ce malarze.<\/p>\n<p>A potem sycza\u0142, po\u015br\u00f3d w\u00f3d<br \/>\nsi\u0119 usi\u0142uj\u0105c skleci\u0107:<br \/>\nto piku\u015b! Nikt nie zada szk\u00f3d<br \/>\nmi takich jak poeci.<\/p>\n<p>Tu puszcza\u0142 oko, rusza\u0142 brwi\u0105<br \/>\ni miny robi\u0142 dziwne,<br \/>\nchc\u0105c rzec: duchowe szkody s\u0105<br \/>\nna og\u00f3\u0142 relatywne.<\/p>\n<p>C\u00f3\u017c wi\u0119c, \u017ce malowanie trwa<br \/>\ni fortepiano zagra?<br \/>\nWszak gorsza moczanowa dna<br \/>\n(poetycko: podagra).<\/p>\n","protected":false},"excerpt":{"rendered":"<p>Ponad wodami lata\u0142 duch, chwilami sobie za\u0142ka\u0142, bowiem nie w jednym i nie dw\u00f3ch, lecz w wielu by\u0142 kawa\u0142kach. Gdy spyta\u0142 kto\u015b: kt\u00f3\u017c duchu, ci te szkody zrobi\u0142 wra\u017ce? duch j\u0119cza\u0142, drapi\u0105c si\u0119 do krwi: no chyba, \u017ce malarze. A potem sycza\u0142, po\u015br\u00f3d w\u00f3d si\u0119 usi\u0142uj\u0105c skleci\u0107: to piku\u015b! Nikt nie zada szk\u00f3d mi takich jak poeci. Tu puszcza\u0142 oko, rusza\u0142 brwi\u0105 i miny robi\u0142 dziwne, chc\u0105c rzec: duchowe szkody s\u0105 na og\u00f3\u0142 relatywne. C\u00f3\u017c wi\u0119c, \u017ce malowanie trwa i fortepiano zagra? Wszak gorsza moczanowa dna (poetycko: podagra).<\/p>\n","protected":false},"author":274,"featured_media":0,"parent":2571,"menu_order":0,"comment_status":"open","ping_status":"open","template":"wiersze_muzyczne.php","meta":{"footnotes":""},"class_list":["post-2811","page","type-page","status-publish","hentry"],"_links":{"self":[{"href":"https:\/\/blog-bobika.eu\/index.php?rest_route=\/wp\/v2\/pages\/2811","targetHints":{"allow":["GET"]}}],"collection":[{"href":"https:\/\/blog-bobika.eu\/index.php?rest_route=\/wp\/v2\/pages"}],"about":[{"href":"https:\/\/blog-bobika.eu\/index.php?rest_route=\/wp\/v2\/types\/page"}],"author":[{"embeddable":true,"href":"https:\/\/blog-bobika.eu\/index.php?rest_route=\/wp\/v2\/users\/274"}],"replies":[{"embeddable":true,"href":"https:\/\/blog-bobika.eu\/index.php?rest_route=%2Fwp%2Fv2%2Fcomments&post=2811"}],"version-history":[{"count":1,"href":"https:\/\/blog-bobika.eu\/index.php?rest_route=\/wp\/v2\/pages\/2811\/revisions"}],"predecessor-version":[{"id":2812,"href":"https:\/\/blog-bobika.eu\/index.php?rest_route=\/wp\/v2\/pages\/2811\/revisions\/2812"}],"up":[{"embeddable":true,"href":"https:\/\/blog-bobika.eu\/index.php?rest_route=\/wp\/v2\/pages\/2571"}],"wp:attachment":[{"href":"https:\/\/blog-bobika.eu\/index.php?rest_route=%2Fwp%2Fv2%2Fmedia&parent=2811"}],"curies":[{"name":"wp","href":"https:\/\/api.w.org\/{rel}","templated":true}]}}