{"id":2807,"date":"2015-09-18T21:50:53","date_gmt":"2015-09-18T19:50:53","guid":{"rendered":"http:\/\/blog-bobika.eu\/?page_id=2807"},"modified":"2015-09-18T21:50:53","modified_gmt":"2015-09-18T19:50:53","slug":"buckingham","status":"publish","type":"page","link":"https:\/\/blog-bobika.eu\/?page_id=2807","title":{"rendered":"Buckingham"},"content":{"rendered":"<p>Zadr\u017ca\u0142 Buckingham Palace i rumie\u0144cem sp\u0142on\u0105\u0142,<br \/>\ngdy o TAKIEJ wizycie go zawiadomiono.<br \/>\nI dalej\u017ce si\u0119 czy\u015bci\u0107 i robi\u0107 porz\u0105dki,<br \/>\ntudzie\u017c zawzi\u0119cie plewi\u0107 pa\u0142acowe grz\u0105dki.<br \/>\nKr\u00f3lowa, chocia\u017c wprawna w swoich obowi\u0105zkach,<br \/>\n\u0107wiczy przed lustrem miny, s\u0142odko pr\u00f3bnie kl\u0105ska,<br \/>\n\u017ceby wra\u017cenie sprawi\u0107 z mo\u017cliwych najlepsze.<br \/>\nCho\u0107 wizyta na szczeblu, nie martwi\u0105 si\u0119 wieprze,<br \/>\nni wo\u0142y, ni barany, bo rzek\u0142a kr\u00f3lowa:<br \/>\n&#8222;kuchnia ma by\u0107 bezmi\u0119sna, czysto jarzynowa,<br \/>\n\u017caden zwierz \u0142ba tym razem nie z\u0142o\u017cy pod top\u00f3r,<br \/>\nto w Pani Kierowniczce budzi silny op\u00f3r,<br \/>\nwi\u0119c \u017cadnych rzezi, prosz\u0119.&#8221; Na s\u0142ynnych posadzkach<br \/>\nw szybkim ta\u0144cu froterka uwija si\u0119 gracka,<br \/>\ni bystro wyfraczeni biegaj\u0105 lokaje,<br \/>\ntrenuj\u0105c kunszt obs\u0142ugi, jak mi si\u0119 wydaje.<br \/>\nNajgorzej ma orkiestra, co w j\u0119kach i potach,<br \/>\nw przedzawa\u0142owym stanie po k\u0105tach si\u0119 miota.<br \/>\nZagra\u0107 przed Kierowniczk\u0105 to zaszczyt nie lada,<br \/>\nlecz gdy najmniejsza si\u0119 pomy\u0142ka zdarzy &#8211; biada!<\/p>\n<p>Ju\u017c przygotowa\u0144 wszelkich nast\u0119puje koniec,<br \/>\npogoda z nieba wali jak w jakiej Weronie,<br \/>\njeszcze fachowiec sprawdza elektryczn\u0105 trakcj\u0119,<br \/>\njeszcze s\u0142u\u017cby specjalne robi\u0105 szybk\u0105 akcj\u0119,<br \/>\npatrz\u0105c, czy w zakamarku \u017cadnym nie ma bomby<br \/>\ni wreszcie&#8230; Tak, to ona! Kierowniczka!<br \/>\nTROMBY!!!!!<\/p>\n","protected":false},"excerpt":{"rendered":"<p>Zadr\u017ca\u0142 Buckingham Palace i rumie\u0144cem sp\u0142on\u0105\u0142, gdy o TAKIEJ wizycie go zawiadomiono. I dalej\u017ce si\u0119 czy\u015bci\u0107 i robi\u0107 porz\u0105dki, tudzie\u017c zawzi\u0119cie plewi\u0107 pa\u0142acowe grz\u0105dki. Kr\u00f3lowa, chocia\u017c wprawna w swoich obowi\u0105zkach, \u0107wiczy przed lustrem miny, s\u0142odko pr\u00f3bnie kl\u0105ska, \u017ceby wra\u017cenie sprawi\u0107 z mo\u017cliwych najlepsze. Cho\u0107 wizyta na szczeblu, nie martwi\u0105 si\u0119 wieprze, ni wo\u0142y, ni barany, bo rzek\u0142a kr\u00f3lowa: &#8222;kuchnia ma by\u0107 bezmi\u0119sna, czysto jarzynowa, \u017caden zwierz \u0142ba tym razem nie z\u0142o\u017cy pod top\u00f3r, to w Pani Kierowniczce budzi silny op\u00f3r, wi\u0119c \u017cadnych rzezi, prosz\u0119.&#8221; Na s\u0142ynnych posadzkach w szybkim ta\u0144cu froterka uwija si\u0119 gracka, i bystro wyfraczeni biegaj\u0105 lokaje, trenuj\u0105c [&hellip;]<\/p>\n","protected":false},"author":274,"featured_media":0,"parent":2571,"menu_order":0,"comment_status":"open","ping_status":"open","template":"wiersze_muzyczne.php","meta":{"footnotes":""},"class_list":["post-2807","page","type-page","status-publish","hentry"],"_links":{"self":[{"href":"https:\/\/blog-bobika.eu\/index.php?rest_route=\/wp\/v2\/pages\/2807","targetHints":{"allow":["GET"]}}],"collection":[{"href":"https:\/\/blog-bobika.eu\/index.php?rest_route=\/wp\/v2\/pages"}],"about":[{"href":"https:\/\/blog-bobika.eu\/index.php?rest_route=\/wp\/v2\/types\/page"}],"author":[{"embeddable":true,"href":"https:\/\/blog-bobika.eu\/index.php?rest_route=\/wp\/v2\/users\/274"}],"replies":[{"embeddable":true,"href":"https:\/\/blog-bobika.eu\/index.php?rest_route=%2Fwp%2Fv2%2Fcomments&post=2807"}],"version-history":[{"count":1,"href":"https:\/\/blog-bobika.eu\/index.php?rest_route=\/wp\/v2\/pages\/2807\/revisions"}],"predecessor-version":[{"id":2808,"href":"https:\/\/blog-bobika.eu\/index.php?rest_route=\/wp\/v2\/pages\/2807\/revisions\/2808"}],"up":[{"embeddable":true,"href":"https:\/\/blog-bobika.eu\/index.php?rest_route=\/wp\/v2\/pages\/2571"}],"wp:attachment":[{"href":"https:\/\/blog-bobika.eu\/index.php?rest_route=%2Fwp%2Fv2%2Fmedia&parent=2807"}],"curies":[{"name":"wp","href":"https:\/\/api.w.org\/{rel}","templated":true}]}}