{"id":2804,"date":"2015-09-12T00:49:48","date_gmt":"2015-09-11T22:49:48","guid":{"rendered":"http:\/\/blog-bobika.eu\/?page_id=2804"},"modified":"2015-09-12T00:49:48","modified_gmt":"2015-09-11T22:49:48","slug":"lassie","status":"publish","type":"page","link":"https:\/\/blog-bobika.eu\/?page_id=2804","title":{"rendered":"Lassie"},"content":{"rendered":"<p>Lassie nie wraca ranki i wieczory,<br \/>\na\u017c trudno wszystkie je zliczy\u0107&#8230;<br \/>\nAuta na drogach i obok tu\u017c tory,<br \/>\na ta si\u0119 w\u0142\u00f3czy bez smyczy!<\/p>\n<p>Gdzie\u015b ty, o, Lassie? (Tu nuta si\u0119 t\u0119skna<br \/>\nzjawia w pos\u0119pnym mym wyciu.)<br \/>\nCzy\u015b do azylu trafi\u0142a, nieszcz\u0119sna,<br \/>\ni do dzi\u015b tkwisz w tym psim kiciu?<\/p>\n<p>Czy\u015b si\u0119 zada\u0142a z bezdomnych ps\u00f3w hord\u0105<br \/>\ni szukasz resztek w \u015bmietnikach?<br \/>\nczy traw\u0119 mo\u017ce gryziesz kr\u0119c\u0105c mord\u0105,<br \/>\na przy tym niby byk brykasz?<\/p>\n<p>Pomn\u0119, wtulony w tw\u0105 sier\u015b\u0107 moherow\u0105<br \/>\nroi\u0142em sobie b\u00f3gwico,<br \/>\na ty kud\u0142at\u0105 kiwa\u0142a\u015b mi g\u0142ow\u0105,<br \/>\nswym rodowodem si\u0119 szczyc\u0105c.<\/p>\n<p>Nad brzegiem rzeczki, naiwnym szczeni\u0119ciem<br \/>\nb\u0119d\u0105c, targa\u0142em twe uszy<br \/>\ni podgryza\u0142em twe pi\u0119ty zawzi\u0119cie,<br \/>\nby potem spocz\u0105\u0107 u gruszy.<\/p>\n<p>Cho\u0107 narzekali s\u0142owicy i szpacy,<br \/>\nnas si\u0119 trzyma\u0142y psie figle,<br \/>\nzw\u0142aszcza \u017ce udzia\u0142 w nich bra\u0142 te\u017c Pankracy,<br \/>\na by\u0142 to smok z du\u017cym biglem<\/p>\n<p>Gdzie niegdysiejsze podzia\u0142y si\u0119 \u015bniegi<br \/>\ni gdzie ta Lassie przepad\u0142a?<br \/>\nJe\u015bli w koszyszku u mego kolegi,<br \/>\nto bodaj dzi\u015b nic nie jad\u0142a!<\/p>\n<p>Zwykle tak mi\u0142e wszystkiego pocz\u0105tki&#8230;<br \/>\nWsio jasno. Hossa bez bessy.<br \/>\nA potem wrednie pl\u0105taj\u0105 si\u0119 w\u0105tki<br \/>\ni pami\u0119\u0107 zdradza. I Lassie.<\/p>\n","protected":false},"excerpt":{"rendered":"<p>Lassie nie wraca ranki i wieczory, a\u017c trudno wszystkie je zliczy\u0107&#8230; Auta na drogach i obok tu\u017c tory, a ta si\u0119 w\u0142\u00f3czy bez smyczy! Gdzie\u015b ty, o, Lassie? (Tu nuta si\u0119 t\u0119skna zjawia w pos\u0119pnym mym wyciu.) Czy\u015b do azylu trafi\u0142a, nieszcz\u0119sna, i do dzi\u015b tkwisz w tym psim kiciu? Czy\u015b si\u0119 zada\u0142a z bezdomnych ps\u00f3w hord\u0105 i szukasz resztek w \u015bmietnikach? czy traw\u0119 mo\u017ce gryziesz kr\u0119c\u0105c mord\u0105, a przy tym niby byk brykasz? Pomn\u0119, wtulony w tw\u0105 sier\u015b\u0107 moherow\u0105 roi\u0142em sobie b\u00f3gwico, a ty kud\u0142at\u0105 kiwa\u0142a\u015b mi g\u0142ow\u0105, swym rodowodem si\u0119 szczyc\u0105c. Nad brzegiem rzeczki, naiwnym szczeni\u0119ciem b\u0119d\u0105c, targa\u0142em [&hellip;]<\/p>\n","protected":false},"author":274,"featured_media":0,"parent":2565,"menu_order":0,"comment_status":"open","ping_status":"open","template":"wiersze_wypisy.php","meta":{"footnotes":""},"class_list":["post-2804","page","type-page","status-publish","hentry"],"_links":{"self":[{"href":"https:\/\/blog-bobika.eu\/index.php?rest_route=\/wp\/v2\/pages\/2804","targetHints":{"allow":["GET"]}}],"collection":[{"href":"https:\/\/blog-bobika.eu\/index.php?rest_route=\/wp\/v2\/pages"}],"about":[{"href":"https:\/\/blog-bobika.eu\/index.php?rest_route=\/wp\/v2\/types\/page"}],"author":[{"embeddable":true,"href":"https:\/\/blog-bobika.eu\/index.php?rest_route=\/wp\/v2\/users\/274"}],"replies":[{"embeddable":true,"href":"https:\/\/blog-bobika.eu\/index.php?rest_route=%2Fwp%2Fv2%2Fcomments&post=2804"}],"version-history":[{"count":1,"href":"https:\/\/blog-bobika.eu\/index.php?rest_route=\/wp\/v2\/pages\/2804\/revisions"}],"predecessor-version":[{"id":2805,"href":"https:\/\/blog-bobika.eu\/index.php?rest_route=\/wp\/v2\/pages\/2804\/revisions\/2805"}],"up":[{"embeddable":true,"href":"https:\/\/blog-bobika.eu\/index.php?rest_route=\/wp\/v2\/pages\/2565"}],"wp:attachment":[{"href":"https:\/\/blog-bobika.eu\/index.php?rest_route=%2Fwp%2Fv2%2Fmedia&parent=2804"}],"curies":[{"name":"wp","href":"https:\/\/api.w.org\/{rel}","templated":true}]}}