{"id":2802,"date":"2015-09-12T00:00:51","date_gmt":"2015-09-11T22:00:51","guid":{"rendered":"http:\/\/blog-bobika.eu\/?page_id=2802"},"modified":"2015-09-12T00:00:51","modified_gmt":"2015-09-11T22:00:51","slug":"zeitgeist","status":"publish","type":"page","link":"https:\/\/blog-bobika.eu\/?page_id=2802","title":{"rendered":"Zeitgeist"},"content":{"rendered":"<p>Podgl\u0105da\u0142 raz Bobik<br \/>\nZeitgeista w k\u0105pieli<br \/>\n(dziurk\u0119 w \u015bcianie \u017c\u0142obi\u0142<br \/>\nz pi\u0105tku do niedzieli).<\/p>\n<p>Zeitgeist do \u0142azienki<br \/>\ni odkr\u0119ca kurki,<br \/>\na bobicze oko<br \/>\nju\u017c w pobli\u017cu dziurki.<\/p>\n<p>Woda leci strug\u0105,<br \/>\nsp\u0142ywa smuga brudu,<br \/>\nale pod prysznicem<br \/>\ncia\u0142a ani dudu.<\/p>\n<p>Zacuka\u0142 si\u0119 Bobik,<br \/>\nmy\u015bli: alem gapa,<br \/>\nwszak tego Zeitgeista<br \/>\nnijak w z\u0119by z\u0142apa\u0107.<\/p>\n<p>Nawet cie\u0144 nie pada<br \/>\nna mokre kafelki&#8230;<br \/>\nLepiej przysz\u0142ym razem<br \/>\npodgl\u0105da\u0107 serdelki.<\/p>\n","protected":false},"excerpt":{"rendered":"<p>Podgl\u0105da\u0142 raz Bobik Zeitgeista w k\u0105pieli (dziurk\u0119 w \u015bcianie \u017c\u0142obi\u0142 z pi\u0105tku do niedzieli). Zeitgeist do \u0142azienki i odkr\u0119ca kurki, a bobicze oko ju\u017c w pobli\u017cu dziurki. Woda leci strug\u0105, sp\u0142ywa smuga brudu, ale pod prysznicem cia\u0142a ani dudu. Zacuka\u0142 si\u0119 Bobik, my\u015bli: alem gapa, wszak tego Zeitgeista nijak w z\u0119by z\u0142apa\u0107. Nawet cie\u0144 nie pada na mokre kafelki&#8230; Lepiej przysz\u0142ym razem podgl\u0105da\u0107 serdelki.<\/p>\n","protected":false},"author":274,"featured_media":0,"parent":2563,"menu_order":0,"comment_status":"open","ping_status":"open","template":"wiersze_PSB.php","meta":{"footnotes":""},"class_list":["post-2802","page","type-page","status-publish","hentry"],"_links":{"self":[{"href":"https:\/\/blog-bobika.eu\/index.php?rest_route=\/wp\/v2\/pages\/2802","targetHints":{"allow":["GET"]}}],"collection":[{"href":"https:\/\/blog-bobika.eu\/index.php?rest_route=\/wp\/v2\/pages"}],"about":[{"href":"https:\/\/blog-bobika.eu\/index.php?rest_route=\/wp\/v2\/types\/page"}],"author":[{"embeddable":true,"href":"https:\/\/blog-bobika.eu\/index.php?rest_route=\/wp\/v2\/users\/274"}],"replies":[{"embeddable":true,"href":"https:\/\/blog-bobika.eu\/index.php?rest_route=%2Fwp%2Fv2%2Fcomments&post=2802"}],"version-history":[{"count":1,"href":"https:\/\/blog-bobika.eu\/index.php?rest_route=\/wp\/v2\/pages\/2802\/revisions"}],"predecessor-version":[{"id":2803,"href":"https:\/\/blog-bobika.eu\/index.php?rest_route=\/wp\/v2\/pages\/2802\/revisions\/2803"}],"up":[{"embeddable":true,"href":"https:\/\/blog-bobika.eu\/index.php?rest_route=\/wp\/v2\/pages\/2563"}],"wp:attachment":[{"href":"https:\/\/blog-bobika.eu\/index.php?rest_route=%2Fwp%2Fv2%2Fmedia&parent=2802"}],"curies":[{"name":"wp","href":"https:\/\/api.w.org\/{rel}","templated":true}]}}