{"id":2793,"date":"2015-09-05T00:21:21","date_gmt":"2015-09-04T22:21:21","guid":{"rendered":"http:\/\/blog-bobika.eu\/?page_id=2793"},"modified":"2015-09-05T00:21:21","modified_gmt":"2015-09-04T22:21:21","slug":"aria-figara-cherubino-do-seminarium","status":"publish","type":"page","link":"https:\/\/blog-bobika.eu\/?page_id=2793","title":{"rendered":"Aria Figara- Cherubino do seminarium"},"content":{"rendered":"<p>Ju\u017c nie b\u0119dziesz, motylku skrzydlaty,<br \/>\nw militarne odziewa\u0142 si\u0119 szmaty,<br \/>\nteraz b\u0119dziesz odprawia\u0142 roraty,<br \/>\nw pe\u0142en z\u0142oce\u0144 przebierzesz si\u0119 str\u00f3j.<\/p>\n<p>Katechizmem zast\u0105pisz dwururk\u0119<br \/>\ni przekona\u0144 nabierzesz niezdrowych,<br \/>\nwygolon\u0105 mia\u0142 b\u0119dziesz tonsurk\u0119,<br \/>\nale b\u0119dziesz jak w armii bojowy,<br \/>\nale b\u0119dziesz jak w armii bojowy!<\/p>\n<p>Zmienisz si\u0119,<br \/>\nporo\u015bniesz w pi\u00f3rka,<br \/>\ng\u0142upstwa wbij\u0105<br \/>\nci do g\u0142owy,<br \/>\nci wbij\u0105 do g\u0142owy\u2026<\/p>\n<p>Ju\u017c nie b\u0119dziesz, motylku skrzydlaty,<br \/>\nmarnie\u0107 w\u015br\u00f3d poborowych pryszczatych,<br \/>\nbra\u0107 nie b\u0119dziesz ju\u017c fury na raty,<br \/>\nw seminarium wykujesz los tw\u00f3j!<\/p>\n","protected":false},"excerpt":{"rendered":"<p>Ju\u017c nie b\u0119dziesz, motylku skrzydlaty, w militarne odziewa\u0142 si\u0119 szmaty, teraz b\u0119dziesz odprawia\u0142 roraty, w pe\u0142en z\u0142oce\u0144 przebierzesz si\u0119 str\u00f3j. Katechizmem zast\u0105pisz dwururk\u0119 i przekona\u0144 nabierzesz niezdrowych, wygolon\u0105 mia\u0142 b\u0119dziesz tonsurk\u0119, ale b\u0119dziesz jak w armii bojowy, ale b\u0119dziesz jak w armii bojowy! Zmienisz si\u0119, poro\u015bniesz w pi\u00f3rka, g\u0142upstwa wbij\u0105 ci do g\u0142owy, ci wbij\u0105 do g\u0142owy\u2026 Ju\u017c nie b\u0119dziesz, motylku skrzydlaty, marnie\u0107 w\u015br\u00f3d poborowych pryszczatych, bra\u0107 nie b\u0119dziesz ju\u017c fury na raty, w seminarium wykujesz los tw\u00f3j!<\/p>\n","protected":false},"author":274,"featured_media":0,"parent":2571,"menu_order":0,"comment_status":"open","ping_status":"open","template":"wiersze_muzyczne.php","meta":{"footnotes":""},"class_list":["post-2793","page","type-page","status-publish","hentry"],"_links":{"self":[{"href":"https:\/\/blog-bobika.eu\/index.php?rest_route=\/wp\/v2\/pages\/2793","targetHints":{"allow":["GET"]}}],"collection":[{"href":"https:\/\/blog-bobika.eu\/index.php?rest_route=\/wp\/v2\/pages"}],"about":[{"href":"https:\/\/blog-bobika.eu\/index.php?rest_route=\/wp\/v2\/types\/page"}],"author":[{"embeddable":true,"href":"https:\/\/blog-bobika.eu\/index.php?rest_route=\/wp\/v2\/users\/274"}],"replies":[{"embeddable":true,"href":"https:\/\/blog-bobika.eu\/index.php?rest_route=%2Fwp%2Fv2%2Fcomments&post=2793"}],"version-history":[{"count":1,"href":"https:\/\/blog-bobika.eu\/index.php?rest_route=\/wp\/v2\/pages\/2793\/revisions"}],"predecessor-version":[{"id":2794,"href":"https:\/\/blog-bobika.eu\/index.php?rest_route=\/wp\/v2\/pages\/2793\/revisions\/2794"}],"up":[{"embeddable":true,"href":"https:\/\/blog-bobika.eu\/index.php?rest_route=\/wp\/v2\/pages\/2571"}],"wp:attachment":[{"href":"https:\/\/blog-bobika.eu\/index.php?rest_route=%2Fwp%2Fv2%2Fmedia&parent=2793"}],"curies":[{"name":"wp","href":"https:\/\/api.w.org\/{rel}","templated":true}]}}