{"id":2791,"date":"2015-09-04T23:49:33","date_gmt":"2015-09-04T21:49:33","guid":{"rendered":"http:\/\/blog-bobika.eu\/?page_id=2791"},"modified":"2015-09-04T23:49:33","modified_gmt":"2015-09-04T21:49:33","slug":"zwloki-andsola","status":"publish","type":"page","link":"https:\/\/blog-bobika.eu\/?page_id=2791","title":{"rendered":"Zw\u0142oki andsola"},"content":{"rendered":"<p>Na brazylijskiej oczach publiki<br \/>\nzw\u0142oki andsola id\u0105 z fabryki.<br \/>\nDeszcz tropikalny zacina w oko,<br \/>\noch, jak\u017ce ci\u0119\u017cko \u017cy\u0107 jest tym zw\u0142okom.<\/p>\n<p>Ca\u0142y dzie\u0144 w pyle, w maszyn \u0142omocie,<br \/>\nbez umys\u0142owych najmniejszych pociech,<br \/>\ntak by si\u0119 chcia\u0142o ksi\u0105\u017ck\u0119 poczyta\u0107,<br \/>\na tu nic z tego. Robi\u0107 i kwita.<\/p>\n<p>Ca\u0142kiem odpada piwko czy poker,<br \/>\nnie ma za bardzo jak gra\u0107 na zw\u0142ok\u0119,<br \/>\nbo ju\u017c nadzorca z pejczem si\u0119 sro\u017cy:<br \/>\npo to\u015b tu, by mi zysk\u00f3w przysporzy\u0107!<\/p>\n<p>Ech, rzuci\u0107 by to wszystko w choler\u0119,<br \/>\nuciec w ciepe\u0142ko na uniwerek,<br \/>\nprzesta\u0107 tak strasznie wypruwa\u0107 flaki&#8230;<br \/>\nLecz stawka! Stawka trzyma za fraki.<\/p>\n<p>Tak dzie\u0144 za dzionkiem zw\u0142oki andsola<br \/>\npoznaj\u0105, czym jest fabryczna dola,<br \/>\ntrac\u0105 elanu ostatnie skrawki<br \/>\ni tkwi\u0105, nieszcz\u0119sne, w niewoli stawki.<\/p>\n<p>A po godzinach, z g\u0142ow\u0105 spuszczon\u0105,<br \/>\npowoli id\u0105 na blog\u00f3w \u0142ono,<br \/>\ngdzie dokonuj\u0105 z b\u00f3lem odkrycia,<br \/>\n\u017ce ju\u017c w og\u00f3le nie maj\u0105 \u017cycia.<\/p>\n","protected":false},"excerpt":{"rendered":"<p>Na brazylijskiej oczach publiki zw\u0142oki andsola id\u0105 z fabryki. Deszcz tropikalny zacina w oko, och, jak\u017ce ci\u0119\u017cko \u017cy\u0107 jest tym zw\u0142okom. Ca\u0142y dzie\u0144 w pyle, w maszyn \u0142omocie, bez umys\u0142owych najmniejszych pociech, tak by si\u0119 chcia\u0142o ksi\u0105\u017ck\u0119 poczyta\u0107, a tu nic z tego. Robi\u0107 i kwita. Ca\u0142kiem odpada piwko czy poker, nie ma za bardzo jak gra\u0107 na zw\u0142ok\u0119, bo ju\u017c nadzorca z pejczem si\u0119 sro\u017cy: po to\u015b tu, by mi zysk\u00f3w przysporzy\u0107! Ech, rzuci\u0107 by to wszystko w choler\u0119, uciec w ciepe\u0142ko na uniwerek, przesta\u0107 tak strasznie wypruwa\u0107 flaki&#8230; Lecz stawka! Stawka trzyma za fraki. Tak dzie\u0144 za dzionkiem [&hellip;]<\/p>\n","protected":false},"author":274,"featured_media":0,"parent":2573,"menu_order":0,"comment_status":"open","ping_status":"open","template":"wiersze_osobowosci.php","meta":{"footnotes":""},"class_list":["post-2791","page","type-page","status-publish","hentry"],"_links":{"self":[{"href":"https:\/\/blog-bobika.eu\/index.php?rest_route=\/wp\/v2\/pages\/2791","targetHints":{"allow":["GET"]}}],"collection":[{"href":"https:\/\/blog-bobika.eu\/index.php?rest_route=\/wp\/v2\/pages"}],"about":[{"href":"https:\/\/blog-bobika.eu\/index.php?rest_route=\/wp\/v2\/types\/page"}],"author":[{"embeddable":true,"href":"https:\/\/blog-bobika.eu\/index.php?rest_route=\/wp\/v2\/users\/274"}],"replies":[{"embeddable":true,"href":"https:\/\/blog-bobika.eu\/index.php?rest_route=%2Fwp%2Fv2%2Fcomments&post=2791"}],"version-history":[{"count":1,"href":"https:\/\/blog-bobika.eu\/index.php?rest_route=\/wp\/v2\/pages\/2791\/revisions"}],"predecessor-version":[{"id":2792,"href":"https:\/\/blog-bobika.eu\/index.php?rest_route=\/wp\/v2\/pages\/2791\/revisions\/2792"}],"up":[{"embeddable":true,"href":"https:\/\/blog-bobika.eu\/index.php?rest_route=\/wp\/v2\/pages\/2573"}],"wp:attachment":[{"href":"https:\/\/blog-bobika.eu\/index.php?rest_route=%2Fwp%2Fv2%2Fmedia&parent=2791"}],"curies":[{"name":"wp","href":"https:\/\/api.w.org\/{rel}","templated":true}]}}