{"id":2789,"date":"2015-09-04T23:48:12","date_gmt":"2015-09-04T21:48:12","guid":{"rendered":"http:\/\/blog-bobika.eu\/?page_id=2789"},"modified":"2015-09-04T23:48:12","modified_gmt":"2015-09-04T21:48:12","slug":"zrobic-zeenowi-dobrze","status":"publish","type":"page","link":"https:\/\/blog-bobika.eu\/?page_id=2789","title":{"rendered":"Zrobic zeenowi dobrze"},"content":{"rendered":"<p>Gdy rankiem wsta\u0142em sobie,<br \/>\nobmy\u0142em z pyska obrz\u0119k,<br \/>\nwiedzia\u0142em ju\u017c co zrobi\u0119:<br \/>\nzrobi\u0119 zeenowi dobrze.<\/p>\n<p>Nie chc\u0119 wy\u015bmia\u0107 Hofmana,<br \/>\nani przy\u0142o\u017cy\u0107 Ziobrze,<br \/>\ninny mam plan od rana:<br \/>\nzrobi\u0107 zeenowi dobrze.<\/p>\n<p>Zwisa mi Unii przymus<br \/>\ni ile mo\u017cna \u0142owi\u0107,<br \/>\nja mam program minimum:<br \/>\nzrobi\u0107 dobrze zeenowi.<\/p>\n<p>Programu za\u015b ozdob\u0105<br \/>\njest ten ogromny atut &#8211;<br \/>\nzeenowi dobrze robi\u0105c,<br \/>\nrobi\u0119 wszak dobrze \u015bwiatu.<\/p>\n","protected":false},"excerpt":{"rendered":"<p>Gdy rankiem wsta\u0142em sobie, obmy\u0142em z pyska obrz\u0119k, wiedzia\u0142em ju\u017c co zrobi\u0119: zrobi\u0119 zeenowi dobrze. Nie chc\u0119 wy\u015bmia\u0107 Hofmana, ani przy\u0142o\u017cy\u0107 Ziobrze, inny mam plan od rana: zrobi\u0107 zeenowi dobrze. Zwisa mi Unii przymus i ile mo\u017cna \u0142owi\u0107, ja mam program minimum: zrobi\u0107 dobrze zeenowi. Programu za\u015b ozdob\u0105 jest ten ogromny atut &#8211; zeenowi dobrze robi\u0105c, robi\u0119 wszak dobrze \u015bwiatu.<\/p>\n","protected":false},"author":274,"featured_media":0,"parent":2573,"menu_order":0,"comment_status":"open","ping_status":"open","template":"wiersze_osobowosci.php","meta":{"footnotes":""},"class_list":["post-2789","page","type-page","status-publish","hentry"],"_links":{"self":[{"href":"https:\/\/blog-bobika.eu\/index.php?rest_route=\/wp\/v2\/pages\/2789","targetHints":{"allow":["GET"]}}],"collection":[{"href":"https:\/\/blog-bobika.eu\/index.php?rest_route=\/wp\/v2\/pages"}],"about":[{"href":"https:\/\/blog-bobika.eu\/index.php?rest_route=\/wp\/v2\/types\/page"}],"author":[{"embeddable":true,"href":"https:\/\/blog-bobika.eu\/index.php?rest_route=\/wp\/v2\/users\/274"}],"replies":[{"embeddable":true,"href":"https:\/\/blog-bobika.eu\/index.php?rest_route=%2Fwp%2Fv2%2Fcomments&post=2789"}],"version-history":[{"count":1,"href":"https:\/\/blog-bobika.eu\/index.php?rest_route=\/wp\/v2\/pages\/2789\/revisions"}],"predecessor-version":[{"id":2790,"href":"https:\/\/blog-bobika.eu\/index.php?rest_route=\/wp\/v2\/pages\/2789\/revisions\/2790"}],"up":[{"embeddable":true,"href":"https:\/\/blog-bobika.eu\/index.php?rest_route=\/wp\/v2\/pages\/2573"}],"wp:attachment":[{"href":"https:\/\/blog-bobika.eu\/index.php?rest_route=%2Fwp%2Fv2%2Fmedia&parent=2789"}],"curies":[{"name":"wp","href":"https:\/\/api.w.org\/{rel}","templated":true}]}}