{"id":2783,"date":"2015-09-04T23:45:06","date_gmt":"2015-09-04T21:45:06","guid":{"rendered":"http:\/\/blog-bobika.eu\/?page_id=2783"},"modified":"2015-09-04T23:45:06","modified_gmt":"2015-09-04T21:45:06","slug":"zeen-sum","status":"publish","type":"page","link":"https:\/\/blog-bobika.eu\/?page_id=2783","title":{"rendered":"Zeen-sum"},"content":{"rendered":"<p>\u017by\u0142 na blogach zeen w\u0105saty,<br \/>\nznakomity matematyk.<br \/>\nCzasem psu pomacha\u0142 ko\u015bci\u0105,<br \/>\nale jego specjalno\u015bci\u0105<br \/>\ng\u0142\u00f3wn\u0105 by\u0142o dodawanie.<br \/>\nKiedy zeen by\u0142 na Dywanie<br \/>\ni zabiera\u0142 si\u0119 do dzia\u0142a\u0144,<br \/>\nKierowniczka go b\u0142aga\u0142a:<br \/>\nzeenie, prosz\u0119 (mam powody!),<br \/>\nty odejmij troch\u0119 Dody,<br \/>\nalbo j\u0105 przez troje podziel &#8211;<br \/>\nto przyjemno\u015b\u0107 sprawi Dodzie,<br \/>\nbo to sztuka jest dopiero,<br \/>\nby przez trzy podzieli\u0107 zero!<br \/>\nLecz zeen tylko rusza\u0142 w\u0105sem<br \/>\ni dodawa\u0142 z oczopl\u0105sem,<br \/>\nsapa\u0142, dysza\u0142, w szyj\u0119 dawa\u0142,<br \/>\nlecz w wysi\u0142kach nie ustawa\u0142.<\/p>\n<p>Tak za rokiem roczek p\u0142yn\u0105\u0142,<br \/>\nju\u017c niejedno posz\u0142o wino<br \/>\n(a czasami nawet w\u00f3dka),<br \/>\nnieraz brzmia\u0142a ju\u017c pobutka,<br \/>\na zeen, uparciucha kawa\u0142,<br \/>\nwci\u0105\u017c dodaje jak dodawa\u0142&#8230;<\/p>\n","protected":false},"excerpt":{"rendered":"<p>\u017by\u0142 na blogach zeen w\u0105saty, znakomity matematyk. Czasem psu pomacha\u0142 ko\u015bci\u0105, ale jego specjalno\u015bci\u0105 g\u0142\u00f3wn\u0105 by\u0142o dodawanie. Kiedy zeen by\u0142 na Dywanie i zabiera\u0142 si\u0119 do dzia\u0142a\u0144, Kierowniczka go b\u0142aga\u0142a: zeenie, prosz\u0119 (mam powody!), ty odejmij troch\u0119 Dody, albo j\u0105 przez troje podziel &#8211; to przyjemno\u015b\u0107 sprawi Dodzie, bo to sztuka jest dopiero, by przez trzy podzieli\u0107 zero! Lecz zeen tylko rusza\u0142 w\u0105sem i dodawa\u0142 z oczopl\u0105sem, sapa\u0142, dysza\u0142, w szyj\u0119 dawa\u0142, lecz w wysi\u0142kach nie ustawa\u0142. Tak za rokiem roczek p\u0142yn\u0105\u0142, ju\u017c niejedno posz\u0142o wino (a czasami nawet w\u00f3dka), nieraz brzmia\u0142a ju\u017c pobutka, a zeen, uparciucha kawa\u0142, wci\u0105\u017c dodaje [&hellip;]<\/p>\n","protected":false},"author":274,"featured_media":0,"parent":2573,"menu_order":0,"comment_status":"open","ping_status":"open","template":"wiersze_osobowosci.php","meta":{"footnotes":""},"class_list":["post-2783","page","type-page","status-publish","hentry"],"_links":{"self":[{"href":"https:\/\/blog-bobika.eu\/index.php?rest_route=\/wp\/v2\/pages\/2783","targetHints":{"allow":["GET"]}}],"collection":[{"href":"https:\/\/blog-bobika.eu\/index.php?rest_route=\/wp\/v2\/pages"}],"about":[{"href":"https:\/\/blog-bobika.eu\/index.php?rest_route=\/wp\/v2\/types\/page"}],"author":[{"embeddable":true,"href":"https:\/\/blog-bobika.eu\/index.php?rest_route=\/wp\/v2\/users\/274"}],"replies":[{"embeddable":true,"href":"https:\/\/blog-bobika.eu\/index.php?rest_route=%2Fwp%2Fv2%2Fcomments&post=2783"}],"version-history":[{"count":1,"href":"https:\/\/blog-bobika.eu\/index.php?rest_route=\/wp\/v2\/pages\/2783\/revisions"}],"predecessor-version":[{"id":2784,"href":"https:\/\/blog-bobika.eu\/index.php?rest_route=\/wp\/v2\/pages\/2783\/revisions\/2784"}],"up":[{"embeddable":true,"href":"https:\/\/blog-bobika.eu\/index.php?rest_route=\/wp\/v2\/pages\/2573"}],"wp:attachment":[{"href":"https:\/\/blog-bobika.eu\/index.php?rest_route=%2Fwp%2Fv2%2Fmedia&parent=2783"}],"curies":[{"name":"wp","href":"https:\/\/api.w.org\/{rel}","templated":true}]}}