{"id":2781,"date":"2015-09-04T23:44:16","date_gmt":"2015-09-04T21:44:16","guid":{"rendered":"http:\/\/blog-bobika.eu\/?page_id=2781"},"modified":"2015-09-04T23:44:16","modified_gmt":"2015-09-04T21:44:16","slug":"zeen-podtekst","status":"publish","type":"page","link":"https:\/\/blog-bobika.eu\/?page_id=2781","title":{"rendered":"Zeen-podtekst"},"content":{"rendered":"<p>Idzie zeen. Podtekst\u00f3w<br \/>\npe\u0142ne ma kieszenie,<br \/>\na przez dziurk\u0119<br \/>\npodtekst ciurkiem<br \/>\nsypie si\u0119 za zeenem<\/p>\n<p>P\u0142ynie zeen przez morze<br \/>\n\u015bpiewa jak syrena,<br \/>\npodtekst ci\u0105\u017cy,<br \/>\nkiesze\u0144 dr\u0105\u017cy,<br \/>\nna dno ci\u0105gnie zeena.<\/p>\n<p>Wchodzi zeen na szczyt<br \/>\ngdzie\u015b w g\u00f3rach Atlasu,<br \/>\ntam przykuca,<br \/>\npodtekst zrzuca:<br \/>\nnie mam dla ci\u0119 czasu!<\/p>\n","protected":false},"excerpt":{"rendered":"<p>Idzie zeen. Podtekst\u00f3w pe\u0142ne ma kieszenie, a przez dziurk\u0119 podtekst ciurkiem sypie si\u0119 za zeenem P\u0142ynie zeen przez morze \u015bpiewa jak syrena, podtekst ci\u0105\u017cy, kiesze\u0144 dr\u0105\u017cy, na dno ci\u0105gnie zeena. Wchodzi zeen na szczyt gdzie\u015b w g\u00f3rach Atlasu, tam przykuca, podtekst zrzuca: nie mam dla ci\u0119 czasu!<\/p>\n","protected":false},"author":274,"featured_media":0,"parent":2573,"menu_order":0,"comment_status":"open","ping_status":"open","template":"wiersze_osobowosci.php","meta":{"footnotes":""},"class_list":["post-2781","page","type-page","status-publish","hentry"],"_links":{"self":[{"href":"https:\/\/blog-bobika.eu\/index.php?rest_route=\/wp\/v2\/pages\/2781","targetHints":{"allow":["GET"]}}],"collection":[{"href":"https:\/\/blog-bobika.eu\/index.php?rest_route=\/wp\/v2\/pages"}],"about":[{"href":"https:\/\/blog-bobika.eu\/index.php?rest_route=\/wp\/v2\/types\/page"}],"author":[{"embeddable":true,"href":"https:\/\/blog-bobika.eu\/index.php?rest_route=\/wp\/v2\/users\/274"}],"replies":[{"embeddable":true,"href":"https:\/\/blog-bobika.eu\/index.php?rest_route=%2Fwp%2Fv2%2Fcomments&post=2781"}],"version-history":[{"count":1,"href":"https:\/\/blog-bobika.eu\/index.php?rest_route=\/wp\/v2\/pages\/2781\/revisions"}],"predecessor-version":[{"id":2782,"href":"https:\/\/blog-bobika.eu\/index.php?rest_route=\/wp\/v2\/pages\/2781\/revisions\/2782"}],"up":[{"embeddable":true,"href":"https:\/\/blog-bobika.eu\/index.php?rest_route=\/wp\/v2\/pages\/2573"}],"wp:attachment":[{"href":"https:\/\/blog-bobika.eu\/index.php?rest_route=%2Fwp%2Fv2%2Fmedia&parent=2781"}],"curies":[{"name":"wp","href":"https:\/\/api.w.org\/{rel}","templated":true}]}}