{"id":2779,"date":"2015-09-04T23:43:29","date_gmt":"2015-09-04T21:43:29","guid":{"rendered":"http:\/\/blog-bobika.eu\/?page_id=2779"},"modified":"2015-09-04T23:43:30","modified_gmt":"2015-09-04T21:43:30","slug":"zeen-wiecznie-zywy","status":"publish","type":"page","link":"https:\/\/blog-bobika.eu\/?page_id=2779","title":{"rendered":"Zeen wiecznie \u017cywy"},"content":{"rendered":"<p>zeen zachorza\u0142 na afemi\u0119,<br \/>\nskrzyd\u0142a mu opad\u0142y,<br \/>\nwkr\u00f3tce b\u0119dzie ju\u017c gry\u017a\u0107 ziemi\u0119,<br \/>\nbo strasznie poblad\u0142y.<\/p>\n<p>Gdyby nogi mia\u0142 pod r\u0119k\u0105,<br \/>\nco si\u0119 czasem zdarza,<br \/>\nmo\u017ce m\u00f3g\u0142by jeszcze pr\u0119dko<br \/>\nskoczy\u0107 do lekarza.<\/p>\n<p>Lecz afemia &#8211; co za \u017ca\u0142o\u015b\u0107 &#8211;<br \/>\nz\u017car\u0142a mu ko\u0144czyny<br \/>\ni ju\u017c wkr\u00f3tce zeena cia\u0142o<br \/>\nskryj\u0105 oziminy.<\/p>\n<p>Nie pomo\u017ce \u017caden motor,<br \/>\nani inny \u015brodek,<br \/>\nwi\u0119c nad zeenem p\u0142acz, ho\u0142oto,<br \/>\nwylewaj z \u00f3cz wod\u0119!<\/p>\n<p>Bo jak kto\u015b si\u0119 nie pop\u0142acze,<br \/>\ninformacji nie wart,<br \/>\n\u017ce zeen wiecznie \u017cyw &#8211; inaczej,<br \/>\ncho\u0107 spod ziemi \u015bpiewa.<\/p>\n","protected":false},"excerpt":{"rendered":"<p>zeen zachorza\u0142 na afemi\u0119, skrzyd\u0142a mu opad\u0142y, wkr\u00f3tce b\u0119dzie ju\u017c gry\u017a\u0107 ziemi\u0119, bo strasznie poblad\u0142y. Gdyby nogi mia\u0142 pod r\u0119k\u0105, co si\u0119 czasem zdarza, mo\u017ce m\u00f3g\u0142by jeszcze pr\u0119dko skoczy\u0107 do lekarza. Lecz afemia &#8211; co za \u017ca\u0142o\u015b\u0107 &#8211; z\u017car\u0142a mu ko\u0144czyny i ju\u017c wkr\u00f3tce zeena cia\u0142o skryj\u0105 oziminy. Nie pomo\u017ce \u017caden motor, ani inny \u015brodek, wi\u0119c nad zeenem p\u0142acz, ho\u0142oto, wylewaj z \u00f3cz wod\u0119! Bo jak kto\u015b si\u0119 nie pop\u0142acze, informacji nie wart, \u017ce zeen wiecznie \u017cyw &#8211; inaczej, cho\u0107 spod ziemi \u015bpiewa.<\/p>\n","protected":false},"author":274,"featured_media":0,"parent":2573,"menu_order":0,"comment_status":"open","ping_status":"open","template":"wiersze_osobowosci.php","meta":{"footnotes":""},"class_list":["post-2779","page","type-page","status-publish","hentry"],"_links":{"self":[{"href":"https:\/\/blog-bobika.eu\/index.php?rest_route=\/wp\/v2\/pages\/2779","targetHints":{"allow":["GET"]}}],"collection":[{"href":"https:\/\/blog-bobika.eu\/index.php?rest_route=\/wp\/v2\/pages"}],"about":[{"href":"https:\/\/blog-bobika.eu\/index.php?rest_route=\/wp\/v2\/types\/page"}],"author":[{"embeddable":true,"href":"https:\/\/blog-bobika.eu\/index.php?rest_route=\/wp\/v2\/users\/274"}],"replies":[{"embeddable":true,"href":"https:\/\/blog-bobika.eu\/index.php?rest_route=%2Fwp%2Fv2%2Fcomments&post=2779"}],"version-history":[{"count":1,"href":"https:\/\/blog-bobika.eu\/index.php?rest_route=\/wp\/v2\/pages\/2779\/revisions"}],"predecessor-version":[{"id":2780,"href":"https:\/\/blog-bobika.eu\/index.php?rest_route=\/wp\/v2\/pages\/2779\/revisions\/2780"}],"up":[{"embeddable":true,"href":"https:\/\/blog-bobika.eu\/index.php?rest_route=\/wp\/v2\/pages\/2573"}],"wp:attachment":[{"href":"https:\/\/blog-bobika.eu\/index.php?rest_route=%2Fwp%2Fv2%2Fmedia&parent=2779"}],"curies":[{"name":"wp","href":"https:\/\/api.w.org\/{rel}","templated":true}]}}