{"id":2777,"date":"2015-09-04T23:42:17","date_gmt":"2015-09-04T21:42:17","guid":{"rendered":"http:\/\/blog-bobika.eu\/?page_id=2777"},"modified":"2015-09-04T23:42:17","modified_gmt":"2015-09-04T21:42:17","slug":"zeen-ukobiecony","status":"publish","type":"page","link":"https:\/\/blog-bobika.eu\/?page_id=2777","title":{"rendered":"Zeen ukobiecony"},"content":{"rendered":"<p>Idzie zeen raniutko pust\u0105 jeszcze wioch\u0105,<br \/>\nna sw\u00f3j bujny biu\u015bcik spogl\u0105da z radoch\u0105,<br \/>\nz wielkim si\u0119 zachwytem g\u0142adzi po macicy,<br \/>\na\u017c cmokanie s\u0142ycha\u0107 w ca\u0142ej okolicy.<\/p>\n<p>Wyleg\u0142y na drog\u0119 ch\u0142opy, silne draby:<br \/>\ndrugiej takiej cudnej nie ma w wiosce baby.<br \/>\nKom\u00f3rkami zaraz j\u0119li cyka\u0107 zdj\u0119cia &#8211;<br \/>\nlaska z ciebie zeenie, p\u00f3jd\u017a w nasze obj\u0119cia.<\/p>\n<p>Zeen si\u0119 zarumieni\u0142, duma go a\u017c wzdyma:<br \/>\npewnie moj\u0105 \u017ce\u0144sko\u015b\u0107 poznali po rymach,<br \/>\nhonory oddaj\u0105 niby cesarz\u00f3wnie&#8230;<br \/>\nBosko by\u0107 kobiet\u0105, cho\u0107 zeenem jak r\u00f3wnie\u017c.<\/p>\n","protected":false},"excerpt":{"rendered":"<p>Idzie zeen raniutko pust\u0105 jeszcze wioch\u0105, na sw\u00f3j bujny biu\u015bcik spogl\u0105da z radoch\u0105, z wielkim si\u0119 zachwytem g\u0142adzi po macicy, a\u017c cmokanie s\u0142ycha\u0107 w ca\u0142ej okolicy. Wyleg\u0142y na drog\u0119 ch\u0142opy, silne draby: drugiej takiej cudnej nie ma w wiosce baby. Kom\u00f3rkami zaraz j\u0119li cyka\u0107 zdj\u0119cia &#8211; laska z ciebie zeenie, p\u00f3jd\u017a w nasze obj\u0119cia. Zeen si\u0119 zarumieni\u0142, duma go a\u017c wzdyma: pewnie moj\u0105 \u017ce\u0144sko\u015b\u0107 poznali po rymach, honory oddaj\u0105 niby cesarz\u00f3wnie&#8230; Bosko by\u0107 kobiet\u0105, cho\u0107 zeenem jak r\u00f3wnie\u017c.<\/p>\n","protected":false},"author":274,"featured_media":0,"parent":2573,"menu_order":0,"comment_status":"open","ping_status":"open","template":"wiersze_osobowosci.php","meta":{"footnotes":""},"class_list":["post-2777","page","type-page","status-publish","hentry"],"_links":{"self":[{"href":"https:\/\/blog-bobika.eu\/index.php?rest_route=\/wp\/v2\/pages\/2777","targetHints":{"allow":["GET"]}}],"collection":[{"href":"https:\/\/blog-bobika.eu\/index.php?rest_route=\/wp\/v2\/pages"}],"about":[{"href":"https:\/\/blog-bobika.eu\/index.php?rest_route=\/wp\/v2\/types\/page"}],"author":[{"embeddable":true,"href":"https:\/\/blog-bobika.eu\/index.php?rest_route=\/wp\/v2\/users\/274"}],"replies":[{"embeddable":true,"href":"https:\/\/blog-bobika.eu\/index.php?rest_route=%2Fwp%2Fv2%2Fcomments&post=2777"}],"version-history":[{"count":1,"href":"https:\/\/blog-bobika.eu\/index.php?rest_route=\/wp\/v2\/pages\/2777\/revisions"}],"predecessor-version":[{"id":2778,"href":"https:\/\/blog-bobika.eu\/index.php?rest_route=\/wp\/v2\/pages\/2777\/revisions\/2778"}],"up":[{"embeddable":true,"href":"https:\/\/blog-bobika.eu\/index.php?rest_route=\/wp\/v2\/pages\/2573"}],"wp:attachment":[{"href":"https:\/\/blog-bobika.eu\/index.php?rest_route=%2Fwp%2Fv2%2Fmedia&parent=2777"}],"curies":[{"name":"wp","href":"https:\/\/api.w.org\/{rel}","templated":true}]}}