{"id":2775,"date":"2015-09-04T23:40:14","date_gmt":"2015-09-04T21:40:14","guid":{"rendered":"http:\/\/blog-bobika.eu\/?page_id=2775"},"modified":"2015-09-04T23:40:14","modified_gmt":"2015-09-04T21:40:14","slug":"zeen-na-palu","status":"publish","type":"page","link":"https:\/\/blog-bobika.eu\/?page_id=2775","title":{"rendered":"Zeen na palu"},"content":{"rendered":"<p>Na palu zeen sterczy, pie\u015b\u0144 \u015bpiewa radosn\u0105,<br \/>\nnareszcie ma to, co tak lubi,<br \/>\nz wysoka ogl\u0105da Dzier\u017coni\u00f3w i Krosno,<br \/>\ni Rypin, i Le\u017cajsk, i Gubin.<br \/>\nNa palu b\u0142ahostka nie rusza ju\u017c cz\u0142eka,<br \/>\nprzyciasny cu\u015b pas, czy \u0142eb siwy,<br \/>\nbo czym tu si\u0119 martwi\u0107 i na co narzeka\u0107,<br \/>\ngdy takie si\u0119 ma perspektywy.<br \/>\nJak dobrze, zeen my\u015bli, \u017cem pyszczy\u0142 na przek\u00f3r,<br \/>\n\u017cem ostry by\u0142 niby wasabi,<br \/>\nbo gdybym publiki nie przywi\u00f3d\u0142 do w\u015bcieku,<br \/>\nna pal by mnie Bobik nie nabi\u0142.<br \/>\nKto\u015b inny to le\u017cy jak drewno pod piecem,<br \/>\nlub k\u0142apnie co\u015b raz i po balu,<br \/>\na ja takim wichrem przez blogi przelec\u0119,<br \/>\n\u017ce nieraz l\u0105duj\u0119 na palu.<br \/>\nLudziska jak mr\u00f3wki biegaj\u0105 gdzie\u015b w dali,<br \/>\nza ma\u0142e s\u0105, \u017ceby mi fika\u0107,<br \/>\nlecz jeden jest feler: gdy nie ma co pali\u0107,<br \/>\nto nikt mi nie poda pecika.<br \/>\nWi\u0119c tkwienia tam w g\u00f3rze s\u0105 plusy dodatnie,<br \/>\nlecz tak\u017ce minusy ujemne<br \/>\ni na pal si\u0119 pchaj\u0105c niejeden si\u0119 natnie,<br \/>\ngdy s\u0105dzi, \u017ce to tak przyjemne.<\/p>\n","protected":false},"excerpt":{"rendered":"<p>Na palu zeen sterczy, pie\u015b\u0144 \u015bpiewa radosn\u0105, nareszcie ma to, co tak lubi, z wysoka ogl\u0105da Dzier\u017coni\u00f3w i Krosno, i Rypin, i Le\u017cajsk, i Gubin. Na palu b\u0142ahostka nie rusza ju\u017c cz\u0142eka, przyciasny cu\u015b pas, czy \u0142eb siwy, bo czym tu si\u0119 martwi\u0107 i na co narzeka\u0107, gdy takie si\u0119 ma perspektywy. Jak dobrze, zeen my\u015bli, \u017cem pyszczy\u0142 na przek\u00f3r, \u017cem ostry by\u0142 niby wasabi, bo gdybym publiki nie przywi\u00f3d\u0142 do w\u015bcieku, na pal by mnie Bobik nie nabi\u0142. Kto\u015b inny to le\u017cy jak drewno pod piecem, lub k\u0142apnie co\u015b raz i po balu, a ja takim wichrem przez blogi [&hellip;]<\/p>\n","protected":false},"author":274,"featured_media":0,"parent":2573,"menu_order":0,"comment_status":"open","ping_status":"open","template":"wiersze_osobowosci.php","meta":{"footnotes":""},"class_list":["post-2775","page","type-page","status-publish","hentry"],"_links":{"self":[{"href":"https:\/\/blog-bobika.eu\/index.php?rest_route=\/wp\/v2\/pages\/2775","targetHints":{"allow":["GET"]}}],"collection":[{"href":"https:\/\/blog-bobika.eu\/index.php?rest_route=\/wp\/v2\/pages"}],"about":[{"href":"https:\/\/blog-bobika.eu\/index.php?rest_route=\/wp\/v2\/types\/page"}],"author":[{"embeddable":true,"href":"https:\/\/blog-bobika.eu\/index.php?rest_route=\/wp\/v2\/users\/274"}],"replies":[{"embeddable":true,"href":"https:\/\/blog-bobika.eu\/index.php?rest_route=%2Fwp%2Fv2%2Fcomments&post=2775"}],"version-history":[{"count":1,"href":"https:\/\/blog-bobika.eu\/index.php?rest_route=\/wp\/v2\/pages\/2775\/revisions"}],"predecessor-version":[{"id":2776,"href":"https:\/\/blog-bobika.eu\/index.php?rest_route=\/wp\/v2\/pages\/2775\/revisions\/2776"}],"up":[{"embeddable":true,"href":"https:\/\/blog-bobika.eu\/index.php?rest_route=\/wp\/v2\/pages\/2573"}],"wp:attachment":[{"href":"https:\/\/blog-bobika.eu\/index.php?rest_route=%2Fwp%2Fv2%2Fmedia&parent=2775"}],"curies":[{"name":"wp","href":"https:\/\/api.w.org\/{rel}","templated":true}]}}